{"id":290,"date":"2020-07-16T21:35:57","date_gmt":"2020-07-16T19:35:57","guid":{"rendered":"https:\/\/hugas.lt\/?post_type=product&#038;p=290"},"modified":"2025-11-27T11:03:10","modified_gmt":"2025-11-27T09:03:10","slug":"metalsistem-sandelio-stelazas-bazine-dalis","status":"publish","type":"product","link":"https:\/\/hugas.lt\/en\/product\/metalsistem-sandelio-stelazas-bazine-dalis\/","title":{"rendered":"Sand\u0117lio stela\u017eas, bazinis. Lentynos apkrova nuo 140 iki 350"},"content":{"rendered":"<h1><strong>Auk\u0161tos kokyb\u0117s sand\u0117lio stela\u017eas \u2013 patikima sistema tvarkingam sand\u0117liavimui<\/strong><\/h1>\n<p data-start=\"297\" data-end=\"618\"><strong data-start=\"297\" data-end=\"318\">Sand\u0117lio stela\u017eas<\/strong> \u2013 tai universali, patvari ir efektyvi laikymo sistema, skirta tiek ma\u017eoms dirbtuv\u0117ms, tiek dideliems sand\u0117liams ar komercin\u0117ms erdv\u0117ms. Jei ie\u0161kote sprendimo, kuris pad\u0117t\u0173 <strong data-start=\"491\" data-end=\"525\">optimizuoti sand\u0117liavimo viet\u0105<\/strong>, u\u017etikrint\u0173 tvark\u0105 ir atlaikyt\u0173 net labai didel\u012f svor\u012f, \u0161is stela\u017eas \u2013 idealus pasirinkimas.<\/p>\n<h2 data-start=\"620\" data-end=\"667\"><strong data-start=\"623\" data-end=\"667\">Kod\u0117l verta rinktis \u0161\u012f sand\u0117lio stela\u017e\u0105?<\/strong><\/h2>\n<h3 data-start=\"669\" data-end=\"703\"><strong data-start=\"673\" data-end=\"703\">\u2713 Ypa\u010d tvirta konstrukcija<\/strong><\/h3>\n<p data-start=\"704\" data-end=\"887\">Pagamintas i\u0161 auk\u0161tos kokyb\u0117s cinkuoto plieno, \u0161is sand\u0117lio stela\u017eas pasi\u017eymi <strong data-start=\"773\" data-end=\"823\">padidintu stabilumu ir atsparumu deformacijoms<\/strong>. Tai produktas, sukurtas ilgalaikiam ir intensyviam naudojimui.<\/p>\n<h3 data-start=\"889\" data-end=\"928\"><strong data-start=\"893\" data-end=\"928\">\u2713 Reguliuojamo auk\u0161\u010dio lentynos<\/strong><\/h3>\n<p data-start=\"929\" data-end=\"1086\">Lentynas galite lengvai perstatyti pagal savo poreikius \u2013 taip maksimaliai i\u0161naudosite turim\u0105 sand\u0117liavimo erdv\u0119, nepriklausomai nuo daikt\u0173 dyd\u017eio ar svorio.<\/p>\n<h3 data-start=\"1088\" data-end=\"1120\"><strong data-start=\"1092\" data-end=\"1120\">\u2713 Didel\u0117 keliamoji galia<\/strong><\/h3>\n<p data-start=\"1121\" data-end=\"1326\">Kiekviena lentyna atlaiko iki keli\u0173 \u0161imt\u0173 kilogram\u0173 svorio, tod\u0117l sand\u0117lio stela\u017eas puikiai tinka <strong data-start=\"1219\" data-end=\"1293\">\u012frankiams, d\u0117\u017e\u0117ms, \u012frangai, automobili\u0173 dalims, statybin\u0117ms med\u017eiagoms<\/strong> ir kitiems sunkesniems daiktams.<\/p>\n<h3 data-start=\"1328\" data-end=\"1369\"><strong data-start=\"1332\" data-end=\"1369\">\u2713 Greitas ir paprastas surinkimas<\/strong><\/h3>\n<p data-start=\"1370\" data-end=\"1504\">Stela\u017eas surenkamas be sud\u0117ting\u0173 \u012franki\u0173 \u2013 visk\u0105 padarysite greitai ir patogiai. Tvirta konstrukcija garantuoja saugum\u0105 bei stabilum\u0105. Bevar\u017etis surinkimas garantuoja patog\u0173 surinkim\u0105.<\/p>\n<h3 data-start=\"1506\" data-end=\"1539\"><strong data-start=\"1510\" data-end=\"1539\">\u2713 Universalus pritaikymas<\/strong><\/h3>\n<p data-start=\"1540\" data-end=\"1546\">Tinka:<\/p>\n<ul data-start=\"1547\" data-end=\"1680\">\n<li data-start=\"1547\" data-end=\"1561\">\n<p data-start=\"1549\" data-end=\"1561\">sand\u0117liams<\/p>\n<\/li>\n<li data-start=\"1562\" data-end=\"1574\">\n<p data-start=\"1564\" data-end=\"1574\">gara\u017eams<\/p>\n<\/li>\n<li data-start=\"1575\" data-end=\"1589\">\n<p data-start=\"1577\" data-end=\"1589\">dirbtuv\u0117ms<\/p>\n<\/li>\n<li data-start=\"1590\" data-end=\"1615\">\n<p data-start=\"1592\" data-end=\"1615\">komercin\u0117ms patalpoms<\/p>\n<\/li>\n<li data-start=\"1616\" data-end=\"1680\">\n<p data-start=\"1618\" data-end=\"1680\">nam\u0173 \u016bkiui, kuriam reikia tvarkingos ir saugios laikymo vietos<\/p>\n<\/li>\n<\/ul>\n<hr data-start=\"1682\" data-end=\"1685\" \/>\n<h2 data-start=\"1687\" data-end=\"1718\"><strong data-start=\"1690\" data-end=\"1718\">Pagrindiniai privalumai:<\/strong><\/h2>\n<ul data-start=\"1720\" data-end=\"1900\">\n<li data-start=\"1720\" data-end=\"1747\">\n<p data-start=\"1722\" data-end=\"1747\">Auk\u0161tos kokyb\u0117s cinkuotas plienas<\/p>\n<\/li>\n<li data-start=\"1748\" data-end=\"1781\">\n<p data-start=\"1750\" data-end=\"1781\">Reguliuojamas lentyn\u0173 auk\u0161tis<\/p>\n<\/li>\n<li data-start=\"1782\" data-end=\"1808\">\n<p data-start=\"1784\" data-end=\"1808\">Didel\u0117 keliamoji galia<\/p>\n<\/li>\n<li data-start=\"1809\" data-end=\"1834\">\n<p data-start=\"1811\" data-end=\"1834\">Patikima konstrukcija<\/p>\n<\/li>\n<li data-start=\"1835\" data-end=\"1857\">\n<p data-start=\"1837\" data-end=\"1857\">Lengvas surinkimas<\/p>\n<\/li>\n<li data-start=\"1858\" data-end=\"1900\">\n<p data-start=\"1860\" data-end=\"1900\">Ilgaam\u017ei\u0161kumas ir atsparumas korozijai<\/p>\n<\/li>\n<\/ul>\n<hr data-start=\"1902\" data-end=\"1905\" \/>\n<h2 data-start=\"1907\" data-end=\"1971\"><strong data-start=\"1910\" data-end=\"1971\">Kod\u0117l \u0161is sand\u0117lio stela\u017eas \u2013 geriausias sprendimas Jums?<\/strong><\/h2>\n<p data-start=\"1973\" data-end=\"2260\">Daugiau nei 10 met\u0173 patirtis leid\u017eia teigti vien\u0105 dalyk\u0105 \u2013 pirk\u0117jai ie\u0161ko <em data-start=\"2051\" data-end=\"2067\">ne tik stela\u017eo<\/em>, bet <strong data-start=\"2073\" data-end=\"2086\">sprendimo<\/strong>, kuris u\u017etikrint\u0173 tvark\u0105, saugojimo patogum\u0105 ir patikimum\u0105. \u0160is sand\u0117lio stela\u017eas b\u016btent tai ir suteikia: maksimal\u0173 funkcionalum\u0105, saugum\u0105 ir komfort\u0105 kasdieniam naudojimui.<\/p>\n<p data-start=\"2262\" data-end=\"2411\">Jeigu norite <strong data-start=\"2275\" data-end=\"2372\">sutaupyti erdv\u0117s, padidinti darbo efektyvum\u0105 ir investuoti \u012f ilgalaik\u012f sand\u0117liavimo sprendim\u0105<\/strong>, \u0161is stela\u017eas yra puikus pasirinkimas.<\/p>\n<p data-start=\"2262\" data-end=\"2411\">\n<p data-start=\"2262\" data-end=\"2411\"><img decoding=\"async\" class=\"alignnone  wp-image-13347\" src=\"https:\/\/hugas.lt\/wp-content\/uploads\/2020\/07\/IMG_4834-scaled.jpeg\" alt=\"\" width=\"902\" height=\"677\" srcset=\"https:\/\/hugas.lt\/wp-content\/uploads\/2020\/07\/IMG_4834-scaled.jpeg 2560w, https:\/\/hugas.lt\/wp-content\/uploads\/2020\/07\/IMG_4834-300x225.jpeg 300w, https:\/\/hugas.lt\/wp-content\/uploads\/2020\/07\/IMG_4834-1024x768.jpeg 1024w, https:\/\/hugas.lt\/wp-content\/uploads\/2020\/07\/IMG_4834-768x576.jpeg 768w, https:\/\/hugas.lt\/wp-content\/uploads\/2020\/07\/IMG_4834-1536x1152.jpeg 1536w, https:\/\/hugas.lt\/wp-content\/uploads\/2020\/07\/IMG_4834-2048x1536.jpeg 2048w, https:\/\/hugas.lt\/wp-content\/uploads\/2020\/07\/IMG_4834-16x12.jpeg 16w, https:\/\/hugas.lt\/wp-content\/uploads\/2020\/07\/IMG_4834-510x383.jpeg 510w, https:\/\/hugas.lt\/wp-content\/uploads\/2020\/07\/IMG_4834-64x48.jpeg 64w\" sizes=\"(max-width: 902px) 100vw, 902px\" \/> <img decoding=\"async\" class=\"alignnone  wp-image-13348\" src=\"https:\/\/hugas.lt\/wp-content\/uploads\/2020\/07\/IMG_3755-scaled.jpeg\" alt=\"\" width=\"903\" height=\"678\" srcset=\"https:\/\/hugas.lt\/wp-content\/uploads\/2020\/07\/IMG_3755-scaled.jpeg 2560w, https:\/\/hugas.lt\/wp-content\/uploads\/2020\/07\/IMG_3755-300x225.jpeg 300w, https:\/\/hugas.lt\/wp-content\/uploads\/2020\/07\/IMG_3755-1024x768.jpeg 1024w, https:\/\/hugas.lt\/wp-content\/uploads\/2020\/07\/IMG_3755-768x576.jpeg 768w, https:\/\/hugas.lt\/wp-content\/uploads\/2020\/07\/IMG_3755-1536x1152.jpeg 1536w, https:\/\/hugas.lt\/wp-content\/uploads\/2020\/07\/IMG_3755-2048x1536.jpeg 2048w, https:\/\/hugas.lt\/wp-content\/uploads\/2020\/07\/IMG_3755-16x12.jpeg 16w, https:\/\/hugas.lt\/wp-content\/uploads\/2020\/07\/IMG_3755-510x383.jpeg 510w, https:\/\/hugas.lt\/wp-content\/uploads\/2020\/07\/IMG_3755-64x48.jpeg 64w\" sizes=\"(max-width: 903px) 100vw, 903px\" \/><\/p>\n<p data-start=\"2262\" data-end=\"2411\">\n<p>&nbsp;<\/p>","protected":false},"excerpt":{"rendered":"<p>Susikomplektuokite jums reikiam\u0105 bazin\u012f stela\u017e\u0105 pasirinkdami jo auk\u0161t\u012f, plot\u012f, gyl\u012f, lentyn\u0173 kiek\u012f. Norite jungti daugiau stela\u017e\u0173 \u012f vien\u0105 eil\u0119? Ne problema. Pasirinkite t\u0119stinius, jums reikiamus stela\u017eus ir lengvai suskai\u010diuosite kain\u0105.<\/p>\n<p>&nbsp;<\/p>","protected":false},"featured_media":7814,"comment_status":"open","ping_status":"closed","template":"","meta":[],"product_cat":[17,26],"product_tag":[],"_links":{"self":[{"href":"https:\/\/hugas.lt\/en\/wp-json\/wp\/v2\/product\/290"}],"collection":[{"href":"https:\/\/hugas.lt\/en\/wp-json\/wp\/v2\/product"}],"about":[{"href":"https:\/\/hugas.lt\/en\/wp-json\/wp\/v2\/types\/product"}],"replies":[{"embeddable":true,"href":"https:\/\/hugas.lt\/en\/wp-json\/wp\/v2\/comments?post=290"}],"wp:featuredmedia":[{"embeddable":true,"href":"https:\/\/hugas.lt\/en\/wp-json\/wp\/v2\/media\/7814"}],"wp:attachment":[{"href":"https:\/\/hugas.lt\/en\/wp-json\/wp\/v2\/media?parent=290"}],"wp:term":[{"taxonomy":"product_cat","embeddable":true,"href":"https:\/\/hugas.lt\/en\/wp-json\/wp\/v2\/product_cat?post=290"},{"taxonomy":"product_tag","embeddable":true,"href":"https:\/\/hugas.lt\/en\/wp-json\/wp\/v2\/product_tag?post=290"}],"curies":[{"name":"wp","href":"https:\/\/api.w.org\/{rel}","templated":true}]}}