{"id":1953,"date":"2020-08-06T13:45:24","date_gmt":"2020-08-06T11:45:24","guid":{"rendered":"https:\/\/hugas.lt\/?post_type=product&#038;p=1953"},"modified":"2024-11-10T01:30:25","modified_gmt":"2024-11-09T23:30:25","slug":"antresoles-dokumentu-spintoms-h440","status":"publish","type":"product","link":"https:\/\/hugas.lt\/en\/product\/antresoles-dokumentu-spintoms-h440\/","title":{"rendered":"Antresol\u0117s dokument\u0173 spintoms H440"},"content":{"rendered":"<h2>Antresol\u0117s dokument\u0173 spintoms<\/h2>\n<p>&nbsp;<\/p>\n<p>Tai labai tvirta, auk\u0161tos kokyb\u0117s spinta, kuri padidins daiktosaugos saugum\u0105 bei efektyvum\u0105 gamyklose bei kitose pramon\u0117s erdv\u0117se. Suvirintas spintos dizainas u\u017etikrina ypating\u0105 konstrukcijos tvirtum\u0105 ir patvarum\u0105. Tiek r\u0117mas, tiek durys yra milteliniu b\u016bdu da\u017eyti pilka spalva.<\/p>\n<p>Miltelinis padengimas sukuria atspar\u0173, \u0161veln\u0173 ir nesid\u0117vint\u012f pavir\u0161i\u0173. Metalin\u0117s spintos kojos \u2013 reguliuojamo auk\u0161\u010dio, tod\u0117l j\u0105 gal\u0117site pastatyti stabiliai net ant nelygaus pavir\u0161iaus. Joje yra penkios lentynos, kuri viena &#8211; spintos pagrindas. Keturios likusios lentynos gali b\u016bti montuojamos 40 mm intervalais. Svor\u012f paskirs\u010dius tolygiai, maksimali kiekvienos lentynos apkrova siekia 70 kg.<\/p>\n<p>Papildomos lentynos parduodamos kaip priedai (atskirai). Spinta apr\u016bpinta sukama rankena su \u012fmontuota trij\u0173 rakinimo ta\u0161k\u0173 spyna. Ji komplektuojama su dviem raktais ir u\u017etikrina turinio saugum\u0105.<\/p>\n<p>Tvirta, patikima dokument\u0173 spinta j\u016bs\u0173 biurui ar saugyklai. Spinta komplektuojama su viena, reguliuojamo auk\u0161\u010dio lentyna, trij\u0173 ta\u0161k\u0173 u\u017eraktu ir 2 vnt. rakt\u0173.<\/p>\n<p><img decoding=\"async\" class=\"size-medium wp-image-7788 aligncenter\" src=\"https:\/\/hugas.lt\/wp-content\/uploads\/2020\/08\/SKA-pagrindine-768x390-8-300x169.jpg\" alt=\"Antresol\u0117s dokument\u0173 spintoms\" width=\"300\" height=\"169\" srcset=\"https:\/\/hugas.lt\/wp-content\/uploads\/2020\/08\/SKA-pagrindine-768x390-8-300x169.jpg 300w, https:\/\/hugas.lt\/wp-content\/uploads\/2020\/08\/SKA-pagrindine-768x390-8-1024x577.jpg 1024w, https:\/\/hugas.lt\/wp-content\/uploads\/2020\/08\/SKA-pagrindine-768x390-8-768x433.jpg 768w, https:\/\/hugas.lt\/wp-content\/uploads\/2020\/08\/SKA-pagrindine-768x390-8-18x10.jpg 18w, https:\/\/hugas.lt\/wp-content\/uploads\/2020\/08\/SKA-pagrindine-768x390-8-510x287.jpg 510w, https:\/\/hugas.lt\/wp-content\/uploads\/2020\/08\/SKA-pagrindine-768x390-8-64x36.jpg 64w, https:\/\/hugas.lt\/wp-content\/uploads\/2020\/08\/SKA-pagrindine-768x390-8.jpg 1425w\" sizes=\"(max-width: 300px) 100vw, 300px\" \/><\/p>\n<p>&nbsp;<\/p>","protected":false},"excerpt":{"rendered":"<p>Antresol\u0117s dokument\u0173 spintoms. Pasirinkite Jums labiausiai tinkan\u010di\u0105.<\/p>","protected":false},"featured_media":7788,"comment_status":"open","ping_status":"closed","template":"","meta":[],"product_cat":[19,18],"product_tag":[],"_links":{"self":[{"href":"https:\/\/hugas.lt\/en\/wp-json\/wp\/v2\/product\/1953"}],"collection":[{"href":"https:\/\/hugas.lt\/en\/wp-json\/wp\/v2\/product"}],"about":[{"href":"https:\/\/hugas.lt\/en\/wp-json\/wp\/v2\/types\/product"}],"replies":[{"embeddable":true,"href":"https:\/\/hugas.lt\/en\/wp-json\/wp\/v2\/comments?post=1953"}],"wp:featuredmedia":[{"embeddable":true,"href":"https:\/\/hugas.lt\/en\/wp-json\/wp\/v2\/media\/7788"}],"wp:attachment":[{"href":"https:\/\/hugas.lt\/en\/wp-json\/wp\/v2\/media?parent=1953"}],"wp:term":[{"taxonomy":"product_cat","embeddable":true,"href":"https:\/\/hugas.lt\/en\/wp-json\/wp\/v2\/product_cat?post=1953"},{"taxonomy":"product_tag","embeddable":true,"href":"https:\/\/hugas.lt\/en\/wp-json\/wp\/v2\/product_tag?post=1953"}],"curies":[{"name":"wp","href":"https:\/\/api.w.org\/{rel}","templated":true}]}}