{"id":1920,"date":"2020-08-05T15:36:30","date_gmt":"2020-08-05T13:36:30","guid":{"rendered":"https:\/\/hugas.lt\/?post_type=product&#038;p=1920"},"modified":"2022-05-27T09:25:00","modified_gmt":"2022-05-27T07:25:00","slug":"ugniai-atspari-spinta-1970x520x1000","status":"publish","type":"product","link":"https:\/\/hugas.lt\/en\/product\/ugniai-atspari-spinta-1970x520x1000\/","title":{"rendered":"Ugniai atspari spinta 1970x520x1000"},"content":{"rendered":"<h2>Ugniai atspari spinta<\/h2>\n<p>&nbsp;<\/p>\n<p>Galite pasirinkti mechanin\u012f arba elektronin\u012f u\u017eraktus.<\/p>\n<p>Didel\u0117 archyvavimo spinta pritaikyta vertybi\u0173 bei svarbi\u0173 dokument\u0173 saugojimui. Seifo interjeras &#8211; talpus, jame galima sud\u0117ti daug dokument\u0173 ir pan. Lentyn\u0173 auk\u0161tis &#8211; reguliuojamas, tod\u0117l spintos interjer\u0105 galima pritaikyti individualiems poreikiams. Archyvavimo spinta su dvigub\u0173 lak\u0161tinio plieno plok\u0161\u010di\u0173 sieneli\u0173 konstrukcija, kuri apsaugo nuo vagyst\u0117s. Konstrukcija izoliuota nedegia med\u017eiaga.<\/p>\n<p>Nepastebimos &#8211; pilkos spalvos spinta puikiai dera daugumoje biur\u0173 ar archyv\u0173. Seifas apr\u016bpintas nuo gr\u0119\u017eimo apsaugotu raktiniu u\u017eraktu. Seifas yra pritaikytas tvirtinimui prie grindinio.<\/p>\n<p><img decoding=\"async\" class=\"size-medium wp-image-7791 aligncenter\" src=\"https:\/\/hugas.lt\/wp-content\/uploads\/2020\/08\/pagrindine-5-1-300x269.jpg\" alt=\"Ugniai atspari spinta\" width=\"300\" height=\"269\" srcset=\"https:\/\/hugas.lt\/wp-content\/uploads\/2020\/08\/pagrindine-5-1-300x269.jpg 300w, https:\/\/hugas.lt\/wp-content\/uploads\/2020\/08\/pagrindine-5-1-13x12.jpg 13w, https:\/\/hugas.lt\/wp-content\/uploads\/2020\/08\/pagrindine-5-1-510x457.jpg 510w, https:\/\/hugas.lt\/wp-content\/uploads\/2020\/08\/pagrindine-5-1-64x57.jpg 64w, https:\/\/hugas.lt\/wp-content\/uploads\/2020\/08\/pagrindine-5-1.jpg 538w\" sizes=\"(max-width: 300px) 100vw, 300px\" \/><\/p>","protected":false},"excerpt":{"rendered":"<p>Nedegios spintos. Pasirinkite jums labiausiai tinkant\u012f variant\u0105.<\/p>","protected":false},"featured_media":7791,"comment_status":"open","ping_status":"closed","template":"","meta":[],"product_cat":[19,32],"product_tag":[],"_links":{"self":[{"href":"https:\/\/hugas.lt\/en\/wp-json\/wp\/v2\/product\/1920"}],"collection":[{"href":"https:\/\/hugas.lt\/en\/wp-json\/wp\/v2\/product"}],"about":[{"href":"https:\/\/hugas.lt\/en\/wp-json\/wp\/v2\/types\/product"}],"replies":[{"embeddable":true,"href":"https:\/\/hugas.lt\/en\/wp-json\/wp\/v2\/comments?post=1920"}],"wp:featuredmedia":[{"embeddable":true,"href":"https:\/\/hugas.lt\/en\/wp-json\/wp\/v2\/media\/7791"}],"wp:attachment":[{"href":"https:\/\/hugas.lt\/en\/wp-json\/wp\/v2\/media?parent=1920"}],"wp:term":[{"taxonomy":"product_cat","embeddable":true,"href":"https:\/\/hugas.lt\/en\/wp-json\/wp\/v2\/product_cat?post=1920"},{"taxonomy":"product_tag","embeddable":true,"href":"https:\/\/hugas.lt\/en\/wp-json\/wp\/v2\/product_tag?post=1920"}],"curies":[{"name":"wp","href":"https:\/\/api.w.org\/{rel}","templated":true}]}}