{"id":1708,"date":"2020-08-03T17:41:51","date_gmt":"2020-08-03T15:41:51","guid":{"rendered":"https:\/\/hugas.lt\/?post_type=product&#038;p=1708"},"modified":"2025-10-14T14:59:03","modified_gmt":"2025-10-14T12:59:03","slug":"darbastalis-1800x620xh850-5","status":"publish","type":"product","link":"https:\/\/hugas.lt\/en\/product\/darbastalis-1800x620xh850-5\/","title":{"rendered":"Darbastalis 1800x620xH850"},"content":{"rendered":"<h2>Darbastalis<\/h2>\n<h4><\/h4>\n<p>Darbo stalas su 2 blokais. Viename 4 stal\u010diai, kitame vienos durel\u0117s, viduje lentyna.<\/p>\n<p>Gara\u017eams, dirbtuv\u0117ms ir sand\u0117liams pritaikytas, tvirtas ir labai universalus darbo stalas. Galite komplektuoti \u0161\u012f darbastal\u012f u\u017esisakydami prakti\u0161kus, J\u016bs\u0173 darbo viet\u0105 gerinan\u010dius, darb\u0105 lengvinan\u010dius ir poreikius atitinkan\u010dius priedus. Stalvir\u0161is yra 24 mm storio ir pagamintas i\u0161 alyva gr\u016bdintos medienos plau\u0161o plok\u0161t\u0117s. Tai nebrangus ir labai universalus produktas, kuris tiks nedidel\u0117se dirbtuv\u0117se ir pan.<\/p>\n<p>Atsparus skys\u010diams bei \u0161viesos poveikiui. Konstrukcijos r\u0117mas yra pagamintas i\u0161 tvirto, pilkai da\u017eyto ir lakuoto plieno bei yra pritaikytas intensyviam naudojimui. Svor\u012f paskirs\u010dius tolygiai, maksimali leistina apkrova siekia 300 kg.<\/p>\n<p>Galb\u016bt Jums reikia protingo \u012franki\u0173 bei kit\u0173 daikt\u0173 saugojimo sprendimo? Kod\u0117l gi neu\u017esisakius lak\u0161tinio plieno konstrukcijos stal\u010di\u0173 modulio ir saugojimo spintos, apatin\u0117s lentynos bei kit\u0173 aksesuar\u0173, kurie pad\u0117s palaikyti darbo vietos tvark\u0105 ir padidins darbo efektyvum\u0105. Priedai ir aksesuarai parduodami atskirai.<\/p>\n<p>Garantuoja saugi\u0105 ir patogi\u0105 darbo viet\u0105 darbuotojui.<\/p>\n<p>Pristatomi nesurinkti, bet juos lengva susirinkti patiems. Pridedama instrukcija.<\/p>\n<p>&nbsp;<\/p>\n<p><img decoding=\"async\" class=\"size-medium wp-image-1709 aligncenter\" src=\"https:\/\/hugas.lt\/wp-content\/uploads\/2020\/08\/darbastalis-41d2m2b-257x300.jpeg\" alt=\"darbastalis\" width=\"257\" height=\"300\" srcset=\"https:\/\/hugas.lt\/wp-content\/uploads\/2020\/08\/darbastalis-41d2m2b-257x300.jpeg 257w, https:\/\/hugas.lt\/wp-content\/uploads\/2020\/08\/darbastalis-41d2m2b-10x12.jpeg 10w, https:\/\/hugas.lt\/wp-content\/uploads\/2020\/08\/darbastalis-41d2m2b-510x595.jpeg 510w, https:\/\/hugas.lt\/wp-content\/uploads\/2020\/08\/darbastalis-41d2m2b-64x75.jpeg 64w, https:\/\/hugas.lt\/wp-content\/uploads\/2020\/08\/darbastalis-41d2m2b.jpeg 600w\" sizes=\"(max-width: 257px) 100vw, 257px\" \/><\/p>\n<h3>Produkto specifikacijos:<\/h3>\n\n<table id=\"tablepress-1\" class=\"tablepress tablepress-id-1\">\n<tbody class=\"row-striping row-hover\">\n<tr class=\"row-1\">\n\t<td class=\"column-1\">Stalo pavir\u0161iaus forma:<\/td><td class=\"column-2\">Sta\u010diakampis<\/td>\n<\/tr>\n<tr class=\"row-2\">\n\t<td class=\"column-1\">Stalo pavir\u0161iaus med\u017eiaga:<\/td><td class=\"column-2\">Mediena<\/td>\n<\/tr>\n<tr class=\"row-3\">\n\t<td class=\"column-1\">Stalo pavir\u0161iaus spalva:<\/td><td class=\"column-2\">Ruda<\/td>\n<\/tr>\n<tr class=\"row-4\">\n\t<td class=\"column-1\">R\u0117mo med\u017eiaga:<\/td><td class=\"column-2\">Plienas<\/td>\n<\/tr>\n<tr class=\"row-5\">\n\t<td class=\"column-1\">R\u0117mo spalva:<\/td><td class=\"column-2\">Pilka<\/td>\n<\/tr>\n<\/tbody>\n<\/table>\n<!-- #tablepress-1 from cache -->\nSpalva matoma nuotraukose gali skirtis nuo tikrosios prek\u0117s spalvos.<\/p>","protected":false},"excerpt":{"rendered":"<p>Tvirtas, patikimas ir ilgaam\u017eis darbastalis puikiai tinka naudoti gara\u017ee, dirbtuv\u0117je ir sand\u0117lyje.<\/p>\n<p>&nbsp;<\/p>","protected":false},"featured_media":1709,"comment_status":"open","ping_status":"closed","template":"","meta":[],"product_cat":[19,42,86,87],"product_tag":[],"_links":{"self":[{"href":"https:\/\/hugas.lt\/en\/wp-json\/wp\/v2\/product\/1708"}],"collection":[{"href":"https:\/\/hugas.lt\/en\/wp-json\/wp\/v2\/product"}],"about":[{"href":"https:\/\/hugas.lt\/en\/wp-json\/wp\/v2\/types\/product"}],"replies":[{"embeddable":true,"href":"https:\/\/hugas.lt\/en\/wp-json\/wp\/v2\/comments?post=1708"}],"wp:featuredmedia":[{"embeddable":true,"href":"https:\/\/hugas.lt\/en\/wp-json\/wp\/v2\/media\/1709"}],"wp:attachment":[{"href":"https:\/\/hugas.lt\/en\/wp-json\/wp\/v2\/media?parent=1708"}],"wp:term":[{"taxonomy":"product_cat","embeddable":true,"href":"https:\/\/hugas.lt\/en\/wp-json\/wp\/v2\/product_cat?post=1708"},{"taxonomy":"product_tag","embeddable":true,"href":"https:\/\/hugas.lt\/en\/wp-json\/wp\/v2\/product_tag?post=1708"}],"curies":[{"name":"wp","href":"https:\/\/api.w.org\/{rel}","templated":true}]}}