{"id":13463,"date":"2026-01-13T16:02:36","date_gmt":"2026-01-13T14:02:36","guid":{"rendered":"https:\/\/hugas.lt\/?post_type=product&#038;p=13463"},"modified":"2026-01-13T16:05:43","modified_gmt":"2026-01-13T14:05:43","slug":"suoliukas-900mm-plocio-spintoms","status":"publish","type":"product","link":"https:\/\/hugas.lt\/en\/product\/suoliukas-900mm-plocio-spintoms\/","title":{"rendered":"Suoliukas 900mm plo\u010dio spintoms"},"content":{"rendered":"<h2>Suoliukas 900mm plo\u010dio spintoms<\/h2>\n<p>Suoliuk\u0173 po spintele. S\u0117dimoji dalis pagaminta i\u0161 lakuot\u0173 nat\u016brali\u0173 med\u017eio ta\u0161\u0173. Suoliuko r\u0117mas metalinis, nuda\u017eytas korozijai atsparia milteline emale. Suoliuko plotis 900 mm, auk\u0161tis 370 mm. Gylis 800mm.<\/p>\n<p>&nbsp;<\/p>","protected":false},"excerpt":{"rendered":"<p>Suoliukas po 900mm spintomis. Suoliuko plotis 900 mm, auk\u0161tis 370 mm. Gylis 800mm. Svoris 7 kg.<\/p>","protected":false},"featured_media":13464,"comment_status":"open","ping_status":"closed","template":"","meta":[],"product_cat":[19,62,80],"product_tag":[],"_links":{"self":[{"href":"https:\/\/hugas.lt\/en\/wp-json\/wp\/v2\/product\/13463"}],"collection":[{"href":"https:\/\/hugas.lt\/en\/wp-json\/wp\/v2\/product"}],"about":[{"href":"https:\/\/hugas.lt\/en\/wp-json\/wp\/v2\/types\/product"}],"replies":[{"embeddable":true,"href":"https:\/\/hugas.lt\/en\/wp-json\/wp\/v2\/comments?post=13463"}],"wp:featuredmedia":[{"embeddable":true,"href":"https:\/\/hugas.lt\/en\/wp-json\/wp\/v2\/media\/13464"}],"wp:attachment":[{"href":"https:\/\/hugas.lt\/en\/wp-json\/wp\/v2\/media?parent=13463"}],"wp:term":[{"taxonomy":"product_cat","embeddable":true,"href":"https:\/\/hugas.lt\/en\/wp-json\/wp\/v2\/product_cat?post=13463"},{"taxonomy":"product_tag","embeddable":true,"href":"https:\/\/hugas.lt\/en\/wp-json\/wp\/v2\/product_tag?post=13463"}],"curies":[{"name":"wp","href":"https:\/\/api.w.org\/{rel}","templated":true}]}}