{"id":13458,"date":"2026-01-13T15:57:08","date_gmt":"2026-01-13T13:57:08","guid":{"rendered":"https:\/\/hugas.lt\/?post_type=product&#038;p=13458"},"modified":"2026-01-13T15:59:34","modified_gmt":"2026-01-13T13:59:34","slug":"istraukiamas-suoliukas-900mm-plocio-spintoms","status":"publish","type":"product","link":"https:\/\/hugas.lt\/en\/product\/istraukiamas-suoliukas-900mm-plocio-spintoms\/","title":{"rendered":"I\u0161traukiamas suoliukas 900mm plo\u010dio spintoms\u00a0"},"content":{"rendered":"<h2>I\u0161traukiamas suoliukas 900mm plo\u010dio spintoms<\/h2>\n<p>I\u0161traukiam\u0173 suoliuk\u0173 po spintele s\u0117dimoji dalis pagaminta i\u0161 lakuot\u0173 nat\u016brali\u0173 med\u017eio ta\u0161\u0173. Suoliuko r\u0117mas metalinis, nuda\u017eytas korozijai atsparia milteline emale. Suoliuko plotis 500 mm, auk\u0161tis 370 mm. Gylis 800mm.<\/p>\n<p>&nbsp;<\/p>","protected":false},"excerpt":{"rendered":"<p>I\u0161traukiamas suoliukas po 900mm spintomis. Suoliuko plotis 900mm, auk\u0161tis 370 mm. Gylis 800mm.<\/p>","protected":false},"featured_media":13459,"comment_status":"open","ping_status":"closed","template":"","meta":[],"product_cat":[19,62,80],"product_tag":[],"_links":{"self":[{"href":"https:\/\/hugas.lt\/en\/wp-json\/wp\/v2\/product\/13458"}],"collection":[{"href":"https:\/\/hugas.lt\/en\/wp-json\/wp\/v2\/product"}],"about":[{"href":"https:\/\/hugas.lt\/en\/wp-json\/wp\/v2\/types\/product"}],"replies":[{"embeddable":true,"href":"https:\/\/hugas.lt\/en\/wp-json\/wp\/v2\/comments?post=13458"}],"wp:featuredmedia":[{"embeddable":true,"href":"https:\/\/hugas.lt\/en\/wp-json\/wp\/v2\/media\/13459"}],"wp:attachment":[{"href":"https:\/\/hugas.lt\/en\/wp-json\/wp\/v2\/media?parent=13458"}],"wp:term":[{"taxonomy":"product_cat","embeddable":true,"href":"https:\/\/hugas.lt\/en\/wp-json\/wp\/v2\/product_cat?post=13458"},{"taxonomy":"product_tag","embeddable":true,"href":"https:\/\/hugas.lt\/en\/wp-json\/wp\/v2\/product_tag?post=13458"}],"curies":[{"name":"wp","href":"https:\/\/api.w.org\/{rel}","templated":true}]}}