{"id":13457,"date":"2026-01-13T15:55:41","date_gmt":"2026-01-13T13:55:41","guid":{"rendered":"https:\/\/hugas.lt\/?post_type=product&#038;p=13457"},"modified":"2026-01-13T16:00:54","modified_gmt":"2026-01-13T14:00:54","slug":"istraukiamas-suoliukas-500mm-plocio-spintoms","status":"publish","type":"product","link":"https:\/\/hugas.lt\/en\/product\/istraukiamas-suoliukas-500mm-plocio-spintoms\/","title":{"rendered":"I\u0161traukiamas suoliukas 500mm plo\u010dio spintoms\u00a0"},"content":{"rendered":"<h2>I\u0161traukiamas suoliukas 500mm plo\u010dio spintoms<\/h2>\n<p>I\u0161traukiam\u0173 suoliuk\u0173 po spintele s\u0117dimoji dalis pagaminta i\u0161 lakuot\u0173 nat\u016brali\u0173 med\u017eio ta\u0161\u0173. Suoliuko r\u0117mas metalinis, nuda\u017eytas korozijai atsparia milteline emale. Suoliuko plotis 500 mm, auk\u0161tis 370 mm. Gylis 800mm.<\/p>\n<p>&nbsp;<\/p>","protected":false},"excerpt":{"rendered":"<p>I\u0161traukiamas suoliukas po 500mm spintomis. Suoliuko plotis 500 mm, auk\u0161tis 370 mm. Gylis 800mm.<\/p>","protected":false},"featured_media":13450,"comment_status":"open","ping_status":"closed","template":"","meta":[],"product_cat":[19,62,80],"product_tag":[],"_links":{"self":[{"href":"https:\/\/hugas.lt\/en\/wp-json\/wp\/v2\/product\/13457"}],"collection":[{"href":"https:\/\/hugas.lt\/en\/wp-json\/wp\/v2\/product"}],"about":[{"href":"https:\/\/hugas.lt\/en\/wp-json\/wp\/v2\/types\/product"}],"replies":[{"embeddable":true,"href":"https:\/\/hugas.lt\/en\/wp-json\/wp\/v2\/comments?post=13457"}],"wp:featuredmedia":[{"embeddable":true,"href":"https:\/\/hugas.lt\/en\/wp-json\/wp\/v2\/media\/13450"}],"wp:attachment":[{"href":"https:\/\/hugas.lt\/en\/wp-json\/wp\/v2\/media?parent=13457"}],"wp:term":[{"taxonomy":"product_cat","embeddable":true,"href":"https:\/\/hugas.lt\/en\/wp-json\/wp\/v2\/product_cat?post=13457"},{"taxonomy":"product_tag","embeddable":true,"href":"https:\/\/hugas.lt\/en\/wp-json\/wp\/v2\/product_tag?post=13457"}],"curies":[{"name":"wp","href":"https:\/\/api.w.org\/{rel}","templated":true}]}}