{"id":13426,"date":"2025-12-22T12:48:56","date_gmt":"2025-12-22T10:48:56","guid":{"rendered":"https:\/\/hugas.lt\/?post_type=product&#038;p=13426"},"modified":"2025-12-22T13:01:48","modified_gmt":"2025-12-22T11:01:48","slug":"lentyna-batams-l1000-suoliukui","status":"publish","type":"product","link":"https:\/\/hugas.lt\/en\/product\/lentyna-batams-l1000-suoliukui\/","title":{"rendered":"Lentyna batams L1000 suoliukui"},"content":{"rendered":"<h1 data-start=\"246\" data-end=\"650\">Lentyna batams L1000 suoliukui<\/h1>\n<p data-start=\"246\" data-end=\"650\"><strong data-start=\"246\" data-end=\"370\">Tvirta metalin\u0117 lentyna su perforacija \u2013 prakti\u0161kas ir ilgaam\u017eis sprendimas suoliukams ir persirengimo spinteli\u0173 zonoms.<\/strong><br data-start=\"370\" data-end=\"373\" \/>\u0160i perforuota metalin\u0117 polica skirta montuoti po suoliuku ir u\u017etikrinti patogi\u0105 viet\u0105 avalynei, darbo \u012frangai ar asmeniniams daiktams laikyti. Pagaminta i\u0161 <strong data-start=\"529\" data-end=\"546\">da\u017eyto plieno<\/strong>, tod\u0117l pasi\u017eymi ypatingu atsparumu dr\u0117gmei, mechaniniam poveikiui ir intensyviam kasdieniam naudojimui.<\/p>\n<p data-start=\"652\" data-end=\"930\">D\u0117l perforuoto pavir\u0161iaus lentyna u\u017etikrina geresn\u0119 oro cirkuliacij\u0105, tod\u0117l avalyn\u0117 ar darbo batai d\u017ei\u016bsta grei\u010diau ir nesikaupia nemalon\u016bs kvapai. Tai ypa\u010d aktualu <strong data-start=\"817\" data-end=\"929\">gamybin\u0117se \u012fmon\u0117se, sporto klubuose, sand\u0117liuose, cechuose, automobili\u0173 servisuose ar persirengimo patalpose<\/strong>.<\/p>\n<hr data-start=\"932\" data-end=\"935\" \/>\n<h2 data-start=\"937\" data-end=\"967\"><strong data-start=\"940\" data-end=\"967\">Pagrindiniai privalumai<\/strong><\/h2>\n<h3 data-start=\"969\" data-end=\"1009\"><strong data-start=\"973\" data-end=\"1007\">\u2713 Tvirta metalin\u0117 konstrukcija<\/strong><\/h3>\n<p data-start=\"1010\" data-end=\"1100\">Pagaminta i\u0161 milteliniu b\u016bdu da\u017eyto plieno \u2013 atspari sm\u016bgiams, korozijai ir nusid\u0117v\u0117jimui.<\/p>\n<h3 data-start=\"1102\" data-end=\"1158\"><strong data-start=\"1106\" data-end=\"1156\">\u2713 Perforuotas pavir\u0161ius geresnei ventiliacijai<\/strong><\/h3>\n<p data-start=\"1159\" data-end=\"1247\">Skyl\u0117s leid\u017eia dr\u0117gmei grei\u010diau i\u0161garuoti, tod\u0117l lentyna ypa\u010d tinkama avalyn\u0117s laikymui.<\/p>\n<h3 data-start=\"1249\" data-end=\"1284\"><strong data-start=\"1253\" data-end=\"1282\">\u2713 Universalus pritaikymas<\/strong><\/h3>\n<p data-start=\"1285\" data-end=\"1302\">Idealiai tinka:<\/p>\n<ul data-start=\"1303\" data-end=\"1471\">\n<li data-start=\"1303\" data-end=\"1329\">\n<p data-start=\"1305\" data-end=\"1329\">pramonin\u0117ms patalpoms,<\/p>\n<\/li>\n<li data-start=\"1330\" data-end=\"1342\">\n<p data-start=\"1332\" data-end=\"1342\">cechams,<\/p>\n<\/li>\n<li data-start=\"1343\" data-end=\"1358\">\n<p data-start=\"1345\" data-end=\"1358\">sand\u0117liams,<\/p>\n<\/li>\n<li data-start=\"1359\" data-end=\"1392\">\n<p data-start=\"1361\" data-end=\"1392\">sporto ir treniruo\u010di\u0173 zonoms,<\/p>\n<\/li>\n<li data-start=\"1393\" data-end=\"1431\">\n<p data-start=\"1395\" data-end=\"1431\">darbuotoj\u0173 persirengimo patalpoms,<\/p>\n<\/li>\n<li data-start=\"1432\" data-end=\"1471\">\n<p data-start=\"1434\" data-end=\"1471\">mokykloms ar sveikatingumo \u012fstaigoms.<\/p>\n<\/li>\n<\/ul>\n<h3 data-start=\"1473\" data-end=\"1517\"><strong data-start=\"1477\" data-end=\"1515\">\u2713 Stabiliai montuojama po suoliuku<\/strong><\/h3>\n<p data-start=\"1518\" data-end=\"1573\">Suteikia papildom\u0105 saugojimo viet\u0105 neapkraunant grind\u0173.<\/p>\n<h3 data-start=\"1575\" data-end=\"1615\"><strong data-start=\"1579\" data-end=\"1613\">\u2713 Lengvai valoma ir higieni\u0161ka<\/strong><\/h3>\n<p data-start=\"1616\" data-end=\"1691\">Plieninis pavir\u0161ius atsparus ne\u0161varumams, galima plauti valymo priemon\u0117mis.<\/p>\n<hr data-start=\"1693\" data-end=\"1696\" \/>\n<h2 data-start=\"1698\" data-end=\"1724\"><strong data-start=\"1701\" data-end=\"1724\">Naudojimo paskirtys<\/strong><\/h2>\n<ul data-start=\"1726\" data-end=\"1993\">\n<li data-start=\"1726\" data-end=\"1768\">\n<p data-start=\"1728\" data-end=\"1768\">Darbo avalynei laikyti gamybos \u012fmon\u0117se<\/p>\n<\/li>\n<li data-start=\"1769\" data-end=\"1821\">\n<p data-start=\"1771\" data-end=\"1821\">Sportinei avalynei sporto klubuose ar baseinuose<\/p>\n<\/li>\n<li data-start=\"1822\" data-end=\"1881\">\n<p data-start=\"1824\" data-end=\"1881\">Apsauginiams batams sand\u0117liuose ir logistikos centruose<\/p>\n<\/li>\n<li data-start=\"1882\" data-end=\"1938\">\n<p data-start=\"1884\" data-end=\"1938\">Darbo \u012frangai ar \u012frankiams laikyti technin\u0117se zonose<\/p>\n<\/li>\n<li data-start=\"1939\" data-end=\"1993\">\n<p data-start=\"1941\" data-end=\"1993\">Persirengimo patalpoms darbuotojams ir lankytojams<\/p>\n<\/li>\n<\/ul>\n<hr data-start=\"1995\" data-end=\"1998\" \/>\n<h2 data-start=\"2000\" data-end=\"2048\"><strong data-start=\"2003\" data-end=\"2048\">Kod\u0117l verta rinktis \u0161i\u0105 metalin\u0119 lentyn\u0105?<\/strong><\/h2>\n<p data-start=\"2050\" data-end=\"2311\">Ji sukurta profesionaliam naudojimui, tod\u0117l yra ilgaam\u017e\u0117, funkcionali ir saugi. Tinka tiek intensyviam pramoniniam naudojimui, tiek vie\u0161osioms ar komercin\u0117ms erdv\u0117ms. Lygus miltelin\u0117s dangos pavir\u0161ius suteikia esteti\u0161k\u0105 i\u0161vaizd\u0105 ir atsparum\u0105 aplinkos poveikiui.<\/p>","protected":false},"excerpt":{"rendered":"<p><strong data-start=\"246\" data-end=\"370\">Tvirta metalin\u0117 lentyna su perforacija \u2013 prakti\u0161kas ir ilgaam\u017eis sprendimas suoliukams ir persirengimo spinteli\u0173 zonoms.<\/strong><br data-start=\"370\" data-end=\"373\" \/>\u0160i perforuota metalin\u0117 polica skirta montuoti po suoliuku ir u\u017etikrinti patogi\u0105 viet\u0105 avalynei, darbo \u012frangai ar asmeniniams daiktams laikyti. Pagaminta i\u0161 <strong data-start=\"529\" data-end=\"546\">da\u017eyto plieno<\/strong>, tod\u0117l pasi\u017eymi ypatingu atsparumu dr\u0117gmei, mechaniniam poveikiui ir intensyviam kasdieniam naudojimui.<\/p>\n<p>Ilgis &#8211; 883 mm<\/p>","protected":false},"featured_media":13427,"comment_status":"open","ping_status":"closed","template":"","meta":[],"product_cat":[81,43],"product_tag":[],"_links":{"self":[{"href":"https:\/\/hugas.lt\/en\/wp-json\/wp\/v2\/product\/13426"}],"collection":[{"href":"https:\/\/hugas.lt\/en\/wp-json\/wp\/v2\/product"}],"about":[{"href":"https:\/\/hugas.lt\/en\/wp-json\/wp\/v2\/types\/product"}],"replies":[{"embeddable":true,"href":"https:\/\/hugas.lt\/en\/wp-json\/wp\/v2\/comments?post=13426"}],"wp:featuredmedia":[{"embeddable":true,"href":"https:\/\/hugas.lt\/en\/wp-json\/wp\/v2\/media\/13427"}],"wp:attachment":[{"href":"https:\/\/hugas.lt\/en\/wp-json\/wp\/v2\/media?parent=13426"}],"wp:term":[{"taxonomy":"product_cat","embeddable":true,"href":"https:\/\/hugas.lt\/en\/wp-json\/wp\/v2\/product_cat?post=13426"},{"taxonomy":"product_tag","embeddable":true,"href":"https:\/\/hugas.lt\/en\/wp-json\/wp\/v2\/product_tag?post=13426"}],"curies":[{"name":"wp","href":"https:\/\/api.w.org\/{rel}","templated":true}]}}