{"id":13404,"date":"2025-12-19T11:14:02","date_gmt":"2025-12-19T09:14:02","guid":{"rendered":"https:\/\/hugas.lt\/?post_type=product&#038;p=13404"},"modified":"2025-12-19T11:16:12","modified_gmt":"2025-12-19T09:16:12","slug":"moduline-garazo-dirbtuviu-sistema-modul-l-06-002","status":"publish","type":"product","link":"https:\/\/hugas.lt\/en\/product\/moduline-garazo-dirbtuviu-sistema-modul-l-06-002\/","title":{"rendered":"Modulin\u0117 gara\u017eo\/dirbtuvi\u0173 sistema MODUL L-06-002"},"content":{"rendered":"<h1 data-start=\"284\" data-end=\"361\"><strong data-start=\"286\" data-end=\"361\">Modulin\u0117 dirbtuvi\u0173 sistema L-06-002<\/strong><\/h1>\n<p data-start=\"363\" data-end=\"860\"><strong data-start=\"363\" data-end=\"402\">Modulin\u0117 dirbtuvi\u0173 sistema L-06-002<\/strong> \u2013 tai profesionali, didelio talpumo ir maksimaliai funkcionali darbo vietos organizavimo sistema, skirta gara\u017eams, dirbtuv\u0117ms, autoservisams, gamybin\u0117ms patalpoms ir verslui, kuriam svarbu patikimumas, ilgaam\u017ei\u0161kumas ir ergonomika. \u0160i sistema sukurta taip, kad vienoje vietoje tur\u0117tum\u0117te <strong data-start=\"691\" data-end=\"755\">idealiai suorganizuotus \u012frankius, detales ir darbo pavir\u0161ius<\/strong>, o didelis moduli\u0173 kiekis leid\u017eia pritaikyti sistem\u0105 tiek profesionalams, tiek reikliems nam\u0173 meistrams.<\/p>\n<h3 data-start=\"862\" data-end=\"893\"><strong data-start=\"866\" data-end=\"893\">Pagrindiniai privalumai<\/strong><\/h3>\n<ul data-start=\"894\" data-end=\"1597\">\n<li data-start=\"894\" data-end=\"1058\">\n<p data-start=\"896\" data-end=\"1058\"><strong data-start=\"896\" data-end=\"923\">Platus moduli\u0173 rinkinys<\/strong> \u2013 sistema komplektuojama su dviem auk\u0161tomis spintomis, trimis didel\u0117mis stal\u010di\u0173 komodomis ir vir\u0161utin\u0117mis pakabinamomis spintel\u0117mis.<\/p>\n<\/li>\n<li data-start=\"1059\" data-end=\"1186\">\n<p data-start=\"1061\" data-end=\"1186\"><strong data-start=\"1061\" data-end=\"1100\">Didelio atsparumo darbo stalvir\u0161iai<\/strong> \u2013 tvirti plieniniai pavir\u0161iai atspar\u016bs intensyviam naudojimui ir \u012fvairiems darbams.<\/p>\n<\/li>\n<li data-start=\"1187\" data-end=\"1305\">\n<p data-start=\"1189\" data-end=\"1305\"><strong data-start=\"1189\" data-end=\"1223\">Perforuotos sienel\u0117s \u012frankiams<\/strong> \u2013 leid\u017eia patogiai laikyti ir greitai pasiekti da\u017eniausiai naudojamus \u012frankius.<\/p>\n<\/li>\n<li data-start=\"1306\" data-end=\"1404\">\n<p data-start=\"1308\" data-end=\"1404\"><strong data-start=\"1308\" data-end=\"1338\">Pilnai u\u017erakinami moduliai<\/strong> \u2013 garantuoja saugum\u0105 ir tvark\u0105, ypa\u010d profesionalioje aplinkoje.<\/p>\n<\/li>\n<li data-start=\"1405\" data-end=\"1508\">\n<p data-start=\"1407\" data-end=\"1508\"><strong data-start=\"1407\" data-end=\"1443\">Skland\u017eiai va\u017eiuojantys stal\u010diai<\/strong> su guoliniais b\u0117geliais \u2013 puiki kokyb\u0117 intensyviam naudojimui.<\/p>\n<\/li>\n<li data-start=\"1509\" data-end=\"1597\">\n<p data-start=\"1511\" data-end=\"1597\"><strong data-start=\"1511\" data-end=\"1553\">Maksimali talpa ir lengva organizacija<\/strong> \u2013 daug vietos \u012frankiams, dalims ir \u012frangai.<\/p>\n<\/li>\n<\/ul>\n<h3 data-start=\"1599\" data-end=\"1622\"><strong data-start=\"1603\" data-end=\"1622\">Idealiai tinka:<\/strong><\/h3>\n<ul data-start=\"1623\" data-end=\"1835\">\n<li data-start=\"1623\" data-end=\"1655\">\n<p data-start=\"1625\" data-end=\"1655\">autoservisams ir mechanikams<\/p>\n<\/li>\n<li data-start=\"1656\" data-end=\"1698\">\n<p data-start=\"1658\" data-end=\"1698\">gara\u017eams ir profesionalioms dirbtuv\u0117ms<\/p>\n<\/li>\n<li data-start=\"1699\" data-end=\"1723\">\n<p data-start=\"1701\" data-end=\"1723\">gamybin\u0117ms patalpoms<\/p>\n<\/li>\n<li data-start=\"1724\" data-end=\"1779\">\n<p data-start=\"1726\" data-end=\"1779\">nam\u0173 meistrams, ie\u0161kantiems auk\u0161tos kokyb\u0117s \u012frangos<\/p>\n<\/li>\n<li data-start=\"1780\" data-end=\"1835\">\n<p data-start=\"1782\" data-end=\"1835\">sand\u0117liukams, \u016bkio reikm\u0117ms, industriniams projektams<\/p>\n<\/li>\n<\/ul>\n<h3 data-start=\"1837\" data-end=\"1874\"><strong data-start=\"1841\" data-end=\"1874\">Kod\u0117l verta rinktis L-06-002?<\/strong><\/h3>\n<p data-start=\"1875\" data-end=\"2165\">\u0160i modulin\u0117 sistema i\u0161siskiria puikiu <strong data-start=\"1913\" data-end=\"1942\">kainos ir kokyb\u0117s balansu<\/strong>, auk\u0161tu patvarumu bei profesionaliu funkcionalumu. Universalus dizainas leid\u017eia sistem\u0105 integruoti \u012f bet koki\u0105 darbo erdv\u0119, o dideli stal\u010diai ir auk\u0161tos spintos suteikia galimyb\u0119 laikyti net stambesnius \u012frankius ar \u012frang\u0105.<\/p>\n<hr data-start=\"2167\" data-end=\"2170\" \/>","protected":false},"excerpt":{"rendered":"<p><strong data-start=\"363\" data-end=\"402\">Modulin\u0117 dirbtuvi\u0173 sistema L-06-002<\/strong> \u2013 tai profesionali, didelio talpumo ir maksimaliai funkcionali darbo vietos organizavimo sistema, skirta gara\u017eams, dirbtuv\u0117ms, autoservisams, gamybin\u0117ms patalpoms ir verslui, kuriam svarbu patikimumas, ilgaam\u017ei\u0161kumas ir ergonomika. \u0160i sistema sukurta taip, kad vienoje vietoje tur\u0117tum\u0117te <strong data-start=\"691\" data-end=\"755\">idealiai suorganizuotus \u012frankius, detales ir darbo pavir\u0161ius<\/strong>, o didelis moduli\u0173 kiekis leid\u017eia pritaikyti sistem\u0105 tiek profesionalams, tiek reikliems nam\u0173 meistrams.<\/p>\n<p>Sistemos auk\u0161tis: 2020mm<\/p>\n<p>Plotis &#8211; 4700mm<\/p>\n<p>Gylis &#8211; 655mm<\/p>\n<p>Stalvir\u0161is &#8211; 25mm OSB + 1mm ner\u016bdijan\u010dio plieno skarda<\/p>\n<p>Spalva &#8211; RAL7016<\/p>\n<p>Svoris &#8211; 568kg<\/p>","protected":false},"featured_media":13405,"comment_status":"open","ping_status":"closed","template":"","meta":[],"product_cat":[94],"product_tag":[],"_links":{"self":[{"href":"https:\/\/hugas.lt\/en\/wp-json\/wp\/v2\/product\/13404"}],"collection":[{"href":"https:\/\/hugas.lt\/en\/wp-json\/wp\/v2\/product"}],"about":[{"href":"https:\/\/hugas.lt\/en\/wp-json\/wp\/v2\/types\/product"}],"replies":[{"embeddable":true,"href":"https:\/\/hugas.lt\/en\/wp-json\/wp\/v2\/comments?post=13404"}],"wp:featuredmedia":[{"embeddable":true,"href":"https:\/\/hugas.lt\/en\/wp-json\/wp\/v2\/media\/13405"}],"wp:attachment":[{"href":"https:\/\/hugas.lt\/en\/wp-json\/wp\/v2\/media?parent=13404"}],"wp:term":[{"taxonomy":"product_cat","embeddable":true,"href":"https:\/\/hugas.lt\/en\/wp-json\/wp\/v2\/product_cat?post=13404"},{"taxonomy":"product_tag","embeddable":true,"href":"https:\/\/hugas.lt\/en\/wp-json\/wp\/v2\/product_tag?post=13404"}],"curies":[{"name":"wp","href":"https:\/\/api.w.org\/{rel}","templated":true}]}}