{"id":13402,"date":"2025-12-19T11:06:06","date_gmt":"2025-12-19T09:06:06","guid":{"rendered":"https:\/\/hugas.lt\/?post_type=product&#038;p=13402"},"modified":"2025-12-19T11:10:18","modified_gmt":"2025-12-19T09:10:18","slug":"moduline-garazo-dirbtuviu-sistema-modul-l-06-001","status":"publish","type":"product","link":"https:\/\/hugas.lt\/en\/product\/moduline-garazo-dirbtuviu-sistema-modul-l-06-001\/","title":{"rendered":"Modulin\u0117 gara\u017eo\/dirbtuvi\u0173 sistema MODUL L-06-001"},"content":{"rendered":"<h1 data-start=\"300\" data-end=\"385\"><strong data-start=\"302\" data-end=\"385\">Modul L-06-001-N dirbtuvi\u0173 bald\u0173 komplektas<\/strong><\/h1>\n<p data-start=\"387\" data-end=\"736\"><strong data-start=\"387\" data-end=\"407\">Modul L-06-001-N<\/strong> \u2013 tai profesionalus, itin tvirtas ir funkcionalus <strong data-start=\"458\" data-end=\"500\">metalin\u0117s dirbtuvi\u0173 \u012frangos komplektas<\/strong>, skirtas gara\u017eams, autoservisams, gamybin\u0117ms patalpoms ir visiems, kuriems reikalinga patikima darbo vietos organizavimo sistema. \u0160is komplektas padeda maksimaliai i\u0161naudoti erdv\u0119, palaikyti tvark\u0105 ir u\u017etikrinti skland\u0173 kasdien\u012f darb\u0105.<\/p>\n<hr data-start=\"738\" data-end=\"741\" \/>\n<h2 data-start=\"743\" data-end=\"773\"><strong data-start=\"746\" data-end=\"773\">Pagrindiniai privalumai<\/strong><\/h2>\n<h3 data-start=\"775\" data-end=\"805\"><strong data-start=\"779\" data-end=\"805\">\u2714 Didel\u0117 laikymo talpa<\/strong><\/h3>\n<p data-start=\"806\" data-end=\"820\">Komplekte yra:<\/p>\n<ul data-start=\"821\" data-end=\"1123\">\n<li data-start=\"821\" data-end=\"911\">\n<p data-start=\"823\" data-end=\"911\"><strong data-start=\"823\" data-end=\"853\">2 auk\u0161tos spintos<\/strong> \u2013 patogiam stambi\u0173 \u012franki\u0173, \u012frangos ir med\u017eiag\u0173 laikymui.<\/p>\n<\/li>\n<li data-start=\"912\" data-end=\"1016\">\n<p data-start=\"914\" data-end=\"1016\"><strong data-start=\"914\" data-end=\"938\">3 apatin\u0117s spintel\u0117s<\/strong> su lentynomis \u2013 idealiai tinka tvarkingai susid\u0117ti da\u017enai naudojamus daiktus.<\/p>\n<\/li>\n<li data-start=\"1017\" data-end=\"1123\">\n<p data-start=\"1019\" data-end=\"1123\"><strong data-start=\"1019\" data-end=\"1039\">2 stal\u010di\u0173 blokai<\/strong> su giliomis, guolin\u0117mis b\u0117geliais \u2013 lengvai i\u0161laiko sunkesnius \u012frankius ar detales.<\/p>\n<\/li>\n<\/ul>\n<h3 data-start=\"1125\" data-end=\"1170\"><strong data-start=\"1129\" data-end=\"1170\">\u2714 Patogus ir atsparus darbo pavir\u0161ius<\/strong><\/h3>\n<p data-start=\"1171\" data-end=\"1363\">Platus <strong data-start=\"1178\" data-end=\"1213\">ner\u016bdijan\u010dio plieno stalvir\u0161ius<\/strong> atsparus \u012fbr\u0117\u017eimams, alyvai, dr\u0117gmei ir intensyviam kasdieniam naudojimui, tod\u0117l puikiai tinka tiek mechaniniams darbams, tiek elektronikos remontui.<\/p>\n<h3 data-start=\"1365\" data-end=\"1403\"><strong data-start=\"1369\" data-end=\"1403\">\u2714 Perforuota sienel\u0117 \u012frankiams<\/strong><\/h3>\n<p data-start=\"1404\" data-end=\"1617\">Viso komplekto nugarin\u0119 dal\u012f dengia <strong data-start=\"1440\" data-end=\"1464\">perforuotos sienel\u0117s<\/strong>, leid\u017eian\u010dios patogiai i\u0161d\u0117styti rankinius \u012frankius, laikiklius, kabliukus ir organizatorius. Tai padeda sutaupyti laiko ir i\u0161laikyti tvark\u0105 darbo metu.<\/p>\n<h3 data-start=\"1619\" data-end=\"1660\"><strong data-start=\"1623\" data-end=\"1660\">\u2714 Vir\u0161utin\u0117s spintel\u0117s su u\u017eraktu<\/strong><\/h3>\n<p data-start=\"1661\" data-end=\"1815\">Vir\u0161utin\u0117s pakabinamos spintel\u0117s turi <strong data-start=\"1699\" data-end=\"1734\">u\u017erakinamus dureli\u0173 mechanizmus<\/strong>, tod\u0117l jautresnius ar brangesnius \u012frankius galima saugiai laikyti nuo pa\u0161alini\u0173.<\/p>\n<h3 data-start=\"1817\" data-end=\"1846\"><strong data-start=\"1821\" data-end=\"1846\">\u2714 Tvirta konstrukcija<\/strong><\/h3>\n<p data-start=\"1847\" data-end=\"1998\">Visos komplekto dalys pagamintos i\u0161 <strong data-start=\"1883\" data-end=\"1914\">mil\u017eini\u0161ko atsparumo plieno<\/strong>, padengto milteliniu b\u016bdu, tod\u0117l jos atsparios korozijai ir intensyviam naudojimui.<\/p>\n<hr data-start=\"2000\" data-end=\"2003\" \/>\n<h2 data-start=\"2005\" data-end=\"2039\"><strong data-start=\"2008\" data-end=\"2039\">Kam skirtas \u0161is komplektas?<\/strong><\/h2>\n<ul data-start=\"2040\" data-end=\"2223\">\n<li data-start=\"2040\" data-end=\"2077\">\n<p data-start=\"2042\" data-end=\"2077\">Profesionaliems <strong data-start=\"2058\" data-end=\"2075\">autoservisams<\/strong><\/p>\n<\/li>\n<li data-start=\"2078\" data-end=\"2127\">\n<p data-start=\"2080\" data-end=\"2127\">Mechanikos ir technin\u0117s prie\u017ei\u016bros dirbtuv\u0117ms<\/p>\n<\/li>\n<li data-start=\"2128\" data-end=\"2162\">\n<p data-start=\"2130\" data-end=\"2162\"><strong data-start=\"2130\" data-end=\"2142\">Gara\u017eams<\/strong> ir nam\u0173 meistrams<\/p>\n<\/li>\n<li data-start=\"2163\" data-end=\"2185\">\n<p data-start=\"2165\" data-end=\"2185\">Gamybin\u0117ms \u012fmon\u0117ms<\/p>\n<\/li>\n<li data-start=\"2186\" data-end=\"2223\">\n<p data-start=\"2188\" data-end=\"2223\">Sand\u0117liavimo ir remonto patalpoms<\/p>\n<\/li>\n<\/ul>\n<hr data-start=\"2225\" data-end=\"2228\" \/>\n<h2 data-start=\"2230\" data-end=\"2274\"><strong data-start=\"2233\" data-end=\"2274\">Kod\u0117l verta rinktis Modul L-06-001-N?<\/strong><\/h2>\n<ul data-start=\"2275\" data-end=\"2484\">\n<li data-start=\"2275\" data-end=\"2322\">\n<p data-start=\"2277\" data-end=\"2322\">Maksimali talpa ir tvarka vienoje sistemoje<\/p>\n<\/li>\n<li data-start=\"2323\" data-end=\"2360\">\n<p data-start=\"2325\" data-end=\"2360\">Itin tvirtas ir ilgaam\u017eis plienas<\/p>\n<\/li>\n<li data-start=\"2361\" data-end=\"2403\">\n<p data-start=\"2363\" data-end=\"2403\">Ergonomi\u0161kas ir profesionalus dizainas<\/p>\n<\/li>\n<li data-start=\"2404\" data-end=\"2436\">\n<p data-start=\"2406\" data-end=\"2436\">Patikimi u\u017erakinami moduliai<\/p>\n<\/li>\n<li data-start=\"2437\" data-end=\"2484\">\n<p data-start=\"2439\" data-end=\"2484\">Tinkamas tiek m\u0117g\u0117jams, tiek profesionalams<\/p>\n<\/li>\n<\/ul>","protected":false},"excerpt":{"rendered":"<p><strong data-start=\"451\" data-end=\"493\">Modulin\u0117 gara\u017eo bald\u0173 sistema\u00a0<\/strong><strong data-start=\"387\" data-end=\"407\">Modul L-06-001-N<\/strong> \u2013 tai profesionalus, itin tvirtas ir funkcionalus <strong data-start=\"458\" data-end=\"500\">metalin\u0117s dirbtuvi\u0173 \u012frangos komplektas<\/strong>, skirtas gara\u017eams, autoservisams, gamybin\u0117ms patalpoms ir visiems, kuriems reikalinga patikima darbo vietos organizavimo sistema. \u0160is komplektas padeda maksimaliai i\u0161naudoti erdv\u0119, palaikyti tvark\u0105 ir u\u017etikrinti skland\u0173 kasdien\u012f darb\u0105.<\/p>\n<p>Sistemos auk\u0161tis: 2020mm<\/p>\n<p>Plotis &#8211; 4700mm<\/p>\n<p>Gylis &#8211; 655mm<\/p>\n<p>Stalvir\u0161is &#8211; 25mm OSB + 1mm ner\u016bdijan\u010dio plieno skarda<\/p>\n<p>Spalva &#8211; RAL7016<\/p>\n<p>Svoris &#8211; 502kg<\/p>","protected":false},"featured_media":13403,"comment_status":"open","ping_status":"closed","template":"","meta":[],"product_cat":[94],"product_tag":[],"_links":{"self":[{"href":"https:\/\/hugas.lt\/en\/wp-json\/wp\/v2\/product\/13402"}],"collection":[{"href":"https:\/\/hugas.lt\/en\/wp-json\/wp\/v2\/product"}],"about":[{"href":"https:\/\/hugas.lt\/en\/wp-json\/wp\/v2\/types\/product"}],"replies":[{"embeddable":true,"href":"https:\/\/hugas.lt\/en\/wp-json\/wp\/v2\/comments?post=13402"}],"wp:featuredmedia":[{"embeddable":true,"href":"https:\/\/hugas.lt\/en\/wp-json\/wp\/v2\/media\/13403"}],"wp:attachment":[{"href":"https:\/\/hugas.lt\/en\/wp-json\/wp\/v2\/media?parent=13402"}],"wp:term":[{"taxonomy":"product_cat","embeddable":true,"href":"https:\/\/hugas.lt\/en\/wp-json\/wp\/v2\/product_cat?post=13402"},{"taxonomy":"product_tag","embeddable":true,"href":"https:\/\/hugas.lt\/en\/wp-json\/wp\/v2\/product_tag?post=13402"}],"curies":[{"name":"wp","href":"https:\/\/api.w.org\/{rel}","templated":true}]}}