{"id":13373,"date":"2025-12-08T14:09:49","date_gmt":"2025-12-08T12:09:49","guid":{"rendered":"https:\/\/hugas.lt\/?post_type=product&#038;p=13373"},"modified":"2025-12-08T14:13:11","modified_gmt":"2025-12-08T12:13:11","slug":"moduline-garazo-dirbtuviu-sistema-modul-l-03-006","status":"publish","type":"product","link":"https:\/\/hugas.lt\/en\/product\/moduline-garazo-dirbtuviu-sistema-modul-l-03-006\/","title":{"rendered":"Modulin\u0117 gara\u017eo\/dirbtuvi\u0173 sistema MODUL L-03-006"},"content":{"rendered":"<h1 data-start=\"164\" data-end=\"279\"><strong data-start=\"166\" data-end=\"279\">Modulin\u0117 gara\u017eo ir dirbtuvi\u0173 sistema su stal\u010di\u0173 blokais, mobilia ve\u017eim\u0117lio spinta ir auk\u0161ta u\u017erakinama spinta<\/strong><\/h1>\n<p data-start=\"281\" data-end=\"624\">\u0160i <strong data-start=\"284\" data-end=\"311\">modulin\u0117 gara\u017eo sistema<\/strong> sukurta profesionaliam ir intensyviam naudojimui, kai svarbiausia \u2013 tvarka, funkcionalumas ir patvarumas. Tvirta plienin\u0117 konstrukcija, erdv\u016bs stal\u010di\u0173 blokai, perforuota sienel\u0117 ir mobilus \u012franki\u0173 ve\u017eim\u0117lis leid\u017eia sukurti efektyvi\u0105 ir ypa\u010d patogi\u0105 darbo viet\u0105 tiek profesionaliame servise, tiek nam\u0173 dirbtuv\u0117se.<\/p>\n<hr data-start=\"626\" data-end=\"629\" \/>\n<h2 data-start=\"631\" data-end=\"657\"><strong data-start=\"634\" data-end=\"657\">Pagrindin\u0117s savyb\u0117s<\/strong><\/h2>\n<ul data-start=\"658\" data-end=\"1568\">\n<li data-start=\"658\" data-end=\"747\">\n<p data-start=\"660\" data-end=\"747\"><strong data-start=\"660\" data-end=\"692\">Tvirta metalin\u0117 konstrukcija<\/strong> \u2013 atspari korozijai, sm\u016bgiams ir didel\u0117ms apkrovoms.<\/p>\n<\/li>\n<li data-start=\"748\" data-end=\"865\">\n<p data-start=\"750\" data-end=\"865\"><strong data-start=\"750\" data-end=\"778\">Du erdv\u016bs stal\u010di\u0173 blokai<\/strong> su guoliniais b\u0117geliais \u2013 skland\u017eiai atsidarantys, pritaikyti sunkesniems \u012frankiams.<\/p>\n<\/li>\n<li data-start=\"866\" data-end=\"979\">\n<p data-start=\"868\" data-end=\"979\"><strong data-start=\"868\" data-end=\"897\">Mobilus \u012franki\u0173 ve\u017eim\u0117lis<\/strong> su ratukais, kur\u012f galima i\u0161traukti ir naudoti bet kurioje darbo vietos vietoje.<\/p>\n<\/li>\n<li data-start=\"980\" data-end=\"1087\">\n<p data-start=\"982\" data-end=\"1087\"><strong data-start=\"982\" data-end=\"1010\">Auk\u0161ta u\u017erakinama spinta<\/strong> \u2013 puikiai tinka elektriniams \u012frankiams, talpoms ir didelio dyd\u017eio \u012frangai.<\/p>\n<\/li>\n<li data-start=\"1088\" data-end=\"1210\">\n<p data-start=\"1090\" data-end=\"1210\"><strong data-start=\"1090\" data-end=\"1112\">Perforuota sienel\u0117<\/strong> \u2013 idealus sprendimas da\u017eniausiai naudojamiems \u012frankiams kabinti ir tur\u0117ti juos visada po ranka.<\/p>\n<\/li>\n<li data-start=\"1211\" data-end=\"1337\">\n<p data-start=\"1213\" data-end=\"1337\"><strong data-start=\"1213\" data-end=\"1251\">Du vir\u0161utiniai u\u017erakinami moduliai<\/strong> su pakeliamomis durel\u0117mis \u2013 saugus smulki\u0173 detali\u0173, priemoni\u0173 ir reikmen\u0173 laikymas.<\/p>\n<\/li>\n<li data-start=\"1338\" data-end=\"1448\">\n<p data-start=\"1340\" data-end=\"1448\"><strong data-start=\"1340\" data-end=\"1389\">Platus ner\u016bdijan\u010dio plieno darbinis pavir\u0161ius<\/strong> \u2013 atsparus alyvai, \u012fbr\u0117\u017eimams ir intensyviam naudojimui.<\/p>\n<\/li>\n<li data-start=\"1449\" data-end=\"1568\">\n<p data-start=\"1451\" data-end=\"1568\"><strong data-start=\"1451\" data-end=\"1488\">Integruotos elektros lizd\u0173 vietos<\/strong> (modelyje numatyta montavimo zona) \u2013 patogiam elektrini\u0173 \u012franki\u0173 prijungimui.<\/p>\n<\/li>\n<\/ul>\n<hr data-start=\"1570\" data-end=\"1573\" \/>\n<h2 data-start=\"1575\" data-end=\"1592\"><strong data-start=\"1578\" data-end=\"1592\">Privalumai<\/strong><\/h2>\n<ul data-start=\"1593\" data-end=\"1983\">\n<li data-start=\"1593\" data-end=\"1714\">\n<p data-start=\"1595\" data-end=\"1714\"><strong data-start=\"1595\" data-end=\"1620\">Efektyvi organizacija<\/strong> \u2013 stal\u010diai, spinta, ve\u017eim\u0117lis ir sienel\u0117 padeda palaikyti tvark\u0105 ir sutrumpina darbo laik\u0105.<\/p>\n<\/li>\n<li data-start=\"1715\" data-end=\"1802\">\n<p data-start=\"1717\" data-end=\"1802\"><strong data-start=\"1717\" data-end=\"1734\">Universalumas<\/strong> \u2013 stacionar\u016bs ir mobil\u016bs moduliai suteikia lankstum\u0105 ir patogum\u0105.<\/p>\n<\/li>\n<li data-start=\"1803\" data-end=\"1893\">\n<p data-start=\"1805\" data-end=\"1893\"><strong data-start=\"1805\" data-end=\"1817\">Saugumas<\/strong> \u2013 u\u017erakinamos zonos apsaugo brangius \u012frankius nuo praradimo ar netvarkos.<\/p>\n<\/li>\n<li data-start=\"1894\" data-end=\"1983\">\n<p data-start=\"1896\" data-end=\"1983\"><strong data-start=\"1896\" data-end=\"1921\">Profesionali i\u0161vaizda<\/strong> \u2013 modernus matinis pavir\u0161ius ir simetri\u0161kas moduli\u0173 dizainas.<\/p>\n<\/li>\n<\/ul>\n<hr data-start=\"1985\" data-end=\"1988\" \/>\n<h2 data-start=\"1990\" data-end=\"2008\"><strong data-start=\"1993\" data-end=\"2008\">Kam skirta?<\/strong><\/h2>\n<ul data-start=\"2009\" data-end=\"2163\">\n<li data-start=\"2009\" data-end=\"2035\">\n<p data-start=\"2011\" data-end=\"2035\">automobili\u0173 servisams,<\/p>\n<\/li>\n<li data-start=\"2036\" data-end=\"2064\">\n<p data-start=\"2038\" data-end=\"2064\">meistrams ir technikams,<\/p>\n<\/li>\n<li data-start=\"2065\" data-end=\"2096\">\n<p data-start=\"2067\" data-end=\"2096\">profesionalioms dirbtuv\u0117ms,<\/p>\n<\/li>\n<li data-start=\"2097\" data-end=\"2163\">\n<p data-start=\"2099\" data-end=\"2163\">nam\u0173 gara\u017eams, norintiems tvarkos ir geresn\u0117s darbo ergonomikos.<\/p>\n<\/li>\n<\/ul>\n<hr data-start=\"2165\" data-end=\"2168\" \/>\n<h2 data-start=\"2170\" data-end=\"2209\"><strong data-start=\"2173\" data-end=\"2209\">Kod\u0117l verta rinktis \u0161i\u0105 sistem\u0105?<\/strong><\/h2>\n<p data-start=\"2210\" data-end=\"2494\">Jeigu norite sukurti <strong data-start=\"2231\" data-end=\"2284\">profesionali\u0105, patogi\u0105 ir universali\u0105 darbo viet\u0105<\/strong>, \u0161i modulin\u0117 sistema bus ilgalaikis ir prakti\u0161kas pasirinkimas. Plienin\u0117 konstrukcija ir did\u017eiul\u0117 saugojimo talpa leis patikimai laikyti \u012fvairius \u012frankius, o mobilus ve\u017eim\u0117lis suteiks mobilumo j\u016bs\u0173 dirbtuv\u0117se.<\/p>","protected":false},"excerpt":{"rendered":"<p><strong data-start=\"284\" data-end=\"311\">Modulin\u0117 gara\u017eo sistema<\/strong> sukurta profesionaliam ir intensyviam naudojimui, kai svarbiausia \u2013 tvarka, funkcionalumas ir patvarumas. Tvirta plienin\u0117 konstrukcija, erdv\u016bs stal\u010di\u0173 blokai, perforuota sienel\u0117 ir mobilus \u012franki\u0173 ve\u017eim\u0117lis leid\u017eia sukurti efektyvi\u0105 ir ypa\u010d patogi\u0105 darbo viet\u0105 tiek profesionaliame servise, tiek nam\u0173 dirbtuv\u0117se.<\/p>\n<p>Sistemos auk\u0161tis: 2020mm<\/p>\n<p>Plotis &#8211; 2350mm<\/p>\n<p>Gylis &#8211; 655mm<\/p>\n<p>Stalvir\u0161is &#8211; 25mm OSB + 1mm ner\u016bdijan\u010dio plieno skarda<\/p>\n<p>Spalva &#8211; RAL7016<\/p>\n<p>Svoris &#8211; 284 kg<\/p>\n<p>I\u0161traukiamas \u012franki\u0173 v\u0117\u017eim\u0117lis.<\/p>","protected":false},"featured_media":13375,"comment_status":"open","ping_status":"closed","template":"","meta":[],"product_cat":[94],"product_tag":[],"_links":{"self":[{"href":"https:\/\/hugas.lt\/en\/wp-json\/wp\/v2\/product\/13373"}],"collection":[{"href":"https:\/\/hugas.lt\/en\/wp-json\/wp\/v2\/product"}],"about":[{"href":"https:\/\/hugas.lt\/en\/wp-json\/wp\/v2\/types\/product"}],"replies":[{"embeddable":true,"href":"https:\/\/hugas.lt\/en\/wp-json\/wp\/v2\/comments?post=13373"}],"wp:featuredmedia":[{"embeddable":true,"href":"https:\/\/hugas.lt\/en\/wp-json\/wp\/v2\/media\/13375"}],"wp:attachment":[{"href":"https:\/\/hugas.lt\/en\/wp-json\/wp\/v2\/media?parent=13373"}],"wp:term":[{"taxonomy":"product_cat","embeddable":true,"href":"https:\/\/hugas.lt\/en\/wp-json\/wp\/v2\/product_cat?post=13373"},{"taxonomy":"product_tag","embeddable":true,"href":"https:\/\/hugas.lt\/en\/wp-json\/wp\/v2\/product_tag?post=13373"}],"curies":[{"name":"wp","href":"https:\/\/api.w.org\/{rel}","templated":true}]}}