{"id":13261,"date":"2025-09-01T14:38:38","date_gmt":"2025-09-01T12:38:38","guid":{"rendered":"https:\/\/hugas.lt\/?post_type=product&#038;p=13261"},"modified":"2025-09-01T14:38:39","modified_gmt":"2025-09-01T12:38:39","slug":"korteles-laikiklis","status":"publish","type":"product","link":"https:\/\/hugas.lt\/en\/product\/korteles-laikiklis\/","title":{"rendered":"Kortel\u0117s laikiklis"},"content":{"rendered":"<p>Korteli\u0173 laikiklis skirtas 110x40mm kortel\u0117ms, kabinamas ant stela\u017eo skersini\u0173.<\/p>\n<p>Laikiklis pagamintas i\u0161 juodo plastiko, lengavai u\u017ededamas.<\/p>","protected":false},"excerpt":{"rendered":"<p>Korteli\u0173 laikiklis skirtas 110x40mm kortel\u0117ms, kabinamas ant stela\u017eo skersini\u0173.<\/p>","protected":false},"featured_media":13262,"comment_status":"open","ping_status":"closed","template":"","meta":[],"product_cat":[26],"product_tag":[],"_links":{"self":[{"href":"https:\/\/hugas.lt\/en\/wp-json\/wp\/v2\/product\/13261"}],"collection":[{"href":"https:\/\/hugas.lt\/en\/wp-json\/wp\/v2\/product"}],"about":[{"href":"https:\/\/hugas.lt\/en\/wp-json\/wp\/v2\/types\/product"}],"replies":[{"embeddable":true,"href":"https:\/\/hugas.lt\/en\/wp-json\/wp\/v2\/comments?post=13261"}],"wp:featuredmedia":[{"embeddable":true,"href":"https:\/\/hugas.lt\/en\/wp-json\/wp\/v2\/media\/13262"}],"wp:attachment":[{"href":"https:\/\/hugas.lt\/en\/wp-json\/wp\/v2\/media?parent=13261"}],"wp:term":[{"taxonomy":"product_cat","embeddable":true,"href":"https:\/\/hugas.lt\/en\/wp-json\/wp\/v2\/product_cat?post=13261"},{"taxonomy":"product_tag","embeddable":true,"href":"https:\/\/hugas.lt\/en\/wp-json\/wp\/v2\/product_tag?post=13261"}],"curies":[{"name":"wp","href":"https:\/\/api.w.org\/{rel}","templated":true}]}}