{"id":13256,"date":"2025-09-01T14:16:15","date_gmt":"2025-09-01T12:16:15","guid":{"rendered":"https:\/\/hugas.lt\/?post_type=product&#038;p=13256"},"modified":"2025-09-01T14:17:26","modified_gmt":"2025-09-01T12:17:26","slug":"padangu-lentyna-kabinama-prie-sienos","status":"publish","type":"product","link":"https:\/\/hugas.lt\/en\/product\/padangu-lentyna-kabinama-prie-sienos\/","title":{"rendered":"Padang\u0173 lentyna, kabinama prie sienos"},"content":{"rendered":"<p><span class=\"HwtZe\" lang=\"lt\"><span class=\"jCAhz ChMk0b\"><span class=\"ryNqvb\">Pakabinama lentyna padangoms\/ratlankiams NPK-10\/13 yra metalin\u0117 konstrukcija, skirta automobili\u0173 padangoms ir ratlankiams laikyti.<\/span><\/span> <span class=\"jCAhz ChMk0b\"><span class=\"ryNqvb\">Lentyna tvirtinama prie sienos inkariniu tvirtinimu, kuris u\u017etikrina patikim\u0105 fiksacij\u0105 ir taupo viet\u0105.<\/span><\/span> <span class=\"jCAhz ChMk0b\"><span class=\"ryNqvb\">Reguliuojamas slankiojantis strypas leid\u017eia pritaikyti lentynos plot\u012f prie skirting\u0173 tip\u0173 rat\u0173, tod\u0117l tai universalus sprendimas dirbtuv\u0117ms, sand\u0117liams ir gara\u017eams.<\/span><\/span><\/span><\/p>\n<p><span class=\"HwtZe\" lang=\"lt\"><span class=\"jCAhz ChMk0b\"><span class=\"ryNqvb\">Lentynos apkrova, kg 120<\/span><\/span><\/span><\/p>\n<p><span class=\"HwtZe\" lang=\"lt\"><span class=\"jCAhz ChMk0b\"><span class=\"ryNqvb\"> Plotis, mm 1000\u20131300 <\/span><\/span><\/span><\/p>\n<p><span class=\"HwtZe\" lang=\"lt\"><span class=\"jCAhz ChMk0b\"><span class=\"ryNqvb\">Gylis, mm 700 <\/span><\/span><\/span><\/p>\n<p><span class=\"HwtZe\" lang=\"lt\"><span class=\"jCAhz ChMk0b\"><span class=\"ryNqvb\">Auk\u0161tis, mm 400 <\/span><\/span><\/span><\/p>\n<p><span class=\"HwtZe\" lang=\"lt\"><span class=\"jCAhz ChMk0b\"><span class=\"ryNqvb\">Svoris, kg 12<\/span><\/span><\/span><\/p>\n<p><span class=\"HwtZe\" lang=\"lt\"><span class=\"jCAhz ChMk0b\"><span class=\"ryNqvb\"> Produkto spalva RAL-7015<\/span><\/span><\/span><\/p>\n<p>&nbsp;<\/p>","protected":false},"excerpt":{"rendered":"<p><span class=\"HwtZe\" lang=\"lt\"><span class=\"jCAhz ChMk0b\"><span class=\"ryNqvb\">Pakabinama lentyna padangoms\/ratlankiams<\/span><\/span><\/span><\/p>","protected":false},"featured_media":13258,"comment_status":"open","ping_status":"closed","template":"","meta":[],"product_cat":[27],"product_tag":[],"_links":{"self":[{"href":"https:\/\/hugas.lt\/en\/wp-json\/wp\/v2\/product\/13256"}],"collection":[{"href":"https:\/\/hugas.lt\/en\/wp-json\/wp\/v2\/product"}],"about":[{"href":"https:\/\/hugas.lt\/en\/wp-json\/wp\/v2\/types\/product"}],"replies":[{"embeddable":true,"href":"https:\/\/hugas.lt\/en\/wp-json\/wp\/v2\/comments?post=13256"}],"wp:featuredmedia":[{"embeddable":true,"href":"https:\/\/hugas.lt\/en\/wp-json\/wp\/v2\/media\/13258"}],"wp:attachment":[{"href":"https:\/\/hugas.lt\/en\/wp-json\/wp\/v2\/media?parent=13256"}],"wp:term":[{"taxonomy":"product_cat","embeddable":true,"href":"https:\/\/hugas.lt\/en\/wp-json\/wp\/v2\/product_cat?post=13256"},{"taxonomy":"product_tag","embeddable":true,"href":"https:\/\/hugas.lt\/en\/wp-json\/wp\/v2\/product_tag?post=13256"}],"curies":[{"name":"wp","href":"https:\/\/api.w.org\/{rel}","templated":true}]}}