{"id":13140,"date":"2025-12-22T16:06:26","date_gmt":"2025-12-22T14:06:26","guid":{"rendered":"https:\/\/hugas.lt\/?post_type=product&#038;p=13140"},"modified":"2025-12-22T16:06:26","modified_gmt":"2025-12-22T14:06:26","slug":"ugniai-ir-vandeniui-atsparus-deklas-2017s","status":"publish","type":"product","link":"https:\/\/hugas.lt\/en\/product\/ugniai-ir-vandeniui-atsparus-deklas-2017s\/","title":{"rendered":"Ugniai ir vandeniui atsparus d\u0117klas 2017S"},"content":{"rendered":"<p>D\u0117klas 2017S apsaugo nuo ugnies ir vandens svarbiems dokumentams ir vertyb\u0117ms. \u0160is modelis turi UL sertifikat\u0105, kad turinys b\u016bt\u0173 saugus 30 minu\u010di\u0173 iki 1800 \u00b0F (843 \u00b0C) temperat\u016broje. Hermeti\u0161kas sandariklis padeda i\u0161laikyti turin\u012f saus\u0105 net panardinus \u012f vanden\u012f iki 1 metro gylio. Patogus mygtuko fiksatorius su slaptu raktu riboja prieig\u0105, u\u017etikrindamas patikim\u0105 vertingo turinio apsaug\u0105. 2017S modelis yra populiarus tarp vartotoj\u0173 JAV, Europoje ir kitose \u0161alyse.<\/p>\n<p>D\u0117klo seifo talpa yra 6,9 litro, tod\u0117l galite laikyti A4 formato dokumentus j\u0173 nelenkdami. Seifas turi tvirt\u0105 dervos korpus\u0105, u\u017epildyt\u0105 kompozicine izoliacija, apsaugan\u010dia turin\u012f nuo ugnies. Tekst\u016bruotas korpuso pavir\u0161ius suteikia lengvumo ir patogumo ne\u0161iojant ir laikant.<br \/>\n2017S seifo d\u0117klo privalumai:<\/p>\n<p>Patogi ne\u0161iojimo rankena: padeda lengvai perkelti seif\u0105.<br \/>\nAtsparus vandeniui: sandarus sandariklis neleid\u017eia patekti \u012f vanden\u012f.<br \/>\nSauga: mechaninis u\u017eraktas su slaptu raktu riboja prieig\u0105.<br \/>\nPatentuota izoliacijos technologija padeda apsaugoti turin\u012f nuo ugnies.<br \/>\nSkaitmenin\u0117s laikmenos apsauga: saugo kompaktinius diskus, DVD diskus, USB \u012frenginius ir i\u0161orinius stand\u017eiuosius diskus.<\/p>\n<p>Safe Case 2017S taip pat tinka saugoti pasus, asmens tapatyb\u0117s korteles, paveld\u0117jimo dokumentus, draudimo ir finansines ataskaitas. Idealiai tinka namams, nam\u0173 biurui ir komerciniam naudojimui. Patvarus ir lengvas korpusas leid\u017eia patogiai laikyti seif\u0105 spintel\u0117je ar lentynoje, tod\u0117l prireikus greitai prieiti prie turinio.<\/p>\n<p>&nbsp;<\/p>","protected":false},"excerpt":{"rendered":"<p>Svoris &#8211; 8,9 kg<\/p>\n<p>Talpa &#8211; 6,9 l<\/p>\n<p>I\u0161oriniai matmenys &#8211; <span class=\"blox_link_atrprod\">155 x 407 x 321 mm<\/span><\/p>\n<p>Vidiniai matmenys &#8211; <span class=\"blox_link_atrprod\">93 x 338 x 218 mm<\/span><\/p>","protected":false},"featured_media":13440,"comment_status":"open","ping_status":"closed","template":"","meta":[],"product_cat":[95],"product_tag":[],"_links":{"self":[{"href":"https:\/\/hugas.lt\/en\/wp-json\/wp\/v2\/product\/13140"}],"collection":[{"href":"https:\/\/hugas.lt\/en\/wp-json\/wp\/v2\/product"}],"about":[{"href":"https:\/\/hugas.lt\/en\/wp-json\/wp\/v2\/types\/product"}],"replies":[{"embeddable":true,"href":"https:\/\/hugas.lt\/en\/wp-json\/wp\/v2\/comments?post=13140"}],"wp:featuredmedia":[{"embeddable":true,"href":"https:\/\/hugas.lt\/en\/wp-json\/wp\/v2\/media\/13440"}],"wp:attachment":[{"href":"https:\/\/hugas.lt\/en\/wp-json\/wp\/v2\/media?parent=13140"}],"wp:term":[{"taxonomy":"product_cat","embeddable":true,"href":"https:\/\/hugas.lt\/en\/wp-json\/wp\/v2\/product_cat?post=13140"},{"taxonomy":"product_tag","embeddable":true,"href":"https:\/\/hugas.lt\/en\/wp-json\/wp\/v2\/product_tag?post=13140"}],"curies":[{"name":"wp","href":"https:\/\/api.w.org\/{rel}","templated":true}]}}