{"id":13136,"date":"2025-04-15T14:25:03","date_gmt":"2025-04-15T12:25:03","guid":{"rendered":"https:\/\/hugas.lt\/?post_type=product&#038;p=13136"},"modified":"2025-05-18T15:30:51","modified_gmt":"2025-05-18T13:30:51","slug":"pakabinama-spintele-450x600x350","status":"publish","type":"product","link":"https:\/\/hugas.lt\/en\/product\/pakabinama-spintele-450x600x350\/","title":{"rendered":"Pakabinama spintel\u0117 450x600x350"},"content":{"rendered":"<p>Spintel\u0117 AI-6 yra skirta patogiam ir tvarkingam \u012franki\u0173 ir dali\u0173 laikymui. Tai nepamainoma \u012franga cechams, gamybin\u0117ms patalpoms ir pramon\u0117s \u012fmon\u0117ms, kur svarbu greitai rasti reikiamus daiktus. D\u0117l savo kompakti\u0161kos konstrukcijos antresol\u0117s efektyviai taupo darbo viet\u0105 ir apsaugo \u012frang\u0105 nuo pa\u017eeidim\u0173, dulki\u0173 ir dr\u0117gm\u0117s.<br \/>\n\u012erankius laikyti da\u017enai sunku d\u0117l vietos tr\u016bkumo arba specifini\u0173 kambario s\u0105lyg\u0173. Spintel\u0117 yra kompakti\u0161kos sta\u010diakampio formos ir yra su patogiomis durel\u0117mis su rankena apa\u010dioje. Durel\u0117s u\u017esifiksuoja atidarytoje pad\u0117tyje, tod\u0117l lengva pasiekti vidin\u0119 lentyn\u0105. Lentynoje patogu susid\u0117ti \u012fvairius \u012frankius ir detales, o tai padeda palaikyti tvark\u0105 ir didina darbo efektyvum\u0105.<\/p>\n<p>Spintel\u0117s pagamintos i\u0161 patvaraus metalo, kuris gali atlaikyti kasdienes apkrovas neprarasdamas savo i\u0161vaizdos. Papildomai apsaugai pavir\u0161ius yra fosfatuojamas ir padengiamas milteliniais da\u017eais, kurie apsaugo nuo korozijos ir u\u017etikrina ilg\u0105 tarnavimo laik\u0105.<\/p>","protected":false},"excerpt":{"rendered":"<p>Auk\u0161tis &#8211; 450 mm<\/p>\n<p>Plotis &#8211; 600 mm<\/p>\n<p>Gylis &#8211; 350 mm<\/p>\n<p>Svoris &#8211; 12.75 kg<\/p>\n<p>Spalva &#8211; RAL7015<\/p>","protected":false},"featured_media":13139,"comment_status":"open","ping_status":"closed","template":"","meta":[],"product_cat":[68],"product_tag":[],"_links":{"self":[{"href":"https:\/\/hugas.lt\/en\/wp-json\/wp\/v2\/product\/13136"}],"collection":[{"href":"https:\/\/hugas.lt\/en\/wp-json\/wp\/v2\/product"}],"about":[{"href":"https:\/\/hugas.lt\/en\/wp-json\/wp\/v2\/types\/product"}],"replies":[{"embeddable":true,"href":"https:\/\/hugas.lt\/en\/wp-json\/wp\/v2\/comments?post=13136"}],"wp:featuredmedia":[{"embeddable":true,"href":"https:\/\/hugas.lt\/en\/wp-json\/wp\/v2\/media\/13139"}],"wp:attachment":[{"href":"https:\/\/hugas.lt\/en\/wp-json\/wp\/v2\/media?parent=13136"}],"wp:term":[{"taxonomy":"product_cat","embeddable":true,"href":"https:\/\/hugas.lt\/en\/wp-json\/wp\/v2\/product_cat?post=13136"},{"taxonomy":"product_tag","embeddable":true,"href":"https:\/\/hugas.lt\/en\/wp-json\/wp\/v2\/product_tag?post=13136"}],"curies":[{"name":"wp","href":"https:\/\/api.w.org\/{rel}","templated":true}]}}