{"id":13110,"date":"2025-03-27T12:56:37","date_gmt":"2025-03-27T10:56:37","guid":{"rendered":"https:\/\/hugas.lt\/?post_type=product&#038;p=13110"},"modified":"2025-04-14T12:07:20","modified_gmt":"2025-04-14T10:07:20","slug":"persirengimo-spintele-1300x600x350","status":"publish","type":"product","link":"https:\/\/hugas.lt\/en\/product\/persirengimo-spintele-1300x600x350\/","title":{"rendered":"Persirengimo spintel\u0117 1300x600x350"},"content":{"rendered":"<h2>Metalin\u0117 persirengimo spintel\u0117 1300x600x350 dviej\u0173 dur\u0173<\/h2>\n<p>Mokyklin\u0117 persirengimo spintel\u0117<\/p>\n<p>Metalin\u0117 persirengimo spintel\u0117 SOD-300\/2 pagaminta i\u0161 storasienio 0,8mm lak\u0161tinio plieno ir nuda\u017eyta korozijai atsparia milteline emale. Tvirta ir patikima korpuso ir dureli\u0173 konstrukcija. Durel\u0117s suvirintos konstrukcijos ir papildomai sustiprintos standumo briaunomis. Unikalaus dizaino ventiliacin\u0117s angos dureli\u0173 vir\u0161uje ir apa\u010dioje. Sumontuoti guminiai amortizatoriai tyliam dureli\u0173 u\u017edarymui. Guminiai padeliai po spintos cokoliu. Centrinis u\u017eraktas (2 raktai). Kiekvienas spintel\u0117s skyrius turi lentyn\u0117l\u0119 daiktams bei batams ir skersin\u012f pakaboms. Spintel\u0117s dugnas perforuotas, kad b\u016bt\u0173 u\u017etikrinama nepriekai\u0161tinga ventiliacija. Spintel\u0117 gali b\u016bti statoma ant kojeli\u0173 (kojeli\u0173 ie\u0161koti skiltyje priedai spintoms). Spint\u0173 vir\u0161uje pritvirtintos ausel\u0117s spintos tvirtinimui prie sienos, kad b\u016bt\u0173 garantuotas saugumas, ir spintos nevirst\u0173 jei vaikai sugalvot\u0173 jas judinti ar suptis ant dureli\u0173. Kiekvienose durel\u0117se \u012fmontuotas laikiklis vardo kortelei. Durys su ranken\u0117l\u0117mis. Dur\u0173 vidin\u0117je pus\u0117je magnetai, kurie u\u017etikrins, kad durys b\u016bt\u0173 tvirtai u\u017esidariusios nors nebus u\u017erakintos. Spintel\u0117 puikiai tiks tiek dar\u017eeliams, tiek ir pradinukams mokykloje.<\/p>","protected":false},"excerpt":{"rendered":"<div class=\"product-short-description\">\n<p>Auk\u0161tis \u2013 1300mm;<\/p>\n<p>Gylis \u2013 350mm;<\/p>\n<p>Plotis \u2013 600mm;<\/p>\n<p>Med\u017eiaga \u2013 0,8 mm. plienas;<\/p>\n<p>Padengimas \u2013 miltelinis.<\/p>\n<p>Spalva &#8211; RAL7035<\/p>\n<p>U\u017eraktas \u2013 cilindrinis, 2 raktai komplekte.<\/p>\n<\/div>","protected":false},"featured_media":13129,"comment_status":"open","ping_status":"closed","template":"","meta":[],"product_cat":[76,74,35],"product_tag":[],"_links":{"self":[{"href":"https:\/\/hugas.lt\/en\/wp-json\/wp\/v2\/product\/13110"}],"collection":[{"href":"https:\/\/hugas.lt\/en\/wp-json\/wp\/v2\/product"}],"about":[{"href":"https:\/\/hugas.lt\/en\/wp-json\/wp\/v2\/types\/product"}],"replies":[{"embeddable":true,"href":"https:\/\/hugas.lt\/en\/wp-json\/wp\/v2\/comments?post=13110"}],"wp:featuredmedia":[{"embeddable":true,"href":"https:\/\/hugas.lt\/en\/wp-json\/wp\/v2\/media\/13129"}],"wp:attachment":[{"href":"https:\/\/hugas.lt\/en\/wp-json\/wp\/v2\/media?parent=13110"}],"wp:term":[{"taxonomy":"product_cat","embeddable":true,"href":"https:\/\/hugas.lt\/en\/wp-json\/wp\/v2\/product_cat?post=13110"},{"taxonomy":"product_tag","embeddable":true,"href":"https:\/\/hugas.lt\/en\/wp-json\/wp\/v2\/product_tag?post=13110"}],"curies":[{"name":"wp","href":"https:\/\/api.w.org\/{rel}","templated":true}]}}