{"id":12931,"date":"2025-03-18T11:41:30","date_gmt":"2025-03-18T09:41:30","guid":{"rendered":"https:\/\/hugas.lt\/?post_type=product&#038;p=12931"},"modified":"2025-05-18T15:31:30","modified_gmt":"2025-05-18T13:31:30","slug":"mobilus-darbastalis-1500x620x750-1000h-su-spintele","status":"publish","type":"product","link":"https:\/\/hugas.lt\/en\/product\/mobilus-darbastalis-1500x620x750-1000h-su-spintele\/","title":{"rendered":"Mobilus darbastalis 1500x620x750-1000H su spintele"},"content":{"rendered":"<p>Mobilus darbastalis 1500x620x750-1000H su spintele<\/p>\n<p>Mobil\u016bs darbastaliai ant reguliuojam\u0173 atram\u0173 yra skirti mobiliosios \u0161altkalvio darbo vietos sutvarkymui. Darbastaliai gali b\u016bti naudojami \u012fvairiems darbams (lengviems, sunkiems, tiksliems), nes jie gali pakeisti stalvir\u0161io \u012frengimo auk\u0161t\u012f. Darbastaliai pristatomi nesurinkti, gamyklin\u0117je pakuot\u0117je, kuri u\u017etikrina saugum\u0105 transportuojant.<\/p>\n<ul>\n<li>darbastalio spintel\u0117s apkrova iki 40 kg;<\/li>\n<li>modernus stilingas dizainas;<\/li>\n<li>tvirto plieno konstrukcija i\u0161 lak\u0161tinio metalo;<\/li>\n<li>patogi rankena lengvam jud\u0117jimui ir sukimui;<\/li>\n<li>darbastalis padengtas patvaria, \u012fbr\u0117\u017eimams, pa\u017eeidimams ir korozijai atsparia danga;<\/li>\n<li>d\u0117\u017ei\u0173 dydis leid\u017eia kompakti\u0161kai \u012fd\u0117ti \u012frank\u012f;<\/li>\n<li>rutuliniai kreiptuvai u\u017etikrina saug\u0173 ir lengv\u0105 slydim\u0105 net esant pilnai apkrovai;<\/li>\n<li>100 mm skersmens ratai palengvina ve\u017eim\u0117lio valdym\u0105;<\/li>\n<li>prakti\u0161kos spalvos: korpusas tamsiai pilkas RAL 7015;<\/li>\n<li>fasadas pilkas RAL 7040;<\/li>\n<li>visas stal\u010diaus i\u0161traukimas palengvina patog\u0173 ir netrukdom\u0105 pri\u0117jim\u0105 prie \u012frankio;<\/li>\n<li>rat\u0173 u\u017eraktas apsaugo nuo nepageidaujamo jud\u0117jimo, u\u017etikrina saug\u0173 darbo stalo parkavim\u0105;<\/li>\n<li>24 mm arba 25 mm storio stalvir\u0161io dr\u0117gmei atspari fanera su \u012fvairiais tipais ir dang\u010diais; cinkuotas 1 mm; ner\u016bdijantis plienas 1 mm; guma su cinkuotu apvadu; metalas 2 mm ir dengtas metalas 4 mm.<\/li>\n<\/ul>","protected":false},"excerpt":{"rendered":"<p>Tvirtas, patikimas ir ilgaam\u017eis reguliuojamo auk\u0161\u010dio darbastalis patogiai darbo vietai sukurti J\u016bs\u0173 gara\u017ee ar dirbtuv\u0117se.<\/p>","protected":false},"featured_media":12972,"comment_status":"open","ping_status":"closed","template":"","meta":[],"product_cat":[42,59],"product_tag":[],"_links":{"self":[{"href":"https:\/\/hugas.lt\/en\/wp-json\/wp\/v2\/product\/12931"}],"collection":[{"href":"https:\/\/hugas.lt\/en\/wp-json\/wp\/v2\/product"}],"about":[{"href":"https:\/\/hugas.lt\/en\/wp-json\/wp\/v2\/types\/product"}],"replies":[{"embeddable":true,"href":"https:\/\/hugas.lt\/en\/wp-json\/wp\/v2\/comments?post=12931"}],"wp:featuredmedia":[{"embeddable":true,"href":"https:\/\/hugas.lt\/en\/wp-json\/wp\/v2\/media\/12972"}],"wp:attachment":[{"href":"https:\/\/hugas.lt\/en\/wp-json\/wp\/v2\/media?parent=12931"}],"wp:term":[{"taxonomy":"product_cat","embeddable":true,"href":"https:\/\/hugas.lt\/en\/wp-json\/wp\/v2\/product_cat?post=12931"},{"taxonomy":"product_tag","embeddable":true,"href":"https:\/\/hugas.lt\/en\/wp-json\/wp\/v2\/product_tag?post=12931"}],"curies":[{"name":"wp","href":"https:\/\/api.w.org\/{rel}","templated":true}]}}