{"id":12928,"date":"2025-03-14T10:08:45","date_gmt":"2025-03-14T08:08:45","guid":{"rendered":"https:\/\/hugas.lt\/?post_type=product&#038;p=12928"},"modified":"2025-04-29T16:11:22","modified_gmt":"2025-04-29T14:11:22","slug":"metalinis-stelazu-stovo-padas","status":"publish","type":"product","link":"https:\/\/hugas.lt\/en\/product\/metalinis-stelazu-stovo-padas\/","title":{"rendered":"Metalinis stela\u017e\u0173 stovo padas"},"content":{"rendered":"<div class=\"woocommerce-product-details__short-description\">\n<p>Jie naudojami kai stela\u017eus reikia tvirtinti prie pagrindo. Metaliniuose paduose yra paruo\u0161tos angos ankeriams. Ankeravimo var\u017etai \u012f komplekt\u0105 ne\u012ftraukti.<\/p>\n<\/div>","protected":false},"excerpt":{"rendered":"<p>Jie naudojami kai stela\u017eus reikia tvirtinti prie pagrindo. Metaliniuose paduose yra paruo\u0161tos angos ankeriams. Ankeravimo var\u017etai \u012f komplekt\u0105 ne\u012ftraukti.<\/p>","protected":false},"featured_media":12929,"comment_status":"open","ping_status":"closed","template":"","meta":[],"product_cat":[26],"product_tag":[],"_links":{"self":[{"href":"https:\/\/hugas.lt\/en\/wp-json\/wp\/v2\/product\/12928"}],"collection":[{"href":"https:\/\/hugas.lt\/en\/wp-json\/wp\/v2\/product"}],"about":[{"href":"https:\/\/hugas.lt\/en\/wp-json\/wp\/v2\/types\/product"}],"replies":[{"embeddable":true,"href":"https:\/\/hugas.lt\/en\/wp-json\/wp\/v2\/comments?post=12928"}],"wp:featuredmedia":[{"embeddable":true,"href":"https:\/\/hugas.lt\/en\/wp-json\/wp\/v2\/media\/12929"}],"wp:attachment":[{"href":"https:\/\/hugas.lt\/en\/wp-json\/wp\/v2\/media?parent=12928"}],"wp:term":[{"taxonomy":"product_cat","embeddable":true,"href":"https:\/\/hugas.lt\/en\/wp-json\/wp\/v2\/product_cat?post=12928"},{"taxonomy":"product_tag","embeddable":true,"href":"https:\/\/hugas.lt\/en\/wp-json\/wp\/v2\/product_tag?post=12928"}],"curies":[{"name":"wp","href":"https:\/\/api.w.org\/{rel}","templated":true}]}}