{"id":12926,"date":"2025-03-14T10:03:29","date_gmt":"2025-03-14T08:03:29","guid":{"rendered":"https:\/\/hugas.lt\/?post_type=product&#038;p=12926"},"modified":"2025-03-14T10:03:29","modified_gmt":"2025-03-14T08:03:29","slug":"stelazu-tvirtinimo-prie-sienos-detale","status":"publish","type":"product","link":"https:\/\/hugas.lt\/en\/product\/stelazu-tvirtinimo-prie-sienos-detale\/","title":{"rendered":"Stela\u017e\u0173 tvirtinimo prie sienos detal\u0117"},"content":{"rendered":"<div class=\"woocommerce-product-details__short-description\">\n<p>Tvirtinimo var\u017etus reikia \u012fsigyti atskirai. Su \u0161ia detale, stela\u017eai gali b\u016bti tvirtinami tiesiai prie sienos, o panaudojant ilgasriegius \u2013 ir pageidaujamu atstumu atitraukti nuo sienos. J\u0173 pagalba, galima sujungti ir dvi, lygiagre\u010diai stovin\u010di\u0173 stela\u017e\u0173 eiles<\/p>\n<\/div>","protected":false},"excerpt":{"rendered":"<p>Tvirtinimo var\u017etus reikia \u012fsigyti atskirai. Su \u0161ia detale, stela\u017eai gali b\u016bti tvirtinami tiesiai prie sienos, o panaudojant ilgasriegius \u2013 ir pageidaujamu atstumu atitraukti nuo sienos. J\u0173 pagalba, galima sujungti ir dvi, lygiagre\u010diai stovin\u010di\u0173 stela\u017e\u0173 eiles<\/p>","protected":false},"featured_media":12927,"comment_status":"open","ping_status":"closed","template":"","meta":[],"product_cat":[26],"product_tag":[],"_links":{"self":[{"href":"https:\/\/hugas.lt\/en\/wp-json\/wp\/v2\/product\/12926"}],"collection":[{"href":"https:\/\/hugas.lt\/en\/wp-json\/wp\/v2\/product"}],"about":[{"href":"https:\/\/hugas.lt\/en\/wp-json\/wp\/v2\/types\/product"}],"replies":[{"embeddable":true,"href":"https:\/\/hugas.lt\/en\/wp-json\/wp\/v2\/comments?post=12926"}],"wp:featuredmedia":[{"embeddable":true,"href":"https:\/\/hugas.lt\/en\/wp-json\/wp\/v2\/media\/12927"}],"wp:attachment":[{"href":"https:\/\/hugas.lt\/en\/wp-json\/wp\/v2\/media?parent=12926"}],"wp:term":[{"taxonomy":"product_cat","embeddable":true,"href":"https:\/\/hugas.lt\/en\/wp-json\/wp\/v2\/product_cat?post=12926"},{"taxonomy":"product_tag","embeddable":true,"href":"https:\/\/hugas.lt\/en\/wp-json\/wp\/v2\/product_tag?post=12926"}],"curies":[{"name":"wp","href":"https:\/\/api.w.org\/{rel}","templated":true}]}}