{"id":12855,"date":"2025-03-13T10:46:47","date_gmt":"2025-03-13T08:46:47","guid":{"rendered":"https:\/\/hugas.lt\/?post_type=product&#038;p=12855"},"modified":"2025-05-18T15:31:30","modified_gmt":"2025-05-18T13:31:30","slug":"sustiprintas-darbastalis-2100x620x850h-su-3-spintelemis-8","status":"publish","type":"product","link":"https:\/\/hugas.lt\/en\/product\/sustiprintas-darbastalis-2100x620x850h-su-3-spintelemis-8\/","title":{"rendered":"Sustiprintas darbastalis 2100x620x850H su 3 spintel\u0117mis"},"content":{"rendered":"<h2>Sustiprintas darbastalis 2100x620x850H su 3 spintel\u0117mis<\/h2>\n<p>Jis skirtas pramon\u0117s \u012fmoni\u0173 ir sunkve\u017eimi\u0173 technin\u0117s prie\u017ei\u016bros sto\u010di\u0173 darbo viet\u0173 \u012frengimui. Jis sukurtas specialiai darbui su nuolatin\u0117mis didel\u0117mis apkrovomis.<\/p>\n<p>Darbastalio spinteli\u0173 i\u0161d\u0117stymas gali b\u016bti kei\u010diamas surinkimo metu.<\/p>\n<p>Didel\u0117s apkrovos darbo stalai reikalingi darbo vietoms \u012frengti gamybiniuose cechuose, mokyklose, gamykl\u0173 ir sand\u0117li\u0173 remonto zonose, gara\u017euose, kaimo sodybose ir \u0161altkalvi\u0173 dirbtuv\u0117se. Didel\u0117s apkrovos darbo stalai padidino tvirtum\u0105, d\u0117l sustiprinto r\u0117mo gali atlaikyti 600-900 kg apkrov\u0105. Darbo stalai gaminami i\u0161 auk\u0161tos kokyb\u0117s plieno, OSB-25 mm stalvir\u0161is su 2 mm plieno lak\u0161tu, su metaliniais da\u017eytais apvadais, taip pat nuda\u017eyti specialiais milteliniais da\u017eais \u2013 d\u0117l to ma\u017eiau matomi pa\u017eeidimai ir \u012flenkimai, o darbo vieta \u2013 tvarkinga.<\/p>\n<p>Darbastalis pagamintas i\u0161 auk\u0161tos kokyb\u0117s med\u017eiag\u0173, naudojant papildomus standumo elementus, kurie u\u017etikrina darbo stal\u0173 darbingum\u0105 ir kietesn\u0117mis s\u0105lygomis<\/p>\n<p>Maksimali tolygiai paskirstyta apkrova ant stalvir\u0161io Dviej\u0173 spinteli\u0173 darbastalis \u2013 600 kg, trij\u0173 spinteli\u0173 \u2013 900 kg. Did\u017eiausia stal\u010diaus apkrova \u2013 40 kg.<\/p>\n<p>Darbastalis pristatomas nesurinktas (supakuotas \u012f gofruot\u0105 karton\u0105). Surinkimas paprastas, pridedama instrukcija.<\/p>\n<p>Korpusas tamsiai pilkas \u2013 RAL +7015; Fasadas pilkas \u2013 RAL +7040<\/p>","protected":false},"excerpt":{"rendered":"<div class=\"product-short-description\">\n<p>Ilgis \u2013 2100 mm.<\/p>\n<p>Plotis \u2013 620 mm.<\/p>\n<p>Auk\u0161tis \u2013 850 mm.<\/p>\n<p>Apkrova \u2013 900 kg.<\/p>\n<p>Da\u017eymas miltelinis.<\/p>\n<\/div>","protected":false},"featured_media":12859,"comment_status":"open","ping_status":"closed","template":"","meta":[],"product_cat":[42,69],"product_tag":[],"_links":{"self":[{"href":"https:\/\/hugas.lt\/en\/wp-json\/wp\/v2\/product\/12855"}],"collection":[{"href":"https:\/\/hugas.lt\/en\/wp-json\/wp\/v2\/product"}],"about":[{"href":"https:\/\/hugas.lt\/en\/wp-json\/wp\/v2\/types\/product"}],"replies":[{"embeddable":true,"href":"https:\/\/hugas.lt\/en\/wp-json\/wp\/v2\/comments?post=12855"}],"wp:featuredmedia":[{"embeddable":true,"href":"https:\/\/hugas.lt\/en\/wp-json\/wp\/v2\/media\/12859"}],"wp:attachment":[{"href":"https:\/\/hugas.lt\/en\/wp-json\/wp\/v2\/media?parent=12855"}],"wp:term":[{"taxonomy":"product_cat","embeddable":true,"href":"https:\/\/hugas.lt\/en\/wp-json\/wp\/v2\/product_cat?post=12855"},{"taxonomy":"product_tag","embeddable":true,"href":"https:\/\/hugas.lt\/en\/wp-json\/wp\/v2\/product_tag?post=12855"}],"curies":[{"name":"wp","href":"https:\/\/api.w.org\/{rel}","templated":true}]}}