{"id":12508,"date":"2024-11-26T17:15:27","date_gmt":"2024-11-26T15:15:27","guid":{"rendered":"https:\/\/hugas.lt\/?post_type=product&#038;p=12508"},"modified":"2025-02-12T16:29:45","modified_gmt":"2025-02-12T14:29:45","slug":"plastikine-dezute-703-50%d1%8590%d1%85100%d0%bc%d0%bc","status":"publish","type":"product","link":"https:\/\/hugas.lt\/en\/product\/plastikine-dezute-703-50%d1%8590%d1%85100%d0%bc%d0%bc\/","title":{"rendered":"Plastikin\u0117 d\u0117\u017eut\u0117 703 50\u044590\u0445100\u043c\u043c"},"content":{"rendered":"<p>Plastikin\u0117 d\u0117\u017eut\u0117 50\u044590\u0445100\u043c\u043c<\/p>","protected":false},"excerpt":{"rendered":"<p>Plastikin\u0117 d\u0117\u017eut\u0117 50\u044590\u0445100\u043c\u043c<\/p>","protected":false},"featured_media":12509,"comment_status":"open","ping_status":"closed","template":"","meta":[],"product_cat":[68,88],"product_tag":[],"_links":{"self":[{"href":"https:\/\/hugas.lt\/en\/wp-json\/wp\/v2\/product\/12508"}],"collection":[{"href":"https:\/\/hugas.lt\/en\/wp-json\/wp\/v2\/product"}],"about":[{"href":"https:\/\/hugas.lt\/en\/wp-json\/wp\/v2\/types\/product"}],"replies":[{"embeddable":true,"href":"https:\/\/hugas.lt\/en\/wp-json\/wp\/v2\/comments?post=12508"}],"wp:featuredmedia":[{"embeddable":true,"href":"https:\/\/hugas.lt\/en\/wp-json\/wp\/v2\/media\/12509"}],"wp:attachment":[{"href":"https:\/\/hugas.lt\/en\/wp-json\/wp\/v2\/media?parent=12508"}],"wp:term":[{"taxonomy":"product_cat","embeddable":true,"href":"https:\/\/hugas.lt\/en\/wp-json\/wp\/v2\/product_cat?post=12508"},{"taxonomy":"product_tag","embeddable":true,"href":"https:\/\/hugas.lt\/en\/wp-json\/wp\/v2\/product_tag?post=12508"}],"curies":[{"name":"wp","href":"https:\/\/api.w.org\/{rel}","templated":true}]}}