{"id":12505,"date":"2024-11-26T17:10:23","date_gmt":"2024-11-26T15:10:23","guid":{"rendered":"https:\/\/hugas.lt\/?post_type=product&#038;p=12505"},"modified":"2026-03-28T03:14:36","modified_gmt":"2026-03-28T01:14:36","slug":"plastikine-dezute-701-125%d1%85140%d1%85230%d0%bc%d0%bc","status":"publish","type":"product","link":"https:\/\/hugas.lt\/en\/product\/plastikine-dezute-701-125%d1%85140%d1%85230%d0%bc%d0%bc\/","title":{"rendered":"Plastikin\u0117 d\u0117\u017eut\u0117 701 125\u0445140\u0445230\u043c\u043c"},"content":{"rendered":"<p>Plastikin\u0117 d\u0117\u017eut\u0117 125x140x230mm<\/p>","protected":false},"excerpt":{"rendered":"<p>Plastikin\u0117 d\u0117\u017eut\u0117 125x140x230mm<\/p>","protected":false},"featured_media":12506,"comment_status":"open","ping_status":"closed","template":"","meta":[],"product_cat":[68,88],"product_tag":[],"_links":{"self":[{"href":"https:\/\/hugas.lt\/en\/wp-json\/wp\/v2\/product\/12505"}],"collection":[{"href":"https:\/\/hugas.lt\/en\/wp-json\/wp\/v2\/product"}],"about":[{"href":"https:\/\/hugas.lt\/en\/wp-json\/wp\/v2\/types\/product"}],"replies":[{"embeddable":true,"href":"https:\/\/hugas.lt\/en\/wp-json\/wp\/v2\/comments?post=12505"}],"wp:featuredmedia":[{"embeddable":true,"href":"https:\/\/hugas.lt\/en\/wp-json\/wp\/v2\/media\/12506"}],"wp:attachment":[{"href":"https:\/\/hugas.lt\/en\/wp-json\/wp\/v2\/media?parent=12505"}],"wp:term":[{"taxonomy":"product_cat","embeddable":true,"href":"https:\/\/hugas.lt\/en\/wp-json\/wp\/v2\/product_cat?post=12505"},{"taxonomy":"product_tag","embeddable":true,"href":"https:\/\/hugas.lt\/en\/wp-json\/wp\/v2\/product_tag?post=12505"}],"curies":[{"name":"wp","href":"https:\/\/api.w.org\/{rel}","templated":true}]}}