{"id":11730,"date":"2024-06-27T10:17:33","date_gmt":"2024-06-27T08:17:33","guid":{"rendered":"https:\/\/hugas.lt\/?post_type=product&#038;p=11730"},"modified":"2024-06-27T10:17:34","modified_gmt":"2024-06-27T08:17:34","slug":"irankiu-spintele-1000%d1%85730%d1%851020","status":"publish","type":"product","link":"https:\/\/hugas.lt\/en\/product\/irankiu-spintele-1000%d1%85730%d1%851020\/","title":{"rendered":"\u012eranki\u0173 spintel\u0117 1000\u0445730\u04451020"},"content":{"rendered":"<p><span class=\"HwtZe\" lang=\"lt\" style=\"color: #282828;\"><span class=\"jCAhz JxVs2d ChMk0b\"><span class=\"ryNqvb\">ShI-6M2S \u012franki\u0173 spinta yra patikima ir patvari, skirta pramoniniam naudojimui.<\/span><\/span> <span class=\"jCAhz JxVs2d\"><span class=\"ryNqvb\">D\u0117l sustiprintos konstrukcijos spinta gali atlaikyti iki 800 kg apkrov\u0105.<\/span><\/span> <span class=\"jCAhz JxVs2d ChMk0b\"><span class=\"ryNqvb\">Jo pakuot\u0117je yra 6 ma\u017ei stal\u010diai ir 2 vidutiniai, kuriuose yra pakankamai vietos \u012fvairiems \u012frankiams susid\u0117ti.<\/span><\/span> <span class=\"jCAhz JxVs2d ChMk0b\"><span class=\"ryNqvb\">Stal\u010di\u0173 kreiptuvai, sukurti didesniam apkrovimui, leid\u017eia vartotojui lengvai ir patogiai pasiekti turin\u012f.<\/span><\/span> <span class=\"jCAhz JxVs2d ChMk0b\"><span class=\"ryNqvb\">Dizaino ypatyb\u0117 \u2013 apatin\u0117 dalis su pad\u0117klu, skirta patogiam spintel\u0117s jud\u0117jimui, o tai padidina spintos mobilum\u0105.<\/span><\/span><\/span><\/p>\n<p><span class=\"HwtZe\" lang=\"lt\" style=\"color: #282828;\"><span class=\"jCAhz JxVs2d ChMk0b\"><span class=\"ryNqvb\">Spintel\u0117s ShI-6M2S pad\u0117klas pagamintas i\u0161 cinkuoto metalo su padengta polimerine danga, kuri suteikia papildom\u0105 apsaug\u0105 nuo korozijos ir susid\u0117v\u0117jimo.<\/span><\/span> <span class=\"jCAhz JxVs2d\"><span class=\"ryNqvb\">Centrinis u\u017eraktas u\u017etikrina patikim\u0105 turinio apsaug\u0105 nuo neteis\u0117tos prieigos.<\/span><\/span> <span class=\"jCAhz JxVs2d\"><span class=\"ryNqvb\">Spintel\u0117 apdorota specialiu antikoroziniu mi\u0161iniu ir nuda\u017eyta milteliniais da\u017eais RAL-7015.<\/span><\/span> <span class=\"jCAhz JxVs2d ChMk0b\"><span class=\"ryNqvb\">Tai suteikia estetin\u0119 i\u0161vaizd\u0105 ir papildom\u0105 atsparum\u0105 neigiamam i\u0161oriniam poveikiui. <\/span><\/span><\/span><\/p>\n<p><span class=\"HwtZe\" lang=\"lt\" style=\"color: #282828;\"><span class=\"jCAhz JxVs2d ChMk0b\"><span class=\"ryNqvb\">\u012eranki\u0173 spintos SHI-6M2S privalumai: <\/span><\/span> <\/span><\/p>\n<ul>\n<li><span class=\"HwtZe\" lang=\"lt\" style=\"color: #282828;\"><span class=\"jCAhz JxVs2d ChMk0b\"><span class=\"ryNqvb\">Lengvas naudojimas: sustiprinti kreiptuvai su visa prieiga prie turinio. <\/span><\/span><\/span><\/li>\n<li><span class=\"HwtZe\" lang=\"lt\" style=\"color: #282828;\"> <span class=\"jCAhz JxVs2d ChMk0b\"><span class=\"ryNqvb\">Sustiprinta konstrukcija: u\u017etikrina ilgaam\u017ei\u0161kum\u0105 ir patikimum\u0105 pramonin\u0117mis s\u0105lygomis. <\/span><\/span> <\/span><\/li>\n<li><span class=\"HwtZe\" lang=\"lt\" style=\"color: #282828;\"><span class=\"jCAhz JxVs2d ChMk0b\"><span class=\"ryNqvb\">Didel\u0117 keliamoji galia: galimyb\u0117 laikyti sunkius \u012frankius, nes apkrova iki 800 kg. <\/span><\/span> <\/span><\/li>\n<li><span class=\"HwtZe\" lang=\"lt\" style=\"color: #282828;\"><span class=\"jCAhz JxVs2d ChMk0b\"><span class=\"ryNqvb\">Mobilumas: dugnas su pad\u0117klu komodos perk\u0117limui leid\u017eia lengvai perkelti spintel\u0119 \u012f norim\u0105 viet\u0105. <\/span><\/span> <\/span><\/li>\n<li><span class=\"HwtZe\" lang=\"lt\" style=\"color: #282828;\"><span class=\"jCAhz JxVs2d ChMk0b\"><span class=\"ryNqvb\">Apsauga nuo korozijos: cinkuotas pad\u0117klas su polimerine danga ir antikoroziniu apdorojimu prailgina spintel\u0117s tarnavimo laik\u0105.<\/span><\/span><\/span><\/li>\n<\/ul>","protected":false},"excerpt":{"rendered":"<p><span class=\"HwtZe\" lang=\"lt\"><span class=\"jCAhz JxVs2d ChMk0b\"><span class=\"ryNqvb\">Modelis SH-6M2S <\/span><\/span><\/span><\/p>\n<p><span class=\"HwtZe\" lang=\"lt\"><span class=\"jCAhz JxVs2d ChMk0b\"><span class=\"ryNqvb\">Plotis (mm) 1000 <\/span><\/span><\/span><\/p>\n<p><span class=\"HwtZe\" lang=\"lt\"><span class=\"jCAhz JxVs2d ChMk0b\"><span class=\"ryNqvb\">Gylis (mm) 730 <\/span><\/span><\/span><\/p>\n<p><span class=\"HwtZe\" lang=\"lt\"><span class=\"jCAhz JxVs2d ChMk0b\"><span class=\"ryNqvb\">Auk\u0161tis (mm) 1020 <\/span><\/span><\/span><\/p>\n<p><span class=\"HwtZe\" lang=\"lt\"><span class=\"jCAhz JxVs2d ChMk0b\"><span class=\"ryNqvb\">Stal\u010diai 8 <\/span><\/span><\/span><\/p>\n<p><span class=\"HwtZe\" lang=\"lt\"><span class=\"jCAhz JxVs2d ChMk0b\"><span class=\"ryNqvb\">Bendras svoris 152 kg <\/span><\/span><\/span><\/p>\n<p><span class=\"HwtZe\" lang=\"lt\"><span class=\"jCAhz JxVs2d ChMk0b\"><span class=\"ryNqvb\">Pakuot\u0117s matmenys, mm 1000 x 730 x 1020 <\/span><\/span><\/span><\/p>\n<p><span class=\"HwtZe\" lang=\"lt\"><span class=\"jCAhz JxVs2d ChMk0b\"><span class=\"ryNqvb\">Stal\u010diaus apkrova (kg) 100<\/span><\/span><\/span><\/p>\n<p>Spalva RAL7015<\/p>","protected":false},"featured_media":11733,"comment_status":"open","ping_status":"closed","template":"","meta":[],"product_cat":[39,20],"product_tag":[],"_links":{"self":[{"href":"https:\/\/hugas.lt\/en\/wp-json\/wp\/v2\/product\/11730"}],"collection":[{"href":"https:\/\/hugas.lt\/en\/wp-json\/wp\/v2\/product"}],"about":[{"href":"https:\/\/hugas.lt\/en\/wp-json\/wp\/v2\/types\/product"}],"replies":[{"embeddable":true,"href":"https:\/\/hugas.lt\/en\/wp-json\/wp\/v2\/comments?post=11730"}],"wp:featuredmedia":[{"embeddable":true,"href":"https:\/\/hugas.lt\/en\/wp-json\/wp\/v2\/media\/11733"}],"wp:attachment":[{"href":"https:\/\/hugas.lt\/en\/wp-json\/wp\/v2\/media?parent=11730"}],"wp:term":[{"taxonomy":"product_cat","embeddable":true,"href":"https:\/\/hugas.lt\/en\/wp-json\/wp\/v2\/product_cat?post=11730"},{"taxonomy":"product_tag","embeddable":true,"href":"https:\/\/hugas.lt\/en\/wp-json\/wp\/v2\/product_tag?post=11730"}],"curies":[{"name":"wp","href":"https:\/\/api.w.org\/{rel}","templated":true}]}}