{"id":11726,"date":"2024-06-27T10:07:24","date_gmt":"2024-06-27T08:07:24","guid":{"rendered":"https:\/\/hugas.lt\/?post_type=product&#038;p=11726"},"modified":"2024-06-27T10:07:24","modified_gmt":"2024-06-27T08:07:24","slug":"irankiu-spinta-su-3-stalciais-ir-3-lentynomis","status":"publish","type":"product","link":"https:\/\/hugas.lt\/en\/product\/irankiu-spinta-su-3-stalciais-ir-3-lentynomis\/","title":{"rendered":"\u012eranki\u0173 spinta su 3 stal\u010diais ir 3 lentynomis"},"content":{"rendered":"<p><span class=\"HwtZe\" lang=\"lt\"><span class=\"jCAhz JxVs2d ChMk0b\"><span class=\"ryNqvb\">ShPI-10\/3P\/3B modelis <\/span><\/span><\/span><\/p>\n<p><span class=\"HwtZe\" lang=\"lt\"><span class=\"jCAhz JxVs2d ChMk0b\"><span class=\"ryNqvb\">Plotis (mm) 1000 <\/span><\/span><\/span><\/p>\n<p><span class=\"HwtZe\" lang=\"lt\"><span class=\"jCAhz JxVs2d ChMk0b\"><span class=\"ryNqvb\">Gylis (mm) 620 <\/span><\/span><\/span><\/p>\n<p><span class=\"HwtZe\" lang=\"lt\"><span class=\"jCAhz JxVs2d ChMk0b\"><span class=\"ryNqvb\">Auk\u0161tis (mm) 1970 m <\/span><\/span><\/span><\/p>\n<p><span class=\"HwtZe\" lang=\"lt\"><span class=\"jCAhz JxVs2d\"><span class=\"ryNqvb\">Stal\u010diai 3<\/span><\/span><\/span><\/p>\n<p><span class=\"HwtZe\" lang=\"lt\"> <span class=\"jCAhz JxVs2d ChMk0b\"><span class=\"ryNqvb\">Lentyn\u0173 skai\u010dius 3 <\/span><\/span><\/span><\/p>\n<p><span class=\"HwtZe\" lang=\"lt\"><span class=\"jCAhz JxVs2d ChMk0b\"><span class=\"ryNqvb\">Svoris 195 kg <\/span><\/span><\/span><\/p>\n<p><span class=\"HwtZe\" lang=\"lt\"><span class=\"jCAhz JxVs2d ChMk0b\"><span class=\"ryNqvb\">Lentynos apkrova 200 kg <\/span><\/span><\/span><\/p>\n<p><span class=\"HwtZe\" lang=\"lt\"><span class=\"jCAhz JxVs2d ChMk0b\"><span class=\"ryNqvb\">Stal\u010diaus apkrova 100 kg<br \/>\n<\/span><\/span><\/span><\/p>","protected":false},"excerpt":{"rendered":"<p><span class=\"HwtZe\" lang=\"lt\"><span class=\"jCAhz JxVs2d ChMk0b\"><span class=\"ryNqvb\">Plotis (mm) 1000 <\/span><\/span><\/span><\/p>\n<p><span class=\"HwtZe\" lang=\"lt\"><span class=\"jCAhz JxVs2d ChMk0b\"><span class=\"ryNqvb\">Gylis (mm) 620 <\/span><\/span><\/span><\/p>\n<p><span class=\"HwtZe\" lang=\"lt\"><span class=\"jCAhz JxVs2d ChMk0b\"><span class=\"ryNqvb\">Auk\u0161tis (mm) 1970 m <\/span><\/span><\/span><\/p>\n<p><span class=\"HwtZe\" lang=\"lt\"><span class=\"jCAhz JxVs2d\"><span class=\"ryNqvb\">Stal\u010diai 3<\/span><\/span><\/span><\/p>\n<p><span class=\"HwtZe\" lang=\"lt\"> <span class=\"jCAhz JxVs2d ChMk0b\"><span class=\"ryNqvb\">Lentyn\u0173 skai\u010dius 3 <\/span><\/span><\/span><\/p>\n<p><span class=\"HwtZe\" lang=\"lt\"><span class=\"jCAhz JxVs2d ChMk0b\"><span class=\"ryNqvb\">Svoris 195 kg <\/span><\/span><\/span><\/p>\n<p><span class=\"HwtZe\" lang=\"lt\"><span class=\"jCAhz JxVs2d ChMk0b\"><span class=\"ryNqvb\">Lentynos apkrova 200 kg <\/span><\/span><\/span><\/p>\n<p><span class=\"HwtZe\" lang=\"lt\"><span class=\"jCAhz JxVs2d ChMk0b\"><span class=\"ryNqvb\">Stal\u010diaus apkrova 100 kg<\/span><\/span><\/span><\/p>","protected":false},"featured_media":11728,"comment_status":"open","ping_status":"closed","template":"","meta":[],"product_cat":[39,20],"product_tag":[],"_links":{"self":[{"href":"https:\/\/hugas.lt\/en\/wp-json\/wp\/v2\/product\/11726"}],"collection":[{"href":"https:\/\/hugas.lt\/en\/wp-json\/wp\/v2\/product"}],"about":[{"href":"https:\/\/hugas.lt\/en\/wp-json\/wp\/v2\/types\/product"}],"replies":[{"embeddable":true,"href":"https:\/\/hugas.lt\/en\/wp-json\/wp\/v2\/comments?post=11726"}],"wp:featuredmedia":[{"embeddable":true,"href":"https:\/\/hugas.lt\/en\/wp-json\/wp\/v2\/media\/11728"}],"wp:attachment":[{"href":"https:\/\/hugas.lt\/en\/wp-json\/wp\/v2\/media?parent=11726"}],"wp:term":[{"taxonomy":"product_cat","embeddable":true,"href":"https:\/\/hugas.lt\/en\/wp-json\/wp\/v2\/product_cat?post=11726"},{"taxonomy":"product_tag","embeddable":true,"href":"https:\/\/hugas.lt\/en\/wp-json\/wp\/v2\/product_tag?post=11726"}],"curies":[{"name":"wp","href":"https:\/\/api.w.org\/{rel}","templated":true}]}}