{"id":11724,"date":"2024-06-27T08:48:58","date_gmt":"2024-06-27T06:48:58","guid":{"rendered":"https:\/\/hugas.lt\/?post_type=product&#038;p=11724"},"modified":"2024-11-10T03:01:38","modified_gmt":"2024-11-10T01:01:38","slug":"irankiu-spinta-zaliuzinemis-durimis-8-stalciu","status":"publish","type":"product","link":"https:\/\/hugas.lt\/en\/product\/irankiu-spinta-zaliuzinemis-durimis-8-stalciu\/","title":{"rendered":"\u012eranki\u0173 spinta \u017ealiuzin\u0117mis durimis 8 stal\u010di\u0173"},"content":{"rendered":"<p><span class=\"HwtZe\" lang=\"lt\"><span class=\"jCAhz JxVs2d ChMk0b\"><span class=\"ryNqvb\">Modelis SHI-10\/2P\/8V R <\/span><\/span><\/span><\/p>\n<p><span class=\"HwtZe\" lang=\"lt\"><span class=\"jCAhz JxVs2d ChMk0b\"><span class=\"ryNqvb\">Plotis (mm) 1045 <\/span><\/span><\/span><\/p>\n<p><span class=\"HwtZe\" lang=\"lt\"><span class=\"jCAhz JxVs2d ChMk0b\"><span class=\"ryNqvb\">Gylis (mm) 500 <\/span><\/span><\/span><\/p>\n<p><span class=\"HwtZe\" lang=\"lt\"><span class=\"jCAhz JxVs2d ChMk0b\"><span class=\"ryNqvb\">Auk\u0161tis (mm) 2100 <\/span><\/span><\/span><\/p>\n<p><span class=\"HwtZe\" lang=\"lt\"><span class=\"jCAhz JxVs2d ChMk0b\"><span class=\"ryNqvb\">Stal\u010diai 8 vnt.<\/span><\/span><\/span><\/p>\n<p><span class=\"HwtZe\" lang=\"lt\"> <span class=\"jCAhz JxVs2d ChMk0b\"><span class=\"ryNqvb\">Lentyn\u0173 skai\u010dius (vnt.) 2<\/span><\/span><\/span><\/p>\n<p><span class=\"HwtZe\" lang=\"lt\"> <span class=\"jCAhz JxVs2d ChMk0b\"><span class=\"ryNqvb\">Bendras svoris, 155 kg <\/span><\/span><\/span><\/p>\n<p><span class=\"HwtZe\" lang=\"lt\"><span class=\"jCAhz JxVs2d ChMk0b\"><span class=\"ryNqvb\">Lentynos apkrova, 120 kg<\/span><\/span><\/span><\/p>\n<p>Spalva RAL7015<\/p>","protected":false},"excerpt":{"rendered":"<p><span class=\"HwtZe\" lang=\"lt\"><span class=\"jCAhz JxVs2d ChMk0b\"><span class=\"ryNqvb\">Plotis (mm) 1045 <\/span><\/span><\/span><\/p>\n<p><span class=\"HwtZe\" lang=\"lt\"><span class=\"jCAhz JxVs2d ChMk0b\"><span class=\"ryNqvb\">Gylis (mm) 500 <\/span><\/span><\/span><\/p>\n<p><span class=\"HwtZe\" lang=\"lt\"><span class=\"jCAhz JxVs2d ChMk0b\"><span class=\"ryNqvb\">Auk\u0161tis (mm) 2100 <\/span><\/span><\/span><\/p>\n<p><span class=\"HwtZe\" lang=\"lt\"><span class=\"jCAhz JxVs2d ChMk0b\"><span class=\"ryNqvb\">Stal\u010diai 8 vnt.<\/span><\/span><\/span><\/p>\n<p><span class=\"HwtZe\" lang=\"lt\"> <span class=\"jCAhz JxVs2d ChMk0b\"><span class=\"ryNqvb\">Lentyn\u0173 skai\u010dius (vnt.) 2<\/span><\/span><\/span><\/p>\n<p><span class=\"HwtZe\" lang=\"lt\"> <span class=\"jCAhz JxVs2d ChMk0b\"><span class=\"ryNqvb\">Bendras svoris, 155 kg <\/span><\/span><\/span><\/p>\n<p><span class=\"HwtZe\" lang=\"lt\"><span class=\"jCAhz JxVs2d ChMk0b\"><span class=\"ryNqvb\">Lentynos apkrova, 120 kg<\/span><\/span><\/span><\/p>\n<p>Spalva RAL7015<\/p>","protected":false},"featured_media":11725,"comment_status":"open","ping_status":"closed","template":"","meta":[],"product_cat":[39,20],"product_tag":[],"_links":{"self":[{"href":"https:\/\/hugas.lt\/en\/wp-json\/wp\/v2\/product\/11724"}],"collection":[{"href":"https:\/\/hugas.lt\/en\/wp-json\/wp\/v2\/product"}],"about":[{"href":"https:\/\/hugas.lt\/en\/wp-json\/wp\/v2\/types\/product"}],"replies":[{"embeddable":true,"href":"https:\/\/hugas.lt\/en\/wp-json\/wp\/v2\/comments?post=11724"}],"wp:featuredmedia":[{"embeddable":true,"href":"https:\/\/hugas.lt\/en\/wp-json\/wp\/v2\/media\/11725"}],"wp:attachment":[{"href":"https:\/\/hugas.lt\/en\/wp-json\/wp\/v2\/media?parent=11724"}],"wp:term":[{"taxonomy":"product_cat","embeddable":true,"href":"https:\/\/hugas.lt\/en\/wp-json\/wp\/v2\/product_cat?post=11724"},{"taxonomy":"product_tag","embeddable":true,"href":"https:\/\/hugas.lt\/en\/wp-json\/wp\/v2\/product_tag?post=11724"}],"curies":[{"name":"wp","href":"https:\/\/api.w.org\/{rel}","templated":true}]}}