{"id":11722,"date":"2024-06-27T08:43:24","date_gmt":"2024-06-27T06:43:24","guid":{"rendered":"https:\/\/hugas.lt\/?post_type=product&#038;p=11722"},"modified":"2024-11-10T03:35:36","modified_gmt":"2024-11-10T01:35:36","slug":"irankiu-spinta-su-8-stalciais-ir-2-lentynomis-1970%d1%851000%d1%85500","status":"publish","type":"product","link":"https:\/\/hugas.lt\/en\/product\/irankiu-spinta-su-8-stalciais-ir-2-lentynomis-1970%d1%851000%d1%85500\/","title":{"rendered":"\u012eranki\u0173 spinta su 8 stal\u010diais ir 2 lentynomis 1970\u04451000\u0445500"},"content":{"rendered":"<p><span class=\"HwtZe\" lang=\"lt\"><span class=\"jCAhz JxVs2d ChMk0b\"><span class=\"ryNqvb\">Modelis SHI-10\/2P\/8B <\/span><\/span><\/span><\/p>\n<p><span class=\"HwtZe\" lang=\"lt\"><span class=\"jCAhz JxVs2d ChMk0b\"><span class=\"ryNqvb\">Plotis (mm) 1000 <\/span><\/span><\/span><\/p>\n<p><span class=\"HwtZe\" lang=\"lt\"><span class=\"jCAhz JxVs2d ChMk0b\"><span class=\"ryNqvb\">Gylis (mm) 500 <\/span><\/span><\/span><\/p>\n<p><span class=\"HwtZe\" lang=\"lt\"><span class=\"jCAhz JxVs2d ChMk0b\"><span class=\"ryNqvb\">Auk\u0161tis (mm) 1970 m <\/span><\/span><\/span><\/p>\n<p><span class=\"HwtZe\" lang=\"lt\"><span class=\"jCAhz JxVs2d ChMk0b\"><span class=\"ryNqvb\">Stal\u010diai 8 vnt.<\/span><\/span><\/span><\/p>\n<p><span class=\"HwtZe\" lang=\"lt\"> <span class=\"jCAhz JxVs2d ChMk0b\"><span class=\"ryNqvb\">Lentyn\u0173 skai\u010dius (vnt.) 2<\/span><\/span><\/span><\/p>\n<p><span class=\"HwtZe\" lang=\"lt\"> <span class=\"jCAhz JxVs2d ChMk0b\"><span class=\"ryNqvb\">Bendras svoris, 155 kg <\/span><\/span><\/span><\/p>\n<p><span class=\"HwtZe\" lang=\"lt\"><span class=\"jCAhz JxVs2d ChMk0b\"><span class=\"ryNqvb\">Lentynos apkrova, 120 kg <\/span><\/span><\/span><\/p>\n<p><span class=\"HwtZe\" lang=\"lt\"><span class=\"jCAhz JxVs2d ChMk0b\"><span class=\"ryNqvb\">\u00a0<\/span><\/span><span class=\"jCAhz JxVs2d\"><span class=\"ryNqvb\">Produkto spalva RAL7015<br \/>\n<\/span><\/span><\/span><\/p>","protected":false},"excerpt":{"rendered":"<p><span class=\"HwtZe\" lang=\"lt\"><span class=\"jCAhz JxVs2d ChMk0b\"><span class=\"ryNqvb\">Plotis (mm) 1000 <\/span><\/span><\/span><\/p>\n<p><span class=\"HwtZe\" lang=\"lt\"><span class=\"jCAhz JxVs2d ChMk0b\"><span class=\"ryNqvb\">Gylis (mm) 500 <\/span><\/span><\/span><\/p>\n<p><span class=\"HwtZe\" lang=\"lt\"><span class=\"jCAhz JxVs2d ChMk0b\"><span class=\"ryNqvb\">Auk\u0161tis (mm) 1970 m <\/span><\/span><\/span><\/p>\n<p><span class=\"HwtZe\" lang=\"lt\"><span class=\"jCAhz JxVs2d ChMk0b\"><span class=\"ryNqvb\">Stal\u010diai 8 vnt.<\/span><\/span><\/span><\/p>\n<p><span class=\"HwtZe\" lang=\"lt\"> <span class=\"jCAhz JxVs2d ChMk0b\"><span class=\"ryNqvb\">Lentyn\u0173 skai\u010dius (vnt.) 2<\/span><\/span><\/span><\/p>\n<p><span class=\"HwtZe\" lang=\"lt\"> <span class=\"jCAhz JxVs2d ChMk0b\"><span class=\"ryNqvb\">Bendras svoris, 155 kg <\/span><\/span><\/span><\/p>\n<p><span class=\"HwtZe\" lang=\"lt\"><span class=\"jCAhz JxVs2d ChMk0b\"><span class=\"ryNqvb\">Lentynos apkrova, 120 kg <\/span><\/span><\/span><\/p>\n<p><span class=\"HwtZe\" lang=\"lt\"><span class=\"jCAhz JxVs2d ChMk0b\"><span class=\"ryNqvb\">\u00a0<\/span><\/span><span class=\"jCAhz JxVs2d\"><span class=\"ryNqvb\">Produkto spalva RAL7015<\/span><\/span><\/span><\/p>","protected":false},"featured_media":11723,"comment_status":"open","ping_status":"closed","template":"","meta":[],"product_cat":[39,20],"product_tag":[],"_links":{"self":[{"href":"https:\/\/hugas.lt\/en\/wp-json\/wp\/v2\/product\/11722"}],"collection":[{"href":"https:\/\/hugas.lt\/en\/wp-json\/wp\/v2\/product"}],"about":[{"href":"https:\/\/hugas.lt\/en\/wp-json\/wp\/v2\/types\/product"}],"replies":[{"embeddable":true,"href":"https:\/\/hugas.lt\/en\/wp-json\/wp\/v2\/comments?post=11722"}],"wp:featuredmedia":[{"embeddable":true,"href":"https:\/\/hugas.lt\/en\/wp-json\/wp\/v2\/media\/11723"}],"wp:attachment":[{"href":"https:\/\/hugas.lt\/en\/wp-json\/wp\/v2\/media?parent=11722"}],"wp:term":[{"taxonomy":"product_cat","embeddable":true,"href":"https:\/\/hugas.lt\/en\/wp-json\/wp\/v2\/product_cat?post=11722"},{"taxonomy":"product_tag","embeddable":true,"href":"https:\/\/hugas.lt\/en\/wp-json\/wp\/v2\/product_tag?post=11722"}],"curies":[{"name":"wp","href":"https:\/\/api.w.org\/{rel}","templated":true}]}}