{"id":11587,"date":"2024-05-30T11:09:15","date_gmt":"2024-05-30T09:09:15","guid":{"rendered":"https:\/\/hugas.lt\/?post_type=product&#038;p=11587"},"modified":"2024-09-16T13:35:14","modified_gmt":"2024-09-16T11:35:14","slug":"darbastalis-1500x620xh850-7","status":"publish","type":"product","link":"https:\/\/hugas.lt\/en\/product\/darbastalis-1500x620xh850-7\/","title":{"rendered":"Darbastalis 1500x620xH850 su perforuota sienele ir LED ap\u0161vietimu"},"content":{"rendered":"<h2>Darbastalis 1500x620xH850<\/h2>\n<p>Darbastalis su spintele.<\/p>\n<p>Perforuotos sienel\u0117s dydis: 1120x800mm.<\/p>\n<p>Lentynos apa\u010dioje ilgis 636mm<\/p>\n<p>Gara\u017eams, dirbtuv\u0117ms ir sand\u0117liams pritaikytas, tvirtas ir labai universalus darbastalis. Galite komplektuoti \u0161\u012f darbastal\u012f u\u017esisakydami prakti\u0161kus, J\u016bs\u0173 darbo viet\u0105 gerinan\u010dius, darb\u0105 lengvinan\u010dius ir poreikius atitinkan\u010dius priedus.\u00a0 Tai nebrangus ir labai universalus darbastalis, kuris tiks nedidel\u0117se dirbtuv\u0117se ir pan.<\/p>\n<p>Atsparus skys\u010diams bei \u0161viesos poveikiui. Konstrukcijos r\u0117mas yra pagamintas i\u0161 tvirto, pilkai da\u017eyto ir lakuoto plieno bei yra pritaikytas intensyviam naudojimui. Svor\u012f paskirs\u010dius tolygiai, maksimali darbastalio apkrova siekia 300 kg.<\/p>\n<p>Galb\u016bt Jums reikia protingo \u012franki\u0173 bei kit\u0173 daikt\u0173 saugojimo sprendimo? Kod\u0117l gi neu\u017esisakius lak\u0161tinio plieno konstrukcijos stal\u010di\u0173 modulio ir saugojimo spintos, apatin\u0117s lentynos bei kit\u0173 aksesuar\u0173, kurie pad\u0117s palaikyti darbo vietos tvark\u0105 ir padidins darbo efektyvum\u0105. Priedai ir aksesuarai parduodami atskirai.<\/p>\n<p>Garantuoja saugi\u0105 ir patogi\u0105 darbo viet\u0105 darbuotojui.<\/p>\n<p>Pristatomi nesurinkti, bet juos lengva susirinkti patiems. Pridedama instrukcija.<\/p>\n<p>Darbastalio surinkimo video instrukcija:<\/p>\n<p><iframe title=\"\u0412\u0435\u0440\u0441\u0442\u0430\u043a \u043e\u0434\u043d\u043e\u0442\u0443\u043c\u0431\u043e\u0432\u044b\u0439 \u0441\u0431\u043e\u0440\u043a\u0430\" width=\"1020\" height=\"574\" src=\"https:\/\/www.youtube.com\/embed\/gQBvV30Xeu4?feature=oembed\" frameborder=\"0\" allow=\"accelerometer; autoplay; clipboard-write; encrypted-media; gyroscope; picture-in-picture; web-share\" referrerpolicy=\"strict-origin-when-cross-origin\" allowfullscreen><\/iframe><\/p>\n<p>Pried\u0173 surinkimo video instrukcija:<\/p>\n<p><iframe title=\"\u041d\u0430\u0434\u0431\u0443\u0434\u043e\u0432\u0430 \u043f\u0440\u043e\u043c\u0438\u0441\u043b\u043e\u0432\u043e\u0433\u043e \u0441\u043b\u044e\u0441\u0430\u0440\u043d\u043e\u0433\u043e \u0432\u0435\u0440\u0441\u0442\u0430\u043a\u0430 \u0434\u043b\u044f \u043c\u0430\u0439\u0441\u0442\u0435\u0440\u043d\u0456: \u043f\u043e\u043a\u0440\u043e\u043a\u043e\u0432\u0438\u0439 \u043c\u043e\u043d\u0442\u0430\u0436 \u0434\u043e\u0434\u0430\u0442\u043a\u043e\u0432\u043e\u0457 \u043a\u043e\u043c\u043f\u043b\u0435\u043a\u0442\u0430\u0446\u0456\u0457\" width=\"1020\" height=\"574\" src=\"https:\/\/www.youtube.com\/embed\/Sc65gf5qK74?start=208&#038;feature=oembed\" frameborder=\"0\" allow=\"accelerometer; autoplay; clipboard-write; encrypted-media; gyroscope; picture-in-picture; web-share\" referrerpolicy=\"strict-origin-when-cross-origin\" allowfullscreen><\/iframe><\/p>","protected":false},"excerpt":{"rendered":"<div class=\"product-short-description\">\n<p>Darbastalis su spintele ir lentyna 1500x620x850.<\/p>\n<p>Darbastalis komplektuojamas su:<\/p>\n<ul>\n<li>Lentyna tarp spinteli\u0173 1 vnt.<\/li>\n<li>perforuota sienel\u0117 800 mm auk\u0161\u010dio<\/li>\n<li>perforuotos sienel\u0117s laikikliai<\/li>\n<li>LED ap\u0161vietimas su laikikliais<\/li>\n<\/ul>\n<p>Papildomus priedus galite u\u017esisakyti \u010dia \u2013 https:\/\/hugas.lt\/produkto-kategorija\/darbastalio-priedai\/<\/p>\n<\/div>","protected":false},"featured_media":11226,"comment_status":"open","ping_status":"closed","template":"","meta":[],"product_cat":[42,86,87],"product_tag":[],"_links":{"self":[{"href":"https:\/\/hugas.lt\/en\/wp-json\/wp\/v2\/product\/11587"}],"collection":[{"href":"https:\/\/hugas.lt\/en\/wp-json\/wp\/v2\/product"}],"about":[{"href":"https:\/\/hugas.lt\/en\/wp-json\/wp\/v2\/types\/product"}],"replies":[{"embeddable":true,"href":"https:\/\/hugas.lt\/en\/wp-json\/wp\/v2\/comments?post=11587"}],"wp:featuredmedia":[{"embeddable":true,"href":"https:\/\/hugas.lt\/en\/wp-json\/wp\/v2\/media\/11226"}],"wp:attachment":[{"href":"https:\/\/hugas.lt\/en\/wp-json\/wp\/v2\/media?parent=11587"}],"wp:term":[{"taxonomy":"product_cat","embeddable":true,"href":"https:\/\/hugas.lt\/en\/wp-json\/wp\/v2\/product_cat?post=11587"},{"taxonomy":"product_tag","embeddable":true,"href":"https:\/\/hugas.lt\/en\/wp-json\/wp\/v2\/product_tag?post=11587"}],"curies":[{"name":"wp","href":"https:\/\/api.w.org\/{rel}","templated":true}]}}