{"id":11440,"date":"2024-02-05T10:25:06","date_gmt":"2024-02-05T08:25:06","guid":{"rendered":"https:\/\/hugas.lt\/?post_type=product&#038;p=11440"},"modified":"2024-04-29T12:29:05","modified_gmt":"2024-04-29T10:29:05","slug":"kario-spinta-1900x800x572","status":"publish","type":"product","link":"https:\/\/hugas.lt\/en\/product\/kario-spinta-1900x800x572\/","title":{"rendered":"Kario spinta 1900x800x572"},"content":{"rendered":"<h1>Kario spinta 1900x800x572<\/h1>\n<p>Metalin\u0117, tvirta, ilgaam\u017e\u0117 kario spinta, kuri pilnai atitinka kario l\u016bkes\u010dius. Kario spinta pagaminta i\u0161 storasienio 1 mm plieno lak\u0161t\u0173, da\u017eyta atsparia milteline emale RAL7035.<\/p>\n<p>Specifikacija:<\/p>\n<p>Spintos cokolis &#8211; 100 x 525 x 800 mm.<\/p>\n<p>Vardo kortel\u0117 &#8211; dureli\u0173 vir\u0161uje, 195 mm nuo kra\u0161to ir 105 mm nuo dureli\u0173 vir\u0161aus, kortel\u0117s matmenys 65&#215;35 mm<\/p>\n<p>Ventiliacija &#8211; 15 mm skyl\u0117s dureli\u0173 vir\u0161uje, apa\u010dioje, spintos \u0161onuose, bei stal\u010diuose, u\u017etikrina ger\u0105 ir efektyv\u0173 oro cirkuliavim\u0105.<\/p>\n<p>U\u017eraktas &#8211; cilindrinis 2 ta\u0161k\u0173, duris u\u017erakina vir\u0161uje bei apa\u010dioje. Standarti\u0161kai b\u016bna su u\u017eraktu pakabinamai spynai (PADLOCK), bet gali b\u016bti ir raktinis bei elektroninis.<\/p>\n<p>Durel\u0117s &#8211; kair\u0117je pus\u0117je 455 mm plo\u010dio, de\u0161in\u0117je 345 mm plo\u010dio.<\/p>\n<p>Rankena &#8211; metalin\u0117, privirtinta prie dureli\u0173.<\/p>\n<p>Vidus &#8211; kair\u0117je pus\u0117je (skyriaus plotis 465 mm) kartel\u0117 pakaboms, metaliniai kabliukai, 2 lentynos i\u0161 kuri\u0173 1 reguliuojamo auk\u0161\u010dio. De\u0161in\u0117je pus\u0117je (skyriaus plotis 330 mm) 4 lentynos ir 2 stal\u010diai. Apatinis stal\u010dius 360 mm auk\u0161\u010dio, vir\u0161utinis stal\u010dius 160 mm auk\u0161\u010dio. Stal\u010di\u0173 plotis 295 mm. Stal\u010di\u0173 b\u0117geliai &#8211; metaliniai, pilno i\u0161traukimo, su \u0161velnaus u\u017edarymo mechanizmu. 4 lentynos i\u0161 kuri\u0173 3 gali b\u016bti reguliuojamos, standartinis atstumas tarp lentyn\u0173 &#8211; nuo apatin\u0117s iki 2 lentynos 260 mm, nuo antros iki tre\u010dios 380 mm, nuo tre\u010dios iki ketvirtos 380 mm, nuo ketvirtos iki vir\u0161aus 195 mm. De\u0161in\u0117je vidin\u0117je dureli\u0173 pus\u0117je 4 lentyn\u0117l\u0117s 220&#215;60 mm, lentyn\u0117les privirintos 40 mm atstumu nuo dureli\u0173 kra\u0161to. Atstumas tarp lentyn\u0117li\u0173 &#8211; nuo apa\u010dios iki 1-os lentynos &#8211; 250 mm, nuo 1-os iki 2-os &#8211; 280 mm, nuo 2-os iki 3-ios &#8211; 280, nuo 3-ios iki 4-os &#8211; 360 mm. Kair\u0117je pus\u0117je vidin\u0117je dureli\u0173 pus\u0117je yra privirinta standumo briauna bei 3 kabyklos rank\u0161luos\u010diams. Kabykl\u0173 ilgis 350 mm. atstumas tarp kabykl\u0173 &#8211; 140 mm.<\/p>\n<p><img decoding=\"async\" class=\"alignnone size-full wp-image-11441\" src=\"https:\/\/hugas.lt\/wp-content\/uploads\/2024\/02\/kario-spinta-atvira.png\" alt=\"kario spinta\" width=\"2356\" height=\"2937\" srcset=\"https:\/\/hugas.lt\/wp-content\/uploads\/2024\/02\/kario-spinta-atvira.png 2356w, https:\/\/hugas.lt\/wp-content\/uploads\/2024\/02\/kario-spinta-atvira-241x300.png 241w, https:\/\/hugas.lt\/wp-content\/uploads\/2024\/02\/kario-spinta-atvira-821x1024.png 821w, https:\/\/hugas.lt\/wp-content\/uploads\/2024\/02\/kario-spinta-atvira-768x957.png 768w, https:\/\/hugas.lt\/wp-content\/uploads\/2024\/02\/kario-spinta-atvira-1232x1536.png 1232w, https:\/\/hugas.lt\/wp-content\/uploads\/2024\/02\/kario-spinta-atvira-1643x2048.png 1643w, https:\/\/hugas.lt\/wp-content\/uploads\/2024\/02\/kario-spinta-atvira-10x12.png 10w, https:\/\/hugas.lt\/wp-content\/uploads\/2024\/02\/kario-spinta-atvira-510x636.png 510w, https:\/\/hugas.lt\/wp-content\/uploads\/2024\/02\/kario-spinta-atvira-64x80.png 64w\" sizes=\"(max-width: 2356px) 100vw, 2356px\" \/><\/p>\n<p>&nbsp;<\/p>","protected":false},"excerpt":{"rendered":"<h1>Metalin\u0117 kario spinta 1900x800x572<\/h1>\n<p>Kokybi\u0161kas ir tvirtas pasirinkimas.<\/p>","protected":false},"featured_media":11442,"comment_status":"open","ping_status":"closed","template":"","meta":[],"product_cat":[19,83,35],"product_tag":[],"_links":{"self":[{"href":"https:\/\/hugas.lt\/en\/wp-json\/wp\/v2\/product\/11440"}],"collection":[{"href":"https:\/\/hugas.lt\/en\/wp-json\/wp\/v2\/product"}],"about":[{"href":"https:\/\/hugas.lt\/en\/wp-json\/wp\/v2\/types\/product"}],"replies":[{"embeddable":true,"href":"https:\/\/hugas.lt\/en\/wp-json\/wp\/v2\/comments?post=11440"}],"wp:featuredmedia":[{"embeddable":true,"href":"https:\/\/hugas.lt\/en\/wp-json\/wp\/v2\/media\/11442"}],"wp:attachment":[{"href":"https:\/\/hugas.lt\/en\/wp-json\/wp\/v2\/media?parent=11440"}],"wp:term":[{"taxonomy":"product_cat","embeddable":true,"href":"https:\/\/hugas.lt\/en\/wp-json\/wp\/v2\/product_cat?post=11440"},{"taxonomy":"product_tag","embeddable":true,"href":"https:\/\/hugas.lt\/en\/wp-json\/wp\/v2\/product_tag?post=11440"}],"curies":[{"name":"wp","href":"https:\/\/api.w.org\/{rel}","templated":true}]}}