{"id":11216,"date":"2023-06-21T09:36:13","date_gmt":"2023-06-21T07:36:13","guid":{"rendered":"https:\/\/hugas.lt\/?post_type=product&#038;p=11216"},"modified":"2024-04-29T12:29:24","modified_gmt":"2024-04-29T10:29:24","slug":"issiverciantis-750-ltr-konteineris-scm-750-bk-s","status":"publish","type":"product","link":"https:\/\/hugas.lt\/en\/product\/issiverciantis-750-ltr-konteineris-scm-750-bk-s\/","title":{"rendered":"I\u0161siver\u010diantis 750 ltr konteineris SCM-750 BK-S"},"content":{"rendered":"<h2>I\u0161siver\u010diantis 750 ltr konteineris<\/h2>\n<p>&nbsp;<\/p>\n<p>Konteineris yra pagamintas i\u0161 auk\u0161tos kokyb\u0117s plieno, kuris suformuoja tvirt\u0105 korpus\u0105. Jis padengtas miltelini\u0173 da\u017e\u0173 sluoksniu, kuris apsaugo nuo mechanini\u0173 pa\u017eeidim\u0173 bei korozijos.<\/p>\n<p>Matmenys:<\/p>\n<p>1315x740x1280<\/p>\n<p>Atviras<\/p>\n<p><img decoding=\"async\" class=\"alignnone size-full wp-image-11214\" src=\"https:\/\/hugas.lt\/wp-content\/uploads\/2023\/06\/issiverciantis-konteineris-750-1.jpg\" alt=\"\" width=\"925\" height=\"1080\" srcset=\"https:\/\/hugas.lt\/wp-content\/uploads\/2023\/06\/issiverciantis-konteineris-750-1.jpg 925w, https:\/\/hugas.lt\/wp-content\/uploads\/2023\/06\/issiverciantis-konteineris-750-1-257x300.jpg 257w, https:\/\/hugas.lt\/wp-content\/uploads\/2023\/06\/issiverciantis-konteineris-750-1-877x1024.jpg 877w, https:\/\/hugas.lt\/wp-content\/uploads\/2023\/06\/issiverciantis-konteineris-750-1-768x897.jpg 768w, https:\/\/hugas.lt\/wp-content\/uploads\/2023\/06\/issiverciantis-konteineris-750-1-10x12.jpg 10w, https:\/\/hugas.lt\/wp-content\/uploads\/2023\/06\/issiverciantis-konteineris-750-1-510x595.jpg 510w, https:\/\/hugas.lt\/wp-content\/uploads\/2023\/06\/issiverciantis-konteineris-750-1-64x75.jpg 64w\" sizes=\"(max-width: 925px) 100vw, 925px\" \/> <img decoding=\"async\" class=\"alignnone size-full wp-image-11213\" src=\"https:\/\/hugas.lt\/wp-content\/uploads\/2023\/06\/issiverciantis-konteineris-750.jpg\" alt=\"\" width=\"925\" height=\"1080\" srcset=\"https:\/\/hugas.lt\/wp-content\/uploads\/2023\/06\/issiverciantis-konteineris-750.jpg 925w, https:\/\/hugas.lt\/wp-content\/uploads\/2023\/06\/issiverciantis-konteineris-750-257x300.jpg 257w, https:\/\/hugas.lt\/wp-content\/uploads\/2023\/06\/issiverciantis-konteineris-750-877x1024.jpg 877w, https:\/\/hugas.lt\/wp-content\/uploads\/2023\/06\/issiverciantis-konteineris-750-768x897.jpg 768w, https:\/\/hugas.lt\/wp-content\/uploads\/2023\/06\/issiverciantis-konteineris-750-10x12.jpg 10w, https:\/\/hugas.lt\/wp-content\/uploads\/2023\/06\/issiverciantis-konteineris-750-510x595.jpg 510w, https:\/\/hugas.lt\/wp-content\/uploads\/2023\/06\/issiverciantis-konteineris-750-64x75.jpg 64w\" sizes=\"(max-width: 925px) 100vw, 925px\" \/> <img decoding=\"async\" class=\"alignnone size-full wp-image-11215\" src=\"https:\/\/hugas.lt\/wp-content\/uploads\/2023\/06\/issiverciantis-konteineris-750-2.jpg\" alt=\"\" width=\"1920\" height=\"1080\" srcset=\"https:\/\/hugas.lt\/wp-content\/uploads\/2023\/06\/issiverciantis-konteineris-750-2.jpg 1920w, https:\/\/hugas.lt\/wp-content\/uploads\/2023\/06\/issiverciantis-konteineris-750-2-300x169.jpg 300w, https:\/\/hugas.lt\/wp-content\/uploads\/2023\/06\/issiverciantis-konteineris-750-2-1024x576.jpg 1024w, https:\/\/hugas.lt\/wp-content\/uploads\/2023\/06\/issiverciantis-konteineris-750-2-768x432.jpg 768w, https:\/\/hugas.lt\/wp-content\/uploads\/2023\/06\/issiverciantis-konteineris-750-2-1536x864.jpg 1536w, https:\/\/hugas.lt\/wp-content\/uploads\/2023\/06\/issiverciantis-konteineris-750-2-18x10.jpg 18w, https:\/\/hugas.lt\/wp-content\/uploads\/2023\/06\/issiverciantis-konteineris-750-2-510x287.jpg 510w, https:\/\/hugas.lt\/wp-content\/uploads\/2023\/06\/issiverciantis-konteineris-750-2-64x36.jpg 64w\" sizes=\"(max-width: 1920px) 100vw, 1920px\" \/><\/p>","protected":false},"excerpt":{"rendered":"<p>Tvirtas, patikimas ir ilgaam\u017eis i\u0161ver\u010diamas konteineris.<\/p>","protected":false},"featured_media":11213,"comment_status":"open","ping_status":"closed","template":"","meta":[],"product_cat":[20,61],"product_tag":[],"_links":{"self":[{"href":"https:\/\/hugas.lt\/en\/wp-json\/wp\/v2\/product\/11216"}],"collection":[{"href":"https:\/\/hugas.lt\/en\/wp-json\/wp\/v2\/product"}],"about":[{"href":"https:\/\/hugas.lt\/en\/wp-json\/wp\/v2\/types\/product"}],"replies":[{"embeddable":true,"href":"https:\/\/hugas.lt\/en\/wp-json\/wp\/v2\/comments?post=11216"}],"wp:featuredmedia":[{"embeddable":true,"href":"https:\/\/hugas.lt\/en\/wp-json\/wp\/v2\/media\/11213"}],"wp:attachment":[{"href":"https:\/\/hugas.lt\/en\/wp-json\/wp\/v2\/media?parent=11216"}],"wp:term":[{"taxonomy":"product_cat","embeddable":true,"href":"https:\/\/hugas.lt\/en\/wp-json\/wp\/v2\/product_cat?post=11216"},{"taxonomy":"product_tag","embeddable":true,"href":"https:\/\/hugas.lt\/en\/wp-json\/wp\/v2\/product_tag?post=11216"}],"curies":[{"name":"wp","href":"https:\/\/api.w.org\/{rel}","templated":true}]}}