{"id":10793,"date":"2023-05-18T21:07:05","date_gmt":"2023-05-18T19:07:05","guid":{"rendered":"https:\/\/hugas.lt\/?post_type=product&#038;p=10793"},"modified":"2024-10-15T16:21:00","modified_gmt":"2024-10-15T14:21:00","slug":"archyvo-stelazai-bei-ju-komplektai","status":"publish","type":"product","link":"https:\/\/hugas.lt\/en\/product\/archyvo-stelazai-bei-ju-komplektai\/","title":{"rendered":"Universal\u016bs stela\u017eai bei j\u0173 komplektai"},"content":{"rendered":"<h2>Universal\u016bs stela\u017eai bei j\u0173 komplektai<\/h2>\n<p>Si\u016blome jums jau pilnai sukomplektuotus stela\u017e\u0173 ruo\u0161inius, kad gal\u0117tum\u0117te tiesiog i\u0161sirinkti jums tinkamiausi\u0105 ir \u012fsid\u0117ti j\u012f \u012f krep\u0161el\u012f.<\/p>\n<p>Universalus stela\u017eas tinkantis biurui, archyvui, sand\u0117liui, gara\u017eui. Pagamintas i\u0161 milteliniu b\u016bdu nuda\u017eyto plieno, atspar\u016bs dezinfekcin\u0117ms priemon\u0117ms, pavir\u0161iai lengvai valomi \/ dezinfekuojami. Lentynos turi papildomas u\u017edaro profilio standumo briaunas. Vienos lentynos leistina paskirstyta apkrova yra 120\u2013130 kg. Lentynos reguliuojamos kas 25 mm. Stela\u017eo stovai komplektuojami su plastikin\u0117mis p\u0117del\u0117mis. Prieduose galite u\u017esisakyti reguliuojamas p\u0117deles, jeigu grindys n\u0117ra lygios. Stela\u017eai lengvai renkami var\u017etais, nesunkiai sujungiami iki reikalingo ilgio. Visi stela\u017eai komplektuojami su stabilum\u0105 u\u017etikrinan\u010diais kampukais, kad nereik\u0117t\u0173 naudoti papildom\u0173 tvirtinim\u0173, kry\u017emi\u0173 ir pan. Kiekviena stela\u017eo sekcija turi 4 kojas, kas garantuoja jo stabilum\u0105 bei dideles apkrovas. Rinkoje nema\u017eai kas parduoda stela\u017eus, ta\u010diau jie si\u016blo t\u0119stin\u0117ms sekcijoms naudoti tuos pa\u010dius bazin\u0117s dalies stovus, bet pamir\u0161ta \u012fsp\u0117ti, kad apkrovos t\u0119stin\u0117ms dalims suma\u017e\u0117ja kone dvigubai ir padid\u0117ja kr\u016bvis stovams, kas \u012ftakoja j\u0173 susilankstym\u0105 ir kelia pavoj\u0173 naudotojams. Stela\u017eai pristatomi nesurinkti. D\u0117l montavimo susisiekite pa\u0161tu info@hugas.lt<\/p>\n<p><img decoding=\"async\" class=\"alignnone size-full wp-image-11034\" src=\"https:\/\/hugas.lt\/wp-content\/uploads\/2023\/05\/151829525_2913653315569212_5147685378207980517_n.jpg\" alt=\"\" width=\"960\" height=\"720\" srcset=\"https:\/\/hugas.lt\/wp-content\/uploads\/2023\/05\/151829525_2913653315569212_5147685378207980517_n.jpg 960w, https:\/\/hugas.lt\/wp-content\/uploads\/2023\/05\/151829525_2913653315569212_5147685378207980517_n-300x225.jpg 300w, https:\/\/hugas.lt\/wp-content\/uploads\/2023\/05\/151829525_2913653315569212_5147685378207980517_n-768x576.jpg 768w, https:\/\/hugas.lt\/wp-content\/uploads\/2023\/05\/151829525_2913653315569212_5147685378207980517_n-16x12.jpg 16w, https:\/\/hugas.lt\/wp-content\/uploads\/2023\/05\/151829525_2913653315569212_5147685378207980517_n-510x383.jpg 510w, https:\/\/hugas.lt\/wp-content\/uploads\/2023\/05\/151829525_2913653315569212_5147685378207980517_n-64x48.jpg 64w\" sizes=\"(max-width: 960px) 100vw, 960px\" \/> <img decoding=\"async\" class=\"alignnone wp-image-11035\" src=\"https:\/\/hugas.lt\/wp-content\/uploads\/2023\/05\/152102103_2913653442235866_5404084068675222498_n.jpg\" alt=\"\" width=\"525\" height=\"700\" srcset=\"https:\/\/hugas.lt\/wp-content\/uploads\/2023\/05\/152102103_2913653442235866_5404084068675222498_n.jpg 720w, https:\/\/hugas.lt\/wp-content\/uploads\/2023\/05\/152102103_2913653442235866_5404084068675222498_n-225x300.jpg 225w, https:\/\/hugas.lt\/wp-content\/uploads\/2023\/05\/152102103_2913653442235866_5404084068675222498_n-9x12.jpg 9w, https:\/\/hugas.lt\/wp-content\/uploads\/2023\/05\/152102103_2913653442235866_5404084068675222498_n-510x680.jpg 510w, https:\/\/hugas.lt\/wp-content\/uploads\/2023\/05\/152102103_2913653442235866_5404084068675222498_n-64x85.jpg 64w\" sizes=\"(max-width: 525px) 100vw, 525px\" \/> \u00a0 \u00a0 \u00a0<img decoding=\"async\" class=\"alignnone size-full wp-image-11042\" src=\"https:\/\/hugas.lt\/wp-content\/uploads\/2023\/05\/kampukai-stelazams.jpg\" alt=\"\" width=\"600\" height=\"700\" srcset=\"https:\/\/hugas.lt\/wp-content\/uploads\/2023\/05\/kampukai-stelazams.jpg 600w, https:\/\/hugas.lt\/wp-content\/uploads\/2023\/05\/kampukai-stelazams-257x300.jpg 257w, https:\/\/hugas.lt\/wp-content\/uploads\/2023\/05\/kampukai-stelazams-10x12.jpg 10w, https:\/\/hugas.lt\/wp-content\/uploads\/2023\/05\/kampukai-stelazams-510x595.jpg 510w, https:\/\/hugas.lt\/wp-content\/uploads\/2023\/05\/kampukai-stelazams-64x75.jpg 64w\" sizes=\"(max-width: 600px) 100vw, 600px\" \/><img decoding=\"async\" class=\"alignnone size-full wp-image-11043\" src=\"https:\/\/hugas.lt\/wp-content\/uploads\/2023\/05\/kampukai-stelazams-2-510x340-1.jpg\" alt=\"\" width=\"510\" height=\"340\" srcset=\"https:\/\/hugas.lt\/wp-content\/uploads\/2023\/05\/kampukai-stelazams-2-510x340-1.jpg 510w, https:\/\/hugas.lt\/wp-content\/uploads\/2023\/05\/kampukai-stelazams-2-510x340-1-300x200.jpg 300w, https:\/\/hugas.lt\/wp-content\/uploads\/2023\/05\/kampukai-stelazams-2-510x340-1-18x12.jpg 18w, https:\/\/hugas.lt\/wp-content\/uploads\/2023\/05\/kampukai-stelazams-2-510x340-1-64x43.jpg 64w\" sizes=\"(max-width: 510px) 100vw, 510px\" \/><\/p>","protected":false},"excerpt":{"rendered":"<p>Universalus stela\u017eas tinkantis biurui, archyvui, sand\u0117liui, gara\u017eui. Pagamintas i\u0161 milteliniu b\u016bdu nuda\u017eyto plieno, atspar\u016bs dezinfekcin\u0117ms priemon\u0117ms, pavir\u0161iai lengvai valomi \/ dezinfekuojami. Lentynos turi papildomas u\u017edaro profilio standumo briaunas. Vienos lentynos leistina paskirstyta apkrova yra 120\u2013130 kg. U\u017epildykite visus langelius, kad su\u017einotum\u0117te kain\u0105.<\/p>","protected":false},"featured_media":11120,"comment_status":"open","ping_status":"closed","template":"","meta":[],"product_cat":[21],"product_tag":[],"_links":{"self":[{"href":"https:\/\/hugas.lt\/en\/wp-json\/wp\/v2\/product\/10793"}],"collection":[{"href":"https:\/\/hugas.lt\/en\/wp-json\/wp\/v2\/product"}],"about":[{"href":"https:\/\/hugas.lt\/en\/wp-json\/wp\/v2\/types\/product"}],"replies":[{"embeddable":true,"href":"https:\/\/hugas.lt\/en\/wp-json\/wp\/v2\/comments?post=10793"}],"wp:featuredmedia":[{"embeddable":true,"href":"https:\/\/hugas.lt\/en\/wp-json\/wp\/v2\/media\/11120"}],"wp:attachment":[{"href":"https:\/\/hugas.lt\/en\/wp-json\/wp\/v2\/media?parent=10793"}],"wp:term":[{"taxonomy":"product_cat","embeddable":true,"href":"https:\/\/hugas.lt\/en\/wp-json\/wp\/v2\/product_cat?post=10793"},{"taxonomy":"product_tag","embeddable":true,"href":"https:\/\/hugas.lt\/en\/wp-json\/wp\/v2\/product_tag?post=10793"}],"curies":[{"name":"wp","href":"https:\/\/api.w.org\/{rel}","templated":true}]}}