{"id":10737,"date":"2023-03-30T09:11:57","date_gmt":"2023-03-30T07:11:57","guid":{"rendered":"https:\/\/hugas.lt\/?post_type=product&#038;p=10737"},"modified":"2026-02-18T10:21:53","modified_gmt":"2026-02-18T08:21:53","slug":"darbastalis-1800x620xh850-22","status":"publish","type":"product","link":"https:\/\/hugas.lt\/en\/product\/darbastalis-1800x620xh850-22\/","title":{"rendered":"Darbastalis 1800x620xH850"},"content":{"rendered":"<h2>Darbastalis 1800x620xH850 stalvir\u0161is &#8211; metalinis<\/h2>\n<p>&nbsp;<\/p>\n<p>Darbastalis 41 2S2L\/D su 2 blokais, viename 4 stal\u010diai, kitame spintel\u0117 su lentyna.<\/p>\n<p>Gara\u017eams, dirbtuv\u0117ms ir sand\u0117liams pritaikytas, tvirtas ir labai universalus darbastalis. Galite komplektuoti \u0161\u012f darbastal\u012f u\u017esisakydami prakti\u0161kus, J\u016bs\u0173 darbo viet\u0105 gerinan\u010dius, darb\u0105 lengvinan\u010dius ir poreikius atitinkan\u010dius priedus. Stalvir\u0161is yra 24 mm OSB plok\u0161t\u0117 padengta 2mm da\u017eytu plienu. Tai nebrangus ir labai universalus darbastalis, kuris tiks nedidel\u0117se dirbtuv\u0117se ir pan.<\/p>\n<p>Atsparus skys\u010diams bei \u0161viesos poveikiui. Konstrukcijos r\u0117mas yra pagamintas i\u0161 tvirto, pilkai da\u017eyto ir lakuoto plieno bei yra pritaikytas intensyviam naudojimui. Svor\u012f paskirs\u010dius tolygiai, maksimali darbastalio apkrova siekia 300 kg.<\/p>\n<p>Galb\u016bt Jums reikia protingo \u012franki\u0173 bei kit\u0173 daikt\u0173 saugojimo sprendimo? Kod\u0117l gi neu\u017esisakius lak\u0161tinio plieno konstrukcijos stal\u010di\u0173 modulio ir saugojimo spintos, apatin\u0117s lentynos bei kit\u0173 aksesuar\u0173, kurie pad\u0117s palaikyti darbo vietos tvark\u0105 ir padidins darbo efektyvum\u0105. Priedai ir aksesuarai parduodami atskirai.<\/p>\n<p>Garantuoja saugi\u0105 ir patogi\u0105 darbo viet\u0105 darbuotojui.<\/p>\n<p>Pristatomi nesurinkti, bet juos lengva susirinkti patiems. Pridedama instrukcija.<\/p>\n<p>&nbsp;<\/p>\n<p>&nbsp;<\/p>\n<h3>Produkto specifikacijos:<\/h3>\n\n<table id=\"tablepress-1\" class=\"tablepress tablepress-id-1\">\n<tbody class=\"row-striping row-hover\">\n<tr class=\"row-1\">\n\t<td class=\"column-1\">Stalo pavir\u0161iaus forma:<\/td><td class=\"column-2\">Sta\u010diakampis<\/td>\n<\/tr>\n<tr class=\"row-2\">\n\t<td class=\"column-1\">Stalo pavir\u0161iaus med\u017eiaga:<\/td><td class=\"column-2\">Mediena<\/td>\n<\/tr>\n<tr class=\"row-3\">\n\t<td class=\"column-1\">Stalo pavir\u0161iaus spalva:<\/td><td class=\"column-2\">Ruda<\/td>\n<\/tr>\n<tr class=\"row-4\">\n\t<td class=\"column-1\">R\u0117mo med\u017eiaga:<\/td><td class=\"column-2\">Plienas<\/td>\n<\/tr>\n<tr class=\"row-5\">\n\t<td class=\"column-1\">R\u0117mo spalva:<\/td><td class=\"column-2\">Pilka<\/td>\n<\/tr>\n<\/tbody>\n<\/table>\n<!-- #tablepress-1 from cache -->\nSpalva matoma nuotraukose gali skirtis nuo tikrosios prek\u0117s spalvos.<\/p>\n<p>Surinkimo video instrukcija:<\/p>\n<p><iframe title=\"\u041f\u0440\u043e\u043c\u0438\u0441\u043b\u043e\u0432\u0438\u0439 \u0434\u0432\u043e\u0442\u0443\u043c\u0431\u043e\u0432\u0438\u0439 \u0432\u0435\u0440\u0441\u0442\u0430\u043a: \u0437\u0440\u0443\u0447\u043d\u0456\u0441\u0442\u044c \u0442\u0430 \u0432\u0438\u0433\u0456\u0434\u043d\u0456\u0441\u0442\u044c \u0434\u043b\u044f \u043c\u0430\u0439\u0441\u0442\u0435\u0440\u043d\u0456 \u0456 \u0432\u0438\u0440\u043e\u0431\u043d\u0438\u0446\u0442\u0432\u0430\" width=\"1020\" height=\"574\" src=\"https:\/\/www.youtube.com\/embed\/81Ka8nDu3Bo?start=117&#038;feature=oembed\" frameborder=\"0\" allow=\"accelerometer; autoplay; clipboard-write; encrypted-media; gyroscope; picture-in-picture; web-share\" referrerpolicy=\"strict-origin-when-cross-origin\" allowfullscreen><\/iframe><\/p>\n<p>Pried\u0173 surinkimo video instrukcija:<\/p>\n<p><iframe title=\"\u041d\u0430\u0434\u0431\u0443\u0434\u043e\u0432\u0430 \u043f\u0440\u043e\u043c\u0438\u0441\u043b\u043e\u0432\u043e\u0433\u043e \u0441\u043b\u044e\u0441\u0430\u0440\u043d\u043e\u0433\u043e \u0432\u0435\u0440\u0441\u0442\u0430\u043a\u0430 \u0434\u043b\u044f \u043c\u0430\u0439\u0441\u0442\u0435\u0440\u043d\u0456: \u043f\u043e\u043a\u0440\u043e\u043a\u043e\u0432\u0438\u0439 \u043c\u043e\u043d\u0442\u0430\u0436 \u0434\u043e\u0434\u0430\u0442\u043a\u043e\u0432\u043e\u0457 \u043a\u043e\u043c\u043f\u043b\u0435\u043a\u0442\u0430\u0446\u0456\u0457\" width=\"1020\" height=\"574\" src=\"https:\/\/www.youtube.com\/embed\/Sc65gf5qK74?start=208&#038;feature=oembed\" frameborder=\"0\" allow=\"accelerometer; autoplay; clipboard-write; encrypted-media; gyroscope; picture-in-picture; web-share\" referrerpolicy=\"strict-origin-when-cross-origin\" allowfullscreen><\/iframe><\/p>","protected":false},"excerpt":{"rendered":"<p>Darbastalis su spintele ir stal\u010di\u0173 bloku 1800x620x850. Darbastalio stalvir\u0161is &#8211; metalinis. Darbastalis komplektuojamas su:<\/p>\n<ul>\n<li>Lentyna tarp spinteli\u0173 1 vnt.<\/li>\n<li>4 lizd\u0173 roze\u010di\u0173 blokas 1 vnt.<\/li>\n<li>pakabinama d\u0117\u017eut\u0117 1 vnt<\/li>\n<li>rank\u0161luos\u010di\u0173 laikiklis 1 vnt<\/li>\n<li>5 dvigubi kabliukai L60 mm<\/li>\n<li>pakabinama lentyna 1 vnt<\/li>\n<li>5 viengubi kabliukai L100 mm<\/li>\n<li>atsuktuv\u0173 laikiklis 1 vnt<\/li>\n<li>rakt\u0173 laikiklis horizontalus 1 vnt<\/li>\n<li>rakt\u0173 laikiklis vertikalus 1 vnt<\/li>\n<li>gr\u0105\u017et\u0173 laikiklis 1 vnt<\/li>\n<li>pakabinamas d\u0117\u017eu\u010di\u0173 laikiklis<\/li>\n<li>6 skirtingo dyd\u017eio pakabinamos d\u0117\u017eut\u0117s<\/li>\n<li>perforuota sienel\u0117 800 mm auk\u0161\u010dio<\/li>\n<li>perforuotos sienel\u0117s laikikliai<\/li>\n<li>LED ap\u0161vietimas su laikikliais<\/li>\n<\/ul>\n<p>&nbsp;<\/p>","protected":false},"featured_media":13513,"comment_status":"open","ping_status":"closed","template":"","meta":[],"product_cat":[19,42,86,87],"product_tag":[],"_links":{"self":[{"href":"https:\/\/hugas.lt\/en\/wp-json\/wp\/v2\/product\/10737"}],"collection":[{"href":"https:\/\/hugas.lt\/en\/wp-json\/wp\/v2\/product"}],"about":[{"href":"https:\/\/hugas.lt\/en\/wp-json\/wp\/v2\/types\/product"}],"replies":[{"embeddable":true,"href":"https:\/\/hugas.lt\/en\/wp-json\/wp\/v2\/comments?post=10737"}],"wp:featuredmedia":[{"embeddable":true,"href":"https:\/\/hugas.lt\/en\/wp-json\/wp\/v2\/media\/13513"}],"wp:attachment":[{"href":"https:\/\/hugas.lt\/en\/wp-json\/wp\/v2\/media?parent=10737"}],"wp:term":[{"taxonomy":"product_cat","embeddable":true,"href":"https:\/\/hugas.lt\/en\/wp-json\/wp\/v2\/product_cat?post=10737"},{"taxonomy":"product_tag","embeddable":true,"href":"https:\/\/hugas.lt\/en\/wp-json\/wp\/v2\/product_tag?post=10737"}],"curies":[{"name":"wp","href":"https:\/\/api.w.org\/{rel}","templated":true}]}}