{"id":10693,"date":"2023-02-08T10:05:12","date_gmt":"2023-02-08T08:05:12","guid":{"rendered":"https:\/\/hugas.lt\/?post_type=product&#038;p=10693"},"modified":"2023-02-08T10:07:29","modified_gmt":"2023-02-08T08:07:29","slug":"kabliukas-150mm","status":"publish","type":"product","link":"https:\/\/hugas.lt\/en\/product\/kabliukas-150mm\/","title":{"rendered":"Kabliukas 150mm"},"content":{"rendered":"<h2>Kabliukas 150mm<\/h2>\n<p>Skirtas perforuotai sienelei vir\u0161 darbastalio bei \u012franki\u0173 spintose.<\/p>\n<p>&nbsp;<\/p>","protected":false},"excerpt":{"rendered":"<p>Darbastalio priedas. Kabliukas 150 mm ilgio.<\/p>","protected":false},"featured_media":9426,"comment_status":"open","ping_status":"closed","template":"","meta":[],"product_cat":[68],"product_tag":[],"_links":{"self":[{"href":"https:\/\/hugas.lt\/en\/wp-json\/wp\/v2\/product\/10693"}],"collection":[{"href":"https:\/\/hugas.lt\/en\/wp-json\/wp\/v2\/product"}],"about":[{"href":"https:\/\/hugas.lt\/en\/wp-json\/wp\/v2\/types\/product"}],"replies":[{"embeddable":true,"href":"https:\/\/hugas.lt\/en\/wp-json\/wp\/v2\/comments?post=10693"}],"wp:featuredmedia":[{"embeddable":true,"href":"https:\/\/hugas.lt\/en\/wp-json\/wp\/v2\/media\/9426"}],"wp:attachment":[{"href":"https:\/\/hugas.lt\/en\/wp-json\/wp\/v2\/media?parent=10693"}],"wp:term":[{"taxonomy":"product_cat","embeddable":true,"href":"https:\/\/hugas.lt\/en\/wp-json\/wp\/v2\/product_cat?post=10693"},{"taxonomy":"product_tag","embeddable":true,"href":"https:\/\/hugas.lt\/en\/wp-json\/wp\/v2\/product_tag?post=10693"}],"curies":[{"name":"wp","href":"https:\/\/api.w.org\/{rel}","templated":true}]}}