{"id":10682,"date":"2023-01-26T17:06:10","date_gmt":"2023-01-26T15:06:10","guid":{"rendered":"https:\/\/hugas.lt\/?post_type=product&#038;p=10682"},"modified":"2024-04-29T12:29:24","modified_gmt":"2024-04-29T10:29:24","slug":"spinta-su-skyreliais-1800x500x300-8-skyreliu","status":"publish","type":"product","link":"https:\/\/hugas.lt\/en\/product\/spinta-su-skyreliais-1800x500x300-8-skyreliu\/","title":{"rendered":"Spinta su skyreliais 1800x500x300, 8 skyreli\u0173"},"content":{"rendered":"<p>Sekcin\u0117 spinta tinkama sporto klubams, mokykloms, gamybini\u0173 \u012fmoni\u0173 darbuotoj\u0173 r\u016bbams laikyti<br \/>\nDurel\u0117s rakinamos cilindriniu vienpusiu u\u017eraktu, komplekte dveji raktai. U\u017eraktas \u2013 raktinis.<br \/>\nSekcin\u0117 spinta gali b\u016bti su kojel\u0117mis. Kojeles galite \u012fsigyti atskirai kataloge PRIEDAI SPINTOMS.<br \/>\nDurel\u0117s sustiprintos i\u0161tisin\u0117mis standumo briaunomis. Spintos pagamintos i\u0161 0,8 mm storio plieno, padengti polimerine milteline emale. Spintel\u0117 pilkos (RAL 7035) spalvos.<br \/>\nJei pageidaujate r\u016bbin\u0117s spintel\u0119 \u012fsigyti kitos spalvos, kreipkit\u0117s info@hugas.lt<br \/>\nMetalin\u0117 persirengimo spinta lengvai valoma dr\u0117gnu b\u016bdu. Sand\u0117lyje turimas kiekis pristatomas per 3 \u2013 5 darbo dienas. U\u017esakant, r\u016bbin\u0117s drabu\u017ei\u0173 spintel\u0117 pristatoma per 6 \u2013 8 savaites.<br \/>\nSekcinei spintai suteikiama 2 met\u0173 garantija.<br \/>\nMetaliniai baldai \u2013 vienas populiariausi\u0173 m\u016bs\u0173 si\u016blom\u0173 produkt\u0173. Persirengimo spintos naudojamos r\u016bbin\u0117se darbuotoj\u0173 r\u016bbams ir asmeniniams daiktams laikyti.<br \/>\n\u0160ias persirengimo spinteles naudoja \u012fvairi\u0173 sri\u010di\u0173 m\u016bs\u0173 klientai, tai maisto pramon\u0117s, sand\u0117li\u0173, gamybini\u0173, prekybini\u0173, ugdymo, sveikatos \u012fmoni\u0173 patalpose.<br \/>\n\u0160ios r\u016bb\u0173 spintel\u0117s yra tvirtos, lengvai valomos ir eksploatuojamos.<br \/>\n\u0160ios drabu\u017ei\u0173 spintel\u0117s taip pat populiarios ugdymo \u012fstaigose, universitetuose, mokyklose, vaik\u0173 dar\u017eeliuose ir pan. Mokyklin\u0117s spintel\u0117s itin patogios moksleivi\u0173 knygoms, sporto aprangai, r\u016bbams laikyti. Da\u017enu atveju mokymo \u012fstaigos \u012fsigyja trij\u0173 ar keturi\u0173 skyri\u0173 metalines drabu\u017ei\u0173 spinteles arba to paties stiliaus a\u0161tuoni\u0173 dur\u0173 persirengimo spinteles.<br \/>\nTai spintel\u0117s sporto klubams. Jos tinkamos telefon\u0173, pinigini\u0173 ar kit\u0173 smulkesni\u0173 verting\u0173 daikt\u0173 laikymui.<br \/>\nMetaliniai baldai greitai internetu.<\/p>","protected":false},"excerpt":{"rendered":"<p>Sekcin\u0117s spintos techniniai duomenys:<\/p>\n<p>Auk\u0161tis \u2013 1800 mm.<\/p>\n<p>Plotis \u2013 300 mm.<\/p>\n<p>Gylis \u2013 500 mm.<\/p>\n<p>Med\u017eiaga \u2013 metalas.<\/p>\n<p>Spalva \u2013 RAL7035.<\/p>","protected":false},"featured_media":10685,"comment_status":"open","ping_status":"closed","template":"","meta":[],"product_cat":[19,36],"product_tag":[],"_links":{"self":[{"href":"https:\/\/hugas.lt\/en\/wp-json\/wp\/v2\/product\/10682"}],"collection":[{"href":"https:\/\/hugas.lt\/en\/wp-json\/wp\/v2\/product"}],"about":[{"href":"https:\/\/hugas.lt\/en\/wp-json\/wp\/v2\/types\/product"}],"replies":[{"embeddable":true,"href":"https:\/\/hugas.lt\/en\/wp-json\/wp\/v2\/comments?post=10682"}],"wp:featuredmedia":[{"embeddable":true,"href":"https:\/\/hugas.lt\/en\/wp-json\/wp\/v2\/media\/10685"}],"wp:attachment":[{"href":"https:\/\/hugas.lt\/en\/wp-json\/wp\/v2\/media?parent=10682"}],"wp:term":[{"taxonomy":"product_cat","embeddable":true,"href":"https:\/\/hugas.lt\/en\/wp-json\/wp\/v2\/product_cat?post=10682"},{"taxonomy":"product_tag","embeddable":true,"href":"https:\/\/hugas.lt\/en\/wp-json\/wp\/v2\/product_tag?post=10682"}],"curies":[{"name":"wp","href":"https:\/\/api.w.org\/{rel}","templated":true}]}}