{"id":10504,"date":"2023-01-16T13:19:38","date_gmt":"2023-01-16T11:19:38","guid":{"rendered":"https:\/\/hugas.lt\/?post_type=product&#038;p=10504"},"modified":"2023-01-16T13:21:00","modified_gmt":"2023-01-16T11:21:00","slug":"persirengimo-spintele-1800x600x500-su-pertvara-som-serija","status":"publish","type":"product","link":"https:\/\/hugas.lt\/en\/product\/persirengimo-spintele-1800x600x500-su-pertvara-som-serija\/","title":{"rendered":"Persirengimo spintel\u0117 1800x600x500 su pertvara, SOM serija"},"content":{"rendered":"<h2>Persirengimo spintel\u0117 1800x600x500 su pertvara, SOM serija<\/h2>\n<p>&nbsp;<\/p>\n<p>Metalin\u0117 persirengimo spintel\u0117 SOM-300\/2 pagaminta i\u0161 storasienio 0,8mm lak\u0161tinio plieno ir nuda\u017eyta korozijai atsparia milteline emale, pilka spalva (RAL 7035). Tvirta ir patikima korpuso ir dureli\u0173 konstrukcija. Durel\u0117s suvirintos konstrukcijos ir papildomai sustiprintos standumo briaunomis. Unikalaus dizaino ventiliacin\u0117s angos dureli\u0173 vir\u0161uje ir apa\u010dioje. Sumontuoti guminiai amortizatoriai tyliam dureli\u0173 u\u017edarymui. Guminiai padeliai po spintos cokoliu. Centrinis u\u017eraktas (2 raktai). Kiekvienas spintel\u0117s skyrius turi lentyn\u0117l\u0119 ir skersin\u012f pakaboms.<\/p>\n<p><img decoding=\"async\" class=\"alignnone size-medium wp-image-8469 litespeed-loaded\" src=\"https:\/\/hugas.lt\/wp-content\/uploads\/2020\/07\/persirenkimo-spintele-so-vid-257x300.jpg\" sizes=\"(max-width: 257px) 100vw, 257px\" srcset=\"https:\/\/hugas.lt\/wp-content\/uploads\/2020\/07\/persirenkimo-spintele-so-vid-257x300.jpg 257w, https:\/\/hugas.lt\/wp-content\/uploads\/2020\/07\/persirenkimo-spintele-so-vid-877x1024.jpg 877w, https:\/\/hugas.lt\/wp-content\/uploads\/2020\/07\/persirenkimo-spintele-so-vid-768x897.jpg 768w, https:\/\/hugas.lt\/wp-content\/uploads\/2020\/07\/persirenkimo-spintele-so-vid-510x595.jpg 510w, https:\/\/hugas.lt\/wp-content\/uploads\/2020\/07\/persirenkimo-spintele-so-vid-64x75.jpg 64w, https:\/\/hugas.lt\/wp-content\/uploads\/2020\/07\/persirenkimo-spintele-so-vid.jpg 925w\" alt=\"persirenkimo spintele\" width=\"257\" height=\"300\" data-lazyloaded=\"1\" data-src=\"https:\/\/hugas.lt\/wp-content\/uploads\/2020\/07\/persirenkimo-spintele-so-vid-257x300.jpg\" data-srcset=\"https:\/\/hugas.lt\/wp-content\/uploads\/2020\/07\/persirenkimo-spintele-so-vid-257x300.jpg 257w, https:\/\/hugas.lt\/wp-content\/uploads\/2020\/07\/persirenkimo-spintele-so-vid-877x1024.jpg 877w, https:\/\/hugas.lt\/wp-content\/uploads\/2020\/07\/persirenkimo-spintele-so-vid-768x897.jpg 768w, https:\/\/hugas.lt\/wp-content\/uploads\/2020\/07\/persirenkimo-spintele-so-vid-510x595.jpg 510w, https:\/\/hugas.lt\/wp-content\/uploads\/2020\/07\/persirenkimo-spintele-so-vid-64x75.jpg 64w, https:\/\/hugas.lt\/wp-content\/uploads\/2020\/07\/persirenkimo-spintele-so-vid.jpg 925w\" data-sizes=\"(max-width: 257px) 100vw, 257px\" data-was-processed=\"true\" \/>\u00a0<img decoding=\"async\" class=\"alignnone size-medium wp-image-8471 litespeed-loaded\" src=\"https:\/\/hugas.lt\/wp-content\/uploads\/2021\/03\/ventiliacija-257x300.jpeg\" sizes=\"(max-width: 257px) 100vw, 257px\" srcset=\"https:\/\/hugas.lt\/wp-content\/uploads\/2021\/03\/ventiliacija-257x300.jpeg 257w, https:\/\/hugas.lt\/wp-content\/uploads\/2021\/03\/ventiliacija-510x595.jpeg 510w, https:\/\/hugas.lt\/wp-content\/uploads\/2021\/03\/ventiliacija-64x75.jpeg 64w, https:\/\/hugas.lt\/wp-content\/uploads\/2021\/03\/ventiliacija.jpeg 600w\" alt=\"\" width=\"257\" height=\"300\" data-lazyloaded=\"1\" data-src=\"https:\/\/hugas.lt\/wp-content\/uploads\/2021\/03\/ventiliacija-257x300.jpeg\" data-srcset=\"https:\/\/hugas.lt\/wp-content\/uploads\/2021\/03\/ventiliacija-257x300.jpeg 257w, https:\/\/hugas.lt\/wp-content\/uploads\/2021\/03\/ventiliacija-510x595.jpeg 510w, https:\/\/hugas.lt\/wp-content\/uploads\/2021\/03\/ventiliacija-64x75.jpeg 64w, https:\/\/hugas.lt\/wp-content\/uploads\/2021\/03\/ventiliacija.jpeg 600w\" data-sizes=\"(max-width: 257px) 100vw, 257px\" data-was-processed=\"true\" \/>\u00a0<img decoding=\"async\" class=\"alignnone size-medium wp-image-8021 litespeed-loaded\" src=\"https:\/\/hugas.lt\/wp-content\/uploads\/2020\/07\/persirengimo-spintele-som-400-2-sonu-225x300.png\" sizes=\"(max-width: 225px) 100vw, 225px\" srcset=\"https:\/\/hugas.lt\/wp-content\/uploads\/2020\/07\/persirengimo-spintele-som-400-2-sonu-225x300.png 225w, https:\/\/hugas.lt\/wp-content\/uploads\/2020\/07\/persirengimo-spintele-som-400-2-sonu-768x1024.png 768w, https:\/\/hugas.lt\/wp-content\/uploads\/2020\/07\/persirengimo-spintele-som-400-2-sonu-1152x1536.png 1152w, https:\/\/hugas.lt\/wp-content\/uploads\/2020\/07\/persirengimo-spintele-som-400-2-sonu-510x680.png 510w, https:\/\/hugas.lt\/wp-content\/uploads\/2020\/07\/persirengimo-spintele-som-400-2-sonu-64x85.png 64w, https:\/\/hugas.lt\/wp-content\/uploads\/2020\/07\/persirengimo-spintele-som-400-2-sonu.png 1536w\" alt=\"\" width=\"225\" height=\"300\" data-lazyloaded=\"1\" data-src=\"https:\/\/hugas.lt\/wp-content\/uploads\/2020\/07\/persirengimo-spintele-som-400-2-sonu-225x300.png\" data-srcset=\"https:\/\/hugas.lt\/wp-content\/uploads\/2020\/07\/persirengimo-spintele-som-400-2-sonu-225x300.png 225w, https:\/\/hugas.lt\/wp-content\/uploads\/2020\/07\/persirengimo-spintele-som-400-2-sonu-768x1024.png 768w, https:\/\/hugas.lt\/wp-content\/uploads\/2020\/07\/persirengimo-spintele-som-400-2-sonu-1152x1536.png 1152w, https:\/\/hugas.lt\/wp-content\/uploads\/2020\/07\/persirengimo-spintele-som-400-2-sonu-510x680.png 510w, https:\/\/hugas.lt\/wp-content\/uploads\/2020\/07\/persirengimo-spintele-som-400-2-sonu-64x85.png 64w, https:\/\/hugas.lt\/wp-content\/uploads\/2020\/07\/persirengimo-spintele-som-400-2-sonu.png 1536w\" data-sizes=\"(max-width: 225px) 100vw, 225px\" data-was-processed=\"true\" \/><\/p>\n<p>&nbsp;<\/p>\n<p>Metaliniai baldai \u2013 vienas populiariausi\u0173 m\u016bs\u0173 si\u016blom\u0173 produkt\u0173. Persirengimo spintos naudojamos r\u016bbin\u0117se darbuotoj\u0173 r\u016bbams ir asmeniniams daiktams laikyti. \u0160ias persirengimo spinteles naudoja \u012fvairi\u0173 sri\u010di\u0173 m\u016bs\u0173 klientai, tai maisto pramon\u0117s, sand\u0117li\u0173, gamybini\u0173, prekybini\u0173 \u012fmoni\u0173 patalpose. \u0160ios r\u016bb\u0173 spintel\u0117s yra tvirtos, lengvai valomos ir eksploatuojamos. Durel\u0117se \u012fmontuotos angos ventiliacijai u\u017etikrina oro cirkuliacij\u0105, Jei tenka persirengimo spintel\u0117je vienu metu kabinti darbinius ir \u0161varius kasdienius drabu\u017eius, o pergyvenate, kad nepageidaujami kvapai ar purvas gali persiduoti, rekomenduojame rinktis https:\/\/hugas.lt\/produktas\/persirengimo-spintele-1800x400x500\/\u00a0Vienoje persirengimo spintel\u0117s sekcijoje tur\u0117site dvi ertmes, \u0161variems ir darbiniams drabu\u017eiams laikyti.<\/p>","protected":false},"excerpt":{"rendered":"<p>Auk\u0161tis \u2013 1800mm;<\/p>\n<p>Gylis \u2013 500mm;<\/p>\n<p>Plotis \u2013 600mm;<\/p>\n<p>Med\u017eiaga \u2013 0,8 mm. plienas;<\/p>\n<p>Padengimas \u2013 miltelinis.<\/p>\n<p>Spalva \u2013 RAL7035<\/p>\n<p>Svoris \u2013 35 kg.<\/p>\n<p>U\u017eraktas \u2013 cilindrinis, 2 raktai komplekte.<\/p>\n<p>Ant dureli\u0173 vieta numeracijai.<\/p>","protected":false},"featured_media":8019,"comment_status":"open","ping_status":"closed","template":"","meta":[],"product_cat":[19,35],"product_tag":[],"_links":{"self":[{"href":"https:\/\/hugas.lt\/en\/wp-json\/wp\/v2\/product\/10504"}],"collection":[{"href":"https:\/\/hugas.lt\/en\/wp-json\/wp\/v2\/product"}],"about":[{"href":"https:\/\/hugas.lt\/en\/wp-json\/wp\/v2\/types\/product"}],"replies":[{"embeddable":true,"href":"https:\/\/hugas.lt\/en\/wp-json\/wp\/v2\/comments?post=10504"}],"wp:featuredmedia":[{"embeddable":true,"href":"https:\/\/hugas.lt\/en\/wp-json\/wp\/v2\/media\/8019"}],"wp:attachment":[{"href":"https:\/\/hugas.lt\/en\/wp-json\/wp\/v2\/media?parent=10504"}],"wp:term":[{"taxonomy":"product_cat","embeddable":true,"href":"https:\/\/hugas.lt\/en\/wp-json\/wp\/v2\/product_cat?post=10504"},{"taxonomy":"product_tag","embeddable":true,"href":"https:\/\/hugas.lt\/en\/wp-json\/wp\/v2\/product_tag?post=10504"}],"curies":[{"name":"wp","href":"https:\/\/api.w.org\/{rel}","templated":true}]}}