{"id":10463,"date":"2023-01-16T11:16:23","date_gmt":"2023-01-16T09:16:23","guid":{"rendered":"https:\/\/hugas.lt\/?post_type=product&#038;p=10463"},"modified":"2023-01-16T11:43:32","modified_gmt":"2023-01-16T09:43:32","slug":"persirengimo-spintele-1800x800x500-su-perforuotomis-lentynomis","status":"publish","type":"product","link":"https:\/\/hugas.lt\/en\/product\/persirengimo-spintele-1800x800x500-su-perforuotomis-lentynomis\/","title":{"rendered":"Persirengimo spintel\u0117 1800x800x500 su perforuotomis lentynomis"},"content":{"rendered":"<h2>Persirengimo spintel\u0117 1800x800x500 su perforuotomis lentynomis<\/h2>\n<p>Auk\u0161tis &#8211; 1800 mm<\/p>\n<p>Plotis &#8211; 800 mm<\/p>\n<p>Gylis &#8211; 500 mm<\/p>\n<p>Perforuotas dugnas<\/p>\n<p>Perforuota bat\u0173 lentyna<\/p>\n<p>Perforuota kepuri\u0173 lentyna<\/p>\n<p>Metalin\u0117 persirengimo spintel\u0117 pagaminta i\u0161 storasienio 0,8mm lak\u0161tinio plieno ir nuda\u017eyta korozijai atsparia milteline emale, pilka spalva (RAL 7035). Tvirta ir patikima korpuso ir dureli\u0173 konstrukcija. Durel\u0117s suvirintos konstrukcijos ir papildomai sustiprintos standumo briaunomis. Unikalaus dizaino ventiliacin\u0117s angos dureli\u0173 vir\u0161uje ir apa\u010dioje. Sumontuoti guminiai amortizatoriai tyliam dureli\u0173 u\u017edarymui. Guminiai padeliai po spintos cokoliu. Centrinis u\u017eraktas (2 raktai). Kiekvienas spintel\u0117s skyrius turi lentyn\u0117l\u0119 ir skersin\u012f pakaboms. Spintai galima u\u017esisakyti papildomai kojeles, stogel\u012f, suoliuk\u0105 po spintele. Ant kiekvien\u0173 dureli\u0173 vieta numeracijai.<\/p>\n<p><img decoding=\"async\" class=\"alignnone size-full wp-image-10466\" src=\"https:\/\/hugas.lt\/wp-content\/uploads\/2023\/01\/persirengimo-spintele-som-400-2-mod-10-3.jpg\" alt=\"\" width=\"826\" height=\"366\" srcset=\"https:\/\/hugas.lt\/wp-content\/uploads\/2023\/01\/persirengimo-spintele-som-400-2-mod-10-3.jpg 826w, https:\/\/hugas.lt\/wp-content\/uploads\/2023\/01\/persirengimo-spintele-som-400-2-mod-10-3-300x133.jpg 300w, https:\/\/hugas.lt\/wp-content\/uploads\/2023\/01\/persirengimo-spintele-som-400-2-mod-10-3-768x340.jpg 768w, https:\/\/hugas.lt\/wp-content\/uploads\/2023\/01\/persirengimo-spintele-som-400-2-mod-10-3-18x8.jpg 18w, https:\/\/hugas.lt\/wp-content\/uploads\/2023\/01\/persirengimo-spintele-som-400-2-mod-10-3-510x226.jpg 510w, https:\/\/hugas.lt\/wp-content\/uploads\/2023\/01\/persirengimo-spintele-som-400-2-mod-10-3-64x28.jpg 64w\" sizes=\"(max-width: 826px) 100vw, 826px\" \/><\/p>\n<p>Galimos papildomos opcijos:<\/p>\n<p><img decoding=\"async\" class=\"alignnone size-full wp-image-10464\" src=\"https:\/\/hugas.lt\/wp-content\/uploads\/2023\/01\/persirengimo-spintele-dalys.jpg\" alt=\"\" width=\"857\" height=\"176\" srcset=\"https:\/\/hugas.lt\/wp-content\/uploads\/2023\/01\/persirengimo-spintele-dalys.jpg 857w, https:\/\/hugas.lt\/wp-content\/uploads\/2023\/01\/persirengimo-spintele-dalys-300x62.jpg 300w, https:\/\/hugas.lt\/wp-content\/uploads\/2023\/01\/persirengimo-spintele-dalys-768x158.jpg 768w, https:\/\/hugas.lt\/wp-content\/uploads\/2023\/01\/persirengimo-spintele-dalys-18x4.jpg 18w, https:\/\/hugas.lt\/wp-content\/uploads\/2023\/01\/persirengimo-spintele-dalys-510x105.jpg 510w, https:\/\/hugas.lt\/wp-content\/uploads\/2023\/01\/persirengimo-spintele-dalys-64x13.jpg 64w\" sizes=\"(max-width: 857px) 100vw, 857px\" \/><\/p>\n<p>&nbsp;<\/p>\n<p>Metaliniai baldai \u2013 vienas populiariausi\u0173 m\u016bs\u0173 si\u016blom\u0173 produkt\u0173. Persirengimo spintos naudojamos r\u016bbin\u0117se darbuotoj\u0173 r\u016bbams ir asmeniniams daiktams laikyti. \u0160ias persirengimo spinteles naudoja \u012fvairi\u0173 sri\u010di\u0173 m\u016bs\u0173 klientai, tai maisto pramon\u0117s, sand\u0117li\u0173, gamybini\u0173, prekybini\u0173 \u012fmoni\u0173 patalpose. \u0160ios r\u016bb\u0173 spintel\u0117s yra tvirtos, lengvai valomos ir eksploatuojamos. Durel\u0117se \u012fmontuotos angos ventiliacijai u\u017etikrina oro cirkuliacij\u0105, Jei tenka persirengimo spintel\u0117je vienu metu kabinti darbinius ir \u0161varius kasdienius drabu\u017eius, o pergyvenate, kad nepageidaujami kvapai ar purvas gali persiduoti, rekomenduojame rinktis <a href=\"https:\/\/hugas.lt\/en\/product\/persirengimo-spintele-1800x800x500\/\">https:\/\/hugas.lt\/produktas\/persirengimo-spintele-1800x800x500\/<\/a> Vienoje persirengimo spintel\u0117s sekcijoje tur\u0117site dvi ertmes, \u0161variems ir darbiniams drabu\u017eiams laikyti.<\/p>\n<p><img decoding=\"async\" class=\"alignnone size-full wp-image-10363\" src=\"https:\/\/hugas.lt\/wp-content\/uploads\/2022\/09\/mokyklines-spinteles.jpg\" alt=\"\" width=\"880\" height=\"385\" srcset=\"https:\/\/hugas.lt\/wp-content\/uploads\/2022\/09\/mokyklines-spinteles.jpg 880w, https:\/\/hugas.lt\/wp-content\/uploads\/2022\/09\/mokyklines-spinteles-300x131.jpg 300w, https:\/\/hugas.lt\/wp-content\/uploads\/2022\/09\/mokyklines-spinteles-768x336.jpg 768w, https:\/\/hugas.lt\/wp-content\/uploads\/2022\/09\/mokyklines-spinteles-18x8.jpg 18w, https:\/\/hugas.lt\/wp-content\/uploads\/2022\/09\/mokyklines-spinteles-510x223.jpg 510w, https:\/\/hugas.lt\/wp-content\/uploads\/2022\/09\/mokyklines-spinteles-64x28.jpg 64w\" sizes=\"(max-width: 880px) 100vw, 880px\" \/><\/p>\n<p>&nbsp;<\/p>","protected":false},"excerpt":{"rendered":"<p>Auk\u0161tis &#8211; 1800mm;<\/p>\n<p>Gylis &#8211; 500mm;<\/p>\n<p>Plotis &#8211; 800mm;<\/p>\n<p>Med\u017eiaga &#8211; 0,8 mm. plienas;<\/p>\n<p>Padengimas &#8211; miltelinis.<\/p>\n<p>Spalva &#8211; RAL7035<\/p>\n<p>Svoris &#8211; 39 kg.<\/p>\n<p>U\u017eraktas &#8211; cilindrinis, 2 raktai komplekte.<\/p>","protected":false},"featured_media":10468,"comment_status":"open","ping_status":"closed","template":"","meta":[],"product_cat":[19,35],"product_tag":[71],"_links":{"self":[{"href":"https:\/\/hugas.lt\/en\/wp-json\/wp\/v2\/product\/10463"}],"collection":[{"href":"https:\/\/hugas.lt\/en\/wp-json\/wp\/v2\/product"}],"about":[{"href":"https:\/\/hugas.lt\/en\/wp-json\/wp\/v2\/types\/product"}],"replies":[{"embeddable":true,"href":"https:\/\/hugas.lt\/en\/wp-json\/wp\/v2\/comments?post=10463"}],"wp:featuredmedia":[{"embeddable":true,"href":"https:\/\/hugas.lt\/en\/wp-json\/wp\/v2\/media\/10468"}],"wp:attachment":[{"href":"https:\/\/hugas.lt\/en\/wp-json\/wp\/v2\/media?parent=10463"}],"wp:term":[{"taxonomy":"product_cat","embeddable":true,"href":"https:\/\/hugas.lt\/en\/wp-json\/wp\/v2\/product_cat?post=10463"},{"taxonomy":"product_tag","embeddable":true,"href":"https:\/\/hugas.lt\/en\/wp-json\/wp\/v2\/product_tag?post=10463"}],"curies":[{"name":"wp","href":"https:\/\/api.w.org\/{rel}","templated":true}]}}