{"id":10455,"date":"2023-01-13T08:29:31","date_gmt":"2023-01-13T06:29:31","guid":{"rendered":"https:\/\/hugas.lt\/?post_type=product&#038;p=10455"},"modified":"2026-03-06T15:38:43","modified_gmt":"2026-03-06T13:38:43","slug":"dziovinimo-spinta-su-kabykla-ir-lentynomis-2040x900x600","status":"publish","type":"product","link":"https:\/\/hugas.lt\/en\/product\/dziovinimo-spinta-su-kabykla-ir-lentynomis-2040x900x600\/","title":{"rendered":"D\u017eiovinimo spinta su kabykla ir lentynomis 2040x900x600"},"content":{"rendered":"<h2>D\u017eiovinimo spinta su kabykla ir lentynomis 2040x900x600<\/h2>\n<p>&nbsp;<\/p>\n<p>Matmenys:<\/p>\n<p>Auk\u0161tis &#8211; 2040 mm.<\/p>\n<p>Plotis &#8211; 900 mm.<\/p>\n<p>Gylis &#8211; 600 mm.<\/p>\n<p>Lentyn\u0173 kiekis &#8211; 4 vnt. lentynos reguliuojamos pagal poreik\u012f.<\/p>\n<p>Svoris &#8211; 83 kg.<\/p>\n<p>Spalva &#8211; RAL 7035.<\/p>\n<p>Da\u017eymas &#8211; korozijai atspari miltelin\u0117 emal\u0117.<\/p>\n<p>da\u017enis, Hz 50;<\/p>\n<p>\u012ftampa, 220;<\/p>\n<p>triuk\u0161mo lygis, DB 35;<\/p>\n<p>kabelio ilgis, 500 cm;<\/p>\n<p>srauto greitis \u2265 7,5 m\/s;<\/p>\n<p>vardin\u0117 galia, W 2500;<\/p>\n<p>maksimalus na\u0161umas, m\u00b3\/h 300;<\/p>\n<p>ventiliatoriaus galia, W (53\u00b110%);<\/p>\n<p>darbo laiko nustatymas nuo 1 sek. iki 99,9 val.;<\/p>\n<p>temperat\u016bros reguliavimo ribos: nuo 0 iki + 99,9 \u00b0C.<\/p>\n<p>D\u017eiovinimo spinta drabu\u017eiams d\u017eiovinti &#8211; tai moderni \u012franga, kurios populiarumas spar\u010diai auga. Tai leid\u017eia greitai i\u0161d\u017ei\u016bti \u0161lapius drabu\u017eius u\u017edarytoje d\u0117\u017e\u0117je. Spintel\u0117s \u012frengtos sporto objektuose, dar\u017eeliuose,\u00a0 mokyklose. Jie taip pat paklaus\u016bs gamyklose, kuriose naudojamos kei\u010diamos uniformos. D\u017eiovinama daug grei\u010diau nei namuose, tod\u0117l garantuojama, kad drabu\u017eiai bus sausi prie\u0161 kit\u0105 naudojim\u0105.<\/p>\n<p>Pagrindin\u0117s charakteristikos:<\/p>\n<p>D\u017eiovinimo re\u017eimai: p\u016btimo or\u0105 pu\u010dia ventiliatorius be \u0161ildymo, or\u0105 pu\u010dia ventiliatorius su \u0161ildymu.<\/p>\n<p>D\u017eiovinimo spintel\u0117 turi daugyb\u0119 funkcij\u0173, kurios j\u0105 i\u0161skiria i\u0161 klasikini\u0173 bald\u0173. Karkas\u0105 sudaro tvirti plieno lak\u0161tai, atspar\u016bs daugumai mechanini\u0173 poveiki\u0173. Pagrinde yra galingi kaitinimo elementai. Temperat\u016bra ir darbo re\u017eimas parenkamas atsi\u017evelgiant \u012f audinio tip\u0105 &#8211; sistema naudoja jautrius jutiklius. Siekiant apsaugoti metal\u0105 nuo korozijos, naudojama miltelin\u0117 danga. \u0160viesiai pilki da\u017eai apsaugo nuo r\u016bd\u017ei\u0173 ir apsaugo nuo ankstyvo nusid\u0117v\u0117jimo. Tai yra svarbus kriterijus, nes vanduo gali la\u0161\u0117ti nuo dr\u0117gn\u0173 audini\u0173. Jis nesikaupia spintel\u0117s viduje &#8211; kaitinant dr\u0117gm\u0117 i\u0161garuoja ir pa\u0161alinama per galing\u0105 gaubt\u0105.<\/p>\n<p><img decoding=\"async\" class=\"alignnone size-full wp-image-10461\" src=\"https:\/\/hugas.lt\/wp-content\/uploads\/2023\/01\/dziovinimo-spinta-pagr.jpg\" alt=\"\" width=\"925\" height=\"1080\" srcset=\"https:\/\/hugas.lt\/wp-content\/uploads\/2023\/01\/dziovinimo-spinta-pagr.jpg 925w, https:\/\/hugas.lt\/wp-content\/uploads\/2023\/01\/dziovinimo-spinta-pagr-257x300.jpg 257w, https:\/\/hugas.lt\/wp-content\/uploads\/2023\/01\/dziovinimo-spinta-pagr-877x1024.jpg 877w, https:\/\/hugas.lt\/wp-content\/uploads\/2023\/01\/dziovinimo-spinta-pagr-768x897.jpg 768w, https:\/\/hugas.lt\/wp-content\/uploads\/2023\/01\/dziovinimo-spinta-pagr-10x12.jpg 10w, https:\/\/hugas.lt\/wp-content\/uploads\/2023\/01\/dziovinimo-spinta-pagr-510x595.jpg 510w, https:\/\/hugas.lt\/wp-content\/uploads\/2023\/01\/dziovinimo-spinta-pagr-64x75.jpg 64w\" sizes=\"(max-width: 925px) 100vw, 925px\" \/> <img decoding=\"async\" class=\"alignnone size-full wp-image-10457\" src=\"https:\/\/hugas.lt\/wp-content\/uploads\/2023\/01\/dziovinimo-spinta-1.jpg\" alt=\"\" width=\"925\" height=\"1080\" srcset=\"https:\/\/hugas.lt\/wp-content\/uploads\/2023\/01\/dziovinimo-spinta-1.jpg 925w, https:\/\/hugas.lt\/wp-content\/uploads\/2023\/01\/dziovinimo-spinta-1-257x300.jpg 257w, https:\/\/hugas.lt\/wp-content\/uploads\/2023\/01\/dziovinimo-spinta-1-877x1024.jpg 877w, https:\/\/hugas.lt\/wp-content\/uploads\/2023\/01\/dziovinimo-spinta-1-768x897.jpg 768w, https:\/\/hugas.lt\/wp-content\/uploads\/2023\/01\/dziovinimo-spinta-1-10x12.jpg 10w, https:\/\/hugas.lt\/wp-content\/uploads\/2023\/01\/dziovinimo-spinta-1-510x595.jpg 510w, https:\/\/hugas.lt\/wp-content\/uploads\/2023\/01\/dziovinimo-spinta-1-64x75.jpg 64w\" sizes=\"(max-width: 925px) 100vw, 925px\" \/><\/p>","protected":false},"excerpt":{"rendered":"<p>D\u017eiovinimo spinta | Auk\u0161ta kokyb\u0117 | Tvirta konstrukcija | Greitas pristatymas | Metaliniai baldai | I\u0161sirinkite Jums tinkam\u0105 gamin\u012f |<\/p>","protected":false},"featured_media":10456,"comment_status":"open","ping_status":"closed","template":"","meta":[],"product_cat":[38,79],"product_tag":[],"_links":{"self":[{"href":"https:\/\/hugas.lt\/en\/wp-json\/wp\/v2\/product\/10455"}],"collection":[{"href":"https:\/\/hugas.lt\/en\/wp-json\/wp\/v2\/product"}],"about":[{"href":"https:\/\/hugas.lt\/en\/wp-json\/wp\/v2\/types\/product"}],"replies":[{"embeddable":true,"href":"https:\/\/hugas.lt\/en\/wp-json\/wp\/v2\/comments?post=10455"}],"wp:featuredmedia":[{"embeddable":true,"href":"https:\/\/hugas.lt\/en\/wp-json\/wp\/v2\/media\/10456"}],"wp:attachment":[{"href":"https:\/\/hugas.lt\/en\/wp-json\/wp\/v2\/media?parent=10455"}],"wp:term":[{"taxonomy":"product_cat","embeddable":true,"href":"https:\/\/hugas.lt\/en\/wp-json\/wp\/v2\/product_cat?post=10455"},{"taxonomy":"product_tag","embeddable":true,"href":"https:\/\/hugas.lt\/en\/wp-json\/wp\/v2\/product_tag?post=10455"}],"curies":[{"name":"wp","href":"https:\/\/api.w.org\/{rel}","templated":true}]}}