{"id":10418,"date":"2022-11-22T14:23:09","date_gmt":"2022-11-22T12:23:09","guid":{"rendered":"https:\/\/hugas.lt\/?post_type=product&#038;p=10418"},"modified":"2024-07-26T02:33:11","modified_gmt":"2024-07-26T00:33:11","slug":"irankiu-spinta-su-stiklinemis-durimis","status":"publish","type":"product","link":"https:\/\/hugas.lt\/en\/product\/irankiu-spinta-su-stiklinemis-durimis\/","title":{"rendered":"\u012eranki\u0173 spinta su stiklin\u0117mis durimis"},"content":{"rendered":"<h2>\u012eranki\u0173 spinta su stiklin\u0117mis durimis<\/h2>\n<p>&nbsp;<\/p>\n<p>Spinta pagaminta i\u0161 tvirto, milteliniu b\u016bdu da\u017eyto lak\u0161tinio plieno. Miltelinis da\u017eymas sukuria kiet\u0105 ir tvirt\u0105 pavir\u0161i\u0173. Lak\u0161tinio metalo spintos turinio saugum\u0105 u\u017etikrina rakinamos, dvigubos konstrukcijos durys.<\/p>\n<p>Matmenys:<\/p>\n<p>1800 \u0445 450 \u0445 300<\/p>\n<p>Viduje reguliuojamo auk\u0161\u010dio lentynos. Papildomas rakinamas skyrelis apa\u010dioje.<\/p>\n<p>Spintel\u0117s nugaroje &#8211; perforacija, ant kurios gal\u0117site lengva pritvirtinti kabliukus, laikiklius raktams, ir pan. Priedus perforuotoms sienel\u0117ms rasite kategorijoje PRIEDAI DARBASTALIAMS.<\/p>\n<p>Spinta rakinama. <img decoding=\"async\" class=\"alignnone size-full wp-image-10422\" src=\"https:\/\/hugas.lt\/wp-content\/uploads\/2022\/11\/irankiu-spinta-stiklinemis-durimis.jpg\" alt=\"\" width=\"925\" height=\"1080\" srcset=\"https:\/\/hugas.lt\/wp-content\/uploads\/2022\/11\/irankiu-spinta-stiklinemis-durimis.jpg 925w, https:\/\/hugas.lt\/wp-content\/uploads\/2022\/11\/irankiu-spinta-stiklinemis-durimis-257x300.jpg 257w, https:\/\/hugas.lt\/wp-content\/uploads\/2022\/11\/irankiu-spinta-stiklinemis-durimis-877x1024.jpg 877w, https:\/\/hugas.lt\/wp-content\/uploads\/2022\/11\/irankiu-spinta-stiklinemis-durimis-768x897.jpg 768w, https:\/\/hugas.lt\/wp-content\/uploads\/2022\/11\/irankiu-spinta-stiklinemis-durimis-10x12.jpg 10w, https:\/\/hugas.lt\/wp-content\/uploads\/2022\/11\/irankiu-spinta-stiklinemis-durimis-510x595.jpg 510w, https:\/\/hugas.lt\/wp-content\/uploads\/2022\/11\/irankiu-spinta-stiklinemis-durimis-64x75.jpg 64w\" sizes=\"(max-width: 925px) 100vw, 925px\" \/><\/p>\n<p>&nbsp;<\/p>","protected":false},"excerpt":{"rendered":"<p>Tvirta, patikima ir ilgaam\u017e\u0117 \u012franki\u0173 spinta.<\/p>","protected":false},"featured_media":10419,"comment_status":"open","ping_status":"closed","template":"","meta":[],"product_cat":[19,39],"product_tag":[],"_links":{"self":[{"href":"https:\/\/hugas.lt\/en\/wp-json\/wp\/v2\/product\/10418"}],"collection":[{"href":"https:\/\/hugas.lt\/en\/wp-json\/wp\/v2\/product"}],"about":[{"href":"https:\/\/hugas.lt\/en\/wp-json\/wp\/v2\/types\/product"}],"replies":[{"embeddable":true,"href":"https:\/\/hugas.lt\/en\/wp-json\/wp\/v2\/comments?post=10418"}],"wp:featuredmedia":[{"embeddable":true,"href":"https:\/\/hugas.lt\/en\/wp-json\/wp\/v2\/media\/10419"}],"wp:attachment":[{"href":"https:\/\/hugas.lt\/en\/wp-json\/wp\/v2\/media?parent=10418"}],"wp:term":[{"taxonomy":"product_cat","embeddable":true,"href":"https:\/\/hugas.lt\/en\/wp-json\/wp\/v2\/product_cat?post=10418"},{"taxonomy":"product_tag","embeddable":true,"href":"https:\/\/hugas.lt\/en\/wp-json\/wp\/v2\/product_tag?post=10418"}],"curies":[{"name":"wp","href":"https:\/\/api.w.org\/{rel}","templated":true}]}}