{"id":10311,"date":"2022-09-06T10:05:19","date_gmt":"2022-09-06T08:05:19","guid":{"rendered":"https:\/\/hugas.lt\/?post_type=product&#038;p=10311"},"modified":"2025-02-03T11:32:41","modified_gmt":"2025-02-03T09:32:41","slug":"mokyklinis-darbastalis-1500-mm-su-spaustuvais","status":"publish","type":"product","link":"https:\/\/hugas.lt\/en\/product\/mokyklinis-darbastalis-1500-mm-su-spaustuvais\/","title":{"rendered":"Mokyklinis darbastalis 1500 mm su spaustuvais"},"content":{"rendered":"<h2>Mokyklinis darbastalis 1500 mm su spaustuvais<\/h2>\n<div>Tai itin patvarus, i\u0161 labai auk\u0161tos kokyb\u0117s med\u017eiag\u0173 pagamintas, patogaus ir prakti\u0161ko dizaino staliaus darbastalis. I\u0161 buko medienos masyvo pagaminti stalvir\u0161iai yra ypatingai tvirti ir patvar\u016bs. Kiekviename stalvir\u0161yje \u012frengtos fiksatoriams skirt\u0173 ang\u0173 eil\u0117s.<\/div>\n<div>Prie darbastalio gali b\u016bti pridedamos perforuotos sienel\u0117s, kuriose gal\u0117site susikabinti visus reikiamus \u012frankius. Priedus darbastaliams rasite \u010dia:<\/div>\n<div>https:\/\/hugas.lt\/produkto-kategorija\/darbastalio-priedai\/<\/div>\n<div><\/div>\n<div>Produkto specifikacijos<\/div>\n<div><\/div>\n<div>Ilgis: 1500 mm<\/div>\n<div>Plotis: 620 mm<\/div>\n<div>Minimalus auk\u0161tis: 750 mm<\/div>\n<div>Maksimalus auk\u0161tis: 1000 mm<\/div>\n<div>R\u0117mas: Reguliuojamas rankiniu b\u016bdu<\/div>\n<div>Spalva stalo pavir\u0161ius: Bukas<\/div>\n<div>Med\u017eiaga stalo pavir\u0161ius: Med\u017eio masyvas<\/div>\n<div>Med\u017eiaga r\u0117mas: Milteliniu b\u016bd\u0173 da\u017eytas plienas<\/div>\n<div>Spalva: RAL7035. Atskiru u\u017esakymu galima pasirinkti kit\u0105 RAL palet\u0117s spalv\u0105<\/div>\n<div>Svoris:\u00a085 kg<\/div>\n<div>Montavimas:\u00a0Pristatoma nesurinkta<\/div>\n<div>Surinkimo instrukcija: Pridedama<\/div>\n<div><\/div>\n<div><img decoding=\"async\" class=\"alignnone size-full wp-image-10291\" src=\"https:\/\/hugas.lt\/wp-content\/uploads\/2022\/09\/Darbastaliai-mokykloms-1.jpg\" alt=\"\" width=\"1210\" height=\"518\" srcset=\"https:\/\/hugas.lt\/wp-content\/uploads\/2022\/09\/Darbastaliai-mokykloms-1.jpg 1210w, https:\/\/hugas.lt\/wp-content\/uploads\/2022\/09\/Darbastaliai-mokykloms-1-300x128.jpg 300w, https:\/\/hugas.lt\/wp-content\/uploads\/2022\/09\/Darbastaliai-mokykloms-1-1024x438.jpg 1024w, https:\/\/hugas.lt\/wp-content\/uploads\/2022\/09\/Darbastaliai-mokykloms-1-768x329.jpg 768w, https:\/\/hugas.lt\/wp-content\/uploads\/2022\/09\/Darbastaliai-mokykloms-1-18x8.jpg 18w, https:\/\/hugas.lt\/wp-content\/uploads\/2022\/09\/Darbastaliai-mokykloms-1-510x218.jpg 510w, https:\/\/hugas.lt\/wp-content\/uploads\/2022\/09\/Darbastaliai-mokykloms-1-64x27.jpg 64w\" sizes=\"(max-width: 1210px) 100vw, 1210px\" \/><\/div>\n<div><\/div>\n<div><\/div>","protected":false},"excerpt":{"rendered":"<p>Mokyklinis darbastalis | Tvirta ir patikima konstrukcija | Auk\u0161ta kokyb\u0117 | Greitas pristatymas | Metaliniai baldai mokykloms |<\/p>","protected":false},"featured_media":10312,"comment_status":"open","ping_status":"closed","template":"","meta":[],"product_cat":[70],"product_tag":[],"_links":{"self":[{"href":"https:\/\/hugas.lt\/en\/wp-json\/wp\/v2\/product\/10311"}],"collection":[{"href":"https:\/\/hugas.lt\/en\/wp-json\/wp\/v2\/product"}],"about":[{"href":"https:\/\/hugas.lt\/en\/wp-json\/wp\/v2\/types\/product"}],"replies":[{"embeddable":true,"href":"https:\/\/hugas.lt\/en\/wp-json\/wp\/v2\/comments?post=10311"}],"wp:featuredmedia":[{"embeddable":true,"href":"https:\/\/hugas.lt\/en\/wp-json\/wp\/v2\/media\/10312"}],"wp:attachment":[{"href":"https:\/\/hugas.lt\/en\/wp-json\/wp\/v2\/media?parent=10311"}],"wp:term":[{"taxonomy":"product_cat","embeddable":true,"href":"https:\/\/hugas.lt\/en\/wp-json\/wp\/v2\/product_cat?post=10311"},{"taxonomy":"product_tag","embeddable":true,"href":"https:\/\/hugas.lt\/en\/wp-json\/wp\/v2\/product_tag?post=10311"}],"curies":[{"name":"wp","href":"https:\/\/api.w.org\/{rel}","templated":true}]}}