{"id":10275,"date":"2022-08-24T09:21:51","date_gmt":"2022-08-24T07:21:51","guid":{"rendered":"https:\/\/hugas.lt\/?post_type=product&#038;p=10275"},"modified":"2023-08-10T13:44:05","modified_gmt":"2023-08-10T11:44:05","slug":"kario-spinta-2200x1000x600","status":"publish","type":"product","link":"https:\/\/hugas.lt\/en\/product\/kario-spinta-2200x1000x600\/","title":{"rendered":"Kario spinta 2200x1000x600"},"content":{"rendered":"<h2>Kario spinta 2200x1000x600<\/h2>\n<p>Metalin\u0117 kario spinta pagaminta atsi\u017evelgiant \u012f savanori\u0173 bei \u0161auktini\u0173 poreikius. Spintos auk\u0161tis 2200 mm, plotis 1000 mm, gylis 600 mm. Kario spinta yra rakinama dvipusiu u\u017eraktu, dureli\u0173 vir\u0161uje ir apa\u010dioje. spintel\u0117s viduje yra ovalus, reguliuojamo auk\u0161\u010dio vamzdis r\u016bbams sukabinti. Spintel\u0117s vir\u0161uje yra du atskiri skyreliai, vienas j\u0173 yra atviras, kitas rakinamas patikima kodine spynele skirtas amunicijai laikyti. Po kartele r\u016bbams yra dvi reguliuojamo auk\u0161\u010dio lentynos b\u016btiniausiems daiktams susid\u0117ti.<\/p>\n<p>Spintel\u0117s apa\u010dioje padarytas i\u0161traukiamas skyrius, kuris yra rakinamas kodine spynele. \u0160iame skyriuje yra atveriamos durys, viduje du ventiliuojami skyriai avalynei arba kitiems daiktams. I\u0161traukiamas skyrius yra ant ratuk\u0173, su pilno i\u0161traukimo b\u0117geliais. Spintos da\u017eytos milteliniu b\u016bdu, emal\u0117 RAL 7035 spalvos. Miltelinis da\u017eymas apsaugo spint\u0105 nuo greito susid\u0117v\u0117jimo. Spintel\u0117 turi plastikinius padus, kad metalas nekontaktuot\u0173 su grindimis, taip u\u017etikrinant, kad spintos pavir\u0161ius ir dugnas neb\u016bt\u0173 pa\u017eeisti. Galimos ir kitos RAL palet\u0117s spalvos, d\u0117l \u0161io klausimo susisiekite su mumis telefonu +37065061190 arba el. pa\u0161tu info@hugas.lt<\/p>\n<p><img decoding=\"async\" class=\"alignnone size-medium wp-image-10279\" src=\"https:\/\/hugas.lt\/wp-content\/uploads\/2022\/08\/kario-spinta-257x300.jpg\" alt=\"\" width=\"257\" height=\"300\" srcset=\"https:\/\/hugas.lt\/wp-content\/uploads\/2022\/08\/kario-spinta-257x300.jpg 257w, https:\/\/hugas.lt\/wp-content\/uploads\/2022\/08\/kario-spinta-10x12.jpg 10w, https:\/\/hugas.lt\/wp-content\/uploads\/2022\/08\/kario-spinta-510x595.jpg 510w, https:\/\/hugas.lt\/wp-content\/uploads\/2022\/08\/kario-spinta-64x75.jpg 64w, https:\/\/hugas.lt\/wp-content\/uploads\/2022\/08\/kario-spinta.jpg 600w\" sizes=\"(max-width: 257px) 100vw, 257px\" \/> <img decoding=\"async\" class=\"alignnone size-medium wp-image-10277\" src=\"https:\/\/hugas.lt\/wp-content\/uploads\/2022\/08\/kario-spinta-1-257x300.jpg\" alt=\"\" width=\"257\" height=\"300\" srcset=\"https:\/\/hugas.lt\/wp-content\/uploads\/2022\/08\/kario-spinta-1-257x300.jpg 257w, https:\/\/hugas.lt\/wp-content\/uploads\/2022\/08\/kario-spinta-1-10x12.jpg 10w, https:\/\/hugas.lt\/wp-content\/uploads\/2022\/08\/kario-spinta-1-510x595.jpg 510w, https:\/\/hugas.lt\/wp-content\/uploads\/2022\/08\/kario-spinta-1-64x75.jpg 64w, https:\/\/hugas.lt\/wp-content\/uploads\/2022\/08\/kario-spinta-1.jpg 600w\" sizes=\"(max-width: 257px) 100vw, 257px\" \/> <img decoding=\"async\" class=\"alignnone size-medium wp-image-10276\" src=\"https:\/\/hugas.lt\/wp-content\/uploads\/2022\/08\/kario-spinta-2-257x300.jpg\" alt=\"\" width=\"257\" height=\"300\" srcset=\"https:\/\/hugas.lt\/wp-content\/uploads\/2022\/08\/kario-spinta-2-257x300.jpg 257w, https:\/\/hugas.lt\/wp-content\/uploads\/2022\/08\/kario-spinta-2-10x12.jpg 10w, https:\/\/hugas.lt\/wp-content\/uploads\/2022\/08\/kario-spinta-2-510x595.jpg 510w, https:\/\/hugas.lt\/wp-content\/uploads\/2022\/08\/kario-spinta-2-64x75.jpg 64w, https:\/\/hugas.lt\/wp-content\/uploads\/2022\/08\/kario-spinta-2.jpg 600w\" sizes=\"(max-width: 257px) 100vw, 257px\" \/><\/p>\n<p>&nbsp;<\/p>","protected":false},"excerpt":{"rendered":"<p>Kario spinta 2200x1000x600. Patikima, metalin\u0117 konstrukcija su kodiniai u\u017eraktais, garantuojan\u010diais turinio saugum\u0105. Greitas gamybos terminas.<\/p>","protected":false},"featured_media":10278,"comment_status":"open","ping_status":"closed","template":"","meta":[],"product_cat":[35,83],"product_tag":[],"_links":{"self":[{"href":"https:\/\/hugas.lt\/en\/wp-json\/wp\/v2\/product\/10275"}],"collection":[{"href":"https:\/\/hugas.lt\/en\/wp-json\/wp\/v2\/product"}],"about":[{"href":"https:\/\/hugas.lt\/en\/wp-json\/wp\/v2\/types\/product"}],"replies":[{"embeddable":true,"href":"https:\/\/hugas.lt\/en\/wp-json\/wp\/v2\/comments?post=10275"}],"wp:featuredmedia":[{"embeddable":true,"href":"https:\/\/hugas.lt\/en\/wp-json\/wp\/v2\/media\/10278"}],"wp:attachment":[{"href":"https:\/\/hugas.lt\/en\/wp-json\/wp\/v2\/media?parent=10275"}],"wp:term":[{"taxonomy":"product_cat","embeddable":true,"href":"https:\/\/hugas.lt\/en\/wp-json\/wp\/v2\/product_cat?post=10275"},{"taxonomy":"product_tag","embeddable":true,"href":"https:\/\/hugas.lt\/en\/wp-json\/wp\/v2\/product_tag?post=10275"}],"curies":[{"name":"wp","href":"https:\/\/api.w.org\/{rel}","templated":true}]}}