{"id":10249,"date":"2022-07-14T12:11:54","date_gmt":"2022-07-14T10:11:54","guid":{"rendered":"https:\/\/hugas.lt\/?post_type=product&#038;p=10249"},"modified":"2023-01-11T13:45:11","modified_gmt":"2023-01-11T11:45:11","slug":"spintele-jojimo-inventoriui-bei-balnams-laikyti-1575x670x1270","status":"publish","type":"product","link":"https:\/\/hugas.lt\/en\/product\/spintele-jojimo-inventoriui-bei-balnams-laikyti-1575x670x1270\/","title":{"rendered":"Spintel\u0117 jojimo inventoriui bei balnams laikyti 1575x670x1270"},"content":{"rendered":"<h2>Spintel\u0117 jojimo inventoriui bei balnams laikyti 1575x670x1270<\/h2>\n<p>Spintel\u0117 skirta nuolatiniam naudojimui lenktynininkams ir lenktyni\u0173 trasos darbuotojams. Jame u\u017etenka vietos balnui, kombinezonui ir aksesuarams. Kiekviena inventoriaus r\u016b\u0161is turi savo viet\u0105. Did\u017eiausioje sekcijoje yra du laikikliai, jie reikalingi balno tvirtinimui. Kabliukai tvirtinami prie \u0161onini\u0173 sieneli\u0173. Jais patogu pakabinti kostiumo elementus ir persirengimo drabu\u017eius. T\u0105 pa\u010di\u0105 funkcij\u0105 gali atlikti ir \u0161onin\u0117 sekcija, kurioje yra kabliukai. I\u0161 viso yra 12 toki\u0173 element\u0173. Jojimo inventoriaus spintoje yra pakankamai vietos keli\u0173 sportinink\u0173 daiktams.<\/p>\n<p>Patvarus suvirintas korpusas;<\/p>\n<p>Miltelinis da\u017eymas RAL 7021;<\/p>\n<p>Sumontuotos varstomos metalin\u0117s durys;<\/p>\n<p>U\u017erakinami patikima spyna su sukamuoju raktu;<\/p>\n<p>2 nesisukantys ratai, 1 pasukamas ir pasukamas ratas su stabd\u017eiu.<\/p>\n<p>Spintos patikimumas nekelia abejoni\u0173, nes ji pagaminta i\u0161 metalo. Sieneli\u0173 storis 0,8 mm, tai yra optimalus kasdieniam naudojimui. Pavir\u0161iai i\u0161 anksto apdoroti ir nuda\u017eyti milteliniais da\u017eais. Tai apsaugo metal\u0105 nuo korozijos, tod\u0117l jam nekenkia didel\u0117 dr\u0117gm\u0117. Viduje yra 3 stal\u010diai, taip pat papildomas stal\u010dius i\u0161 apa\u010dios.<\/p>\n<p><iframe title=\"\u0428\u043a\u0430\u0444\u044b \u0434\u043b\u044f \u0438\u043f\u043f\u043e\u0434\u0440\u043e\u043c\u0430. \u0421\u0442\u043e\u0438\u0442 \u043b\u0438 \u043f\u043e\u043a\u0443\u043f\u0430\u0442\u044c \u0441\u0435\u043a\u0446\u0438\u043e\u043d\u043d\u0443\u044e \u043b\u0430\u0440\u044c \u0434\u043b\u044f \u043a\u043e\u043d\u043d\u043e\u0439 \u0430\u043c\u0443\u043d\u0438\u0446\u0438\u0438 \u0441 \u044f\u0449\u0438\u043a\u0430\u043c\u0438 \u0438 \u043a\u0440\u044e\u0447\u043a\u0430\u043c\u0438\" width=\"1020\" height=\"574\" src=\"https:\/\/www.youtube.com\/embed\/cnuG1vHsqgs?start=148&#038;feature=oembed\" frameborder=\"0\" allow=\"accelerometer; autoplay; clipboard-write; encrypted-media; gyroscope; picture-in-picture; web-share\" allowfullscreen><\/iframe><\/p>","protected":false},"excerpt":{"rendered":"<h2>Spintel\u0117 jojimo inventoriui bei balnams laikyti 1575x670x1270<\/h2>","protected":false},"featured_media":10251,"comment_status":"open","ping_status":"closed","template":"","meta":[],"product_cat":[35],"product_tag":[],"_links":{"self":[{"href":"https:\/\/hugas.lt\/en\/wp-json\/wp\/v2\/product\/10249"}],"collection":[{"href":"https:\/\/hugas.lt\/en\/wp-json\/wp\/v2\/product"}],"about":[{"href":"https:\/\/hugas.lt\/en\/wp-json\/wp\/v2\/types\/product"}],"replies":[{"embeddable":true,"href":"https:\/\/hugas.lt\/en\/wp-json\/wp\/v2\/comments?post=10249"}],"wp:featuredmedia":[{"embeddable":true,"href":"https:\/\/hugas.lt\/en\/wp-json\/wp\/v2\/media\/10251"}],"wp:attachment":[{"href":"https:\/\/hugas.lt\/en\/wp-json\/wp\/v2\/media?parent=10249"}],"wp:term":[{"taxonomy":"product_cat","embeddable":true,"href":"https:\/\/hugas.lt\/en\/wp-json\/wp\/v2\/product_cat?post=10249"},{"taxonomy":"product_tag","embeddable":true,"href":"https:\/\/hugas.lt\/en\/wp-json\/wp\/v2\/product_tag?post=10249"}],"curies":[{"name":"wp","href":"https:\/\/api.w.org\/{rel}","templated":true}]}}