{"id":10239,"date":"2022-07-14T11:17:08","date_gmt":"2022-07-14T09:17:08","guid":{"rendered":"https:\/\/hugas.lt\/?post_type=product&#038;p=10239"},"modified":"2022-07-14T11:17:08","modified_gmt":"2022-07-14T09:17:08","slug":"breziniu-spinta-1020x730x440-a1-formatui","status":"publish","type":"product","link":"https:\/\/hugas.lt\/en\/product\/breziniu-spinta-1020x730x440-a1-formatui\/","title":{"rendered":"Br\u0117\u017eini\u0173 spinta 1020x730x440 A1 formatui"},"content":{"rendered":"<h2>Br\u0117\u017eini\u0173 spinta 1020x730x440 A1 formatui<\/h2>\n<p>Metalin\u0117 br\u0117\u017eini\u0173 spinta skirta A1 formato br\u0117\u017einiams, \u017eem\u0117lapiams ir kitokiems techniniams dokumentams. Pagaminta i\u0161 0,8 \u2013 2,0 mm plieno da\u017eyta korozijai atsparia milteline emale. Stal\u010diuose sumontuoti guoliniai \u2013 teleskopiniai pilno i\u0161traukimo b\u0117geliai. Spinta su centriniu u\u017eraktu ir dviem raktais. Sumontuotas specialus virtimo prevencijos mechanizmas neleid\u017eiantis atidaryti keli\u0173 stal\u010di\u0173 vienu metu. Spinta turi 5 stal\u010dius.<\/p>\n<p>&nbsp;<\/p>","protected":false},"excerpt":{"rendered":"<p>Metalin\u0117 br\u0117\u017eini\u0173 spinta skirta A1 formato br\u0117\u017einiams, \u017eem\u0117lapiams ir kitokiems techniniams dokumentams.<\/p>","protected":false},"featured_media":10240,"comment_status":"open","ping_status":"closed","template":"","meta":[],"product_cat":[18,33],"product_tag":[],"_links":{"self":[{"href":"https:\/\/hugas.lt\/en\/wp-json\/wp\/v2\/product\/10239"}],"collection":[{"href":"https:\/\/hugas.lt\/en\/wp-json\/wp\/v2\/product"}],"about":[{"href":"https:\/\/hugas.lt\/en\/wp-json\/wp\/v2\/types\/product"}],"replies":[{"embeddable":true,"href":"https:\/\/hugas.lt\/en\/wp-json\/wp\/v2\/comments?post=10239"}],"wp:featuredmedia":[{"embeddable":true,"href":"https:\/\/hugas.lt\/en\/wp-json\/wp\/v2\/media\/10240"}],"wp:attachment":[{"href":"https:\/\/hugas.lt\/en\/wp-json\/wp\/v2\/media?parent=10239"}],"wp:term":[{"taxonomy":"product_cat","embeddable":true,"href":"https:\/\/hugas.lt\/en\/wp-json\/wp\/v2\/product_cat?post=10239"},{"taxonomy":"product_tag","embeddable":true,"href":"https:\/\/hugas.lt\/en\/wp-json\/wp\/v2\/product_tag?post=10239"}],"curies":[{"name":"wp","href":"https:\/\/api.w.org\/{rel}","templated":true}]}}