{"id":10230,"date":"2022-07-14T10:50:37","date_gmt":"2022-07-14T08:50:37","guid":{"rendered":"https:\/\/hugas.lt\/?post_type=product&#038;p=10230"},"modified":"2022-07-14T11:03:49","modified_gmt":"2022-07-14T09:03:49","slug":"kartoteku-spinta-1335x495x602-6-stalciu-kc-6-a5-ir-a6-formatams","status":"publish","type":"product","link":"https:\/\/hugas.lt\/en\/product\/kartoteku-spinta-1335x495x602-6-stalciu-kc-6-a5-ir-a6-formatams\/","title":{"rendered":"Kartotek\u0173 spinta 1335x495x602 6 stal\u010di\u0173 KC-6 A5 ir A6 formatams"},"content":{"rendered":"<h2>Kartotek\u0173 spinta 1335x495x602 6 stal\u010di\u0173 KC-6 A5 ir A6 formatams<\/h2>\n<p>&nbsp;<\/p>\n<p>Kartotek\u0173 spinta\/aplank\u0173 spinta ypa\u010d auk\u0161tos kokyb\u0117s, efektyviam ir tvarkingam sukabinam\u0173 aplank\u0173 saugojimui skirta, metalin\u0117 spinta. Tai tobulas pasirinkimas J\u016bs\u0173 biurui ir archyvui! Spinta puikiai tinka dokument\u0173, sutar\u010di\u0173, korespondencijos, medicinini\u0173 \u012fra\u0161\u0173 ir pana\u0161ios dokumentacijos saugojimui. Spinta komplektuojama su 6 stal\u010diais. Spinta yra stabili, pilnai suvirintos konstrukcijos, spinta yra pagaminta i\u0161 lak\u0161tinio metalo ir milteliniu b\u016bdu da\u017eyta subtiliomis spalvomis. Spinta yra rakinama, tod\u0117l J\u016bs gal\u0117site joje sud\u0117ti svarbius dokumentus. \u012erengtas centrinis u\u017eraktas su dviem raktais, kuris rakina visus konstrukcijos stal\u010dius vienu metu. Maksimal\u0173 konstrukcijos stabilum\u0105 u\u017etikrina, joje \u012frengta apsauga nuo pasvyrimo. \u0160i funkcija garantuoja, kad stal\u010dius pilnai i\u0161traukus i\u0161 konstrukcijos \u2013 spinta nepasvirs.<\/p>\n<p>Kartotekos talpa &#8211; 400 darbo knyg\u0173; 500 pas\u0173; 200 medicinini\u0173 korteli\u0173, 340 asmenini\u0173 daikt\u0173 (nurodytas kiekis apytikslis), arba 2400 A6 formato vienet\u0173.<\/p>\n<h3>Daugiau informacijos apie produkt\u0105<\/h3>\n<div class=\"productPage_info_description product_Information_Update\">Optimizuokite popieri\u0173 ir dokument\u0173 saugojim\u0105 \u012fsigydami \u0161i\u0105 prakti\u0161k\u0105 kartotek\u0173 spint\u0105.<\/div>\n<div class=\"productPage_info_description product_Information_Update\">Tai auk\u0161tos kokyb\u0117s spinta, kuri savo dizaino d\u0117ka tinka daugelyje biur\u0173.<\/div>\n<div class=\"productPage_info_description product_Information_Update\">Stal\u010diai yra pilnai i\u0161traukiami.<\/div>\n<div class=\"productPage_info_description product_Information_Update\">Stabilum\u0105 u\u017etikrinanti funkcija garantuoja, kad spinta nevirs \u012f priek\u012f kuomet stal\u010diai bus i\u0161traukti.<\/div>\n<div class=\"productPage_info_description product_Information_Update\">Keturi spintos stal\u010diai ir r\u0117mas \u2013 pilnai suvirintos konstrukcijos, kuri yra apr\u016bpinta centriniu u\u017eraktu su 2 raktais.<\/div>\n<div class=\"productPage_info_description product_Information_Update\">U\u017eraktas rakina visus stal\u010dius vienu metu ir maksimaliai apsaugo turin\u012f.<\/div>\n<div class=\"productPage_info_description product_Information_Update\">Kartotek\u0173 spinta\/aplank\u0173 spinta pagaminta i\u0161 lak\u0161tinio plieno, kuris da\u017eytas RAL7035 spalvos milteline emale.<\/div>\n<div><\/div>\n<div><img decoding=\"async\" class=\"alignnone  wp-image-10231\" src=\"https:\/\/hugas.lt\/wp-content\/uploads\/2022\/07\/kartoteku-spinta-1-300x188.jpg\" alt=\"kartotek\u0173 spinta\" width=\"450\" height=\"282\" srcset=\"https:\/\/hugas.lt\/wp-content\/uploads\/2022\/07\/kartoteku-spinta-1-300x188.jpg 300w, https:\/\/hugas.lt\/wp-content\/uploads\/2022\/07\/kartoteku-spinta-1-510x319.jpg 510w, https:\/\/hugas.lt\/wp-content\/uploads\/2022\/07\/kartoteku-spinta-1-64x40.jpg 64w, https:\/\/hugas.lt\/wp-content\/uploads\/2022\/07\/kartoteku-spinta-1.jpg 714w\" sizes=\"(max-width: 450px) 100vw, 450px\" \/><\/div>","protected":false},"excerpt":{"rendered":"<p>Tvirta, patikima ir ilgaam\u017e\u0117 kartotek\u0173 spinta puikiai tinka naudoti biure.<\/p>\n<p>&nbsp;<\/p>","protected":false},"featured_media":10232,"comment_status":"open","ping_status":"closed","template":"","meta":[],"product_cat":[19,33],"product_tag":[],"_links":{"self":[{"href":"https:\/\/hugas.lt\/en\/wp-json\/wp\/v2\/product\/10230"}],"collection":[{"href":"https:\/\/hugas.lt\/en\/wp-json\/wp\/v2\/product"}],"about":[{"href":"https:\/\/hugas.lt\/en\/wp-json\/wp\/v2\/types\/product"}],"replies":[{"embeddable":true,"href":"https:\/\/hugas.lt\/en\/wp-json\/wp\/v2\/comments?post=10230"}],"wp:featuredmedia":[{"embeddable":true,"href":"https:\/\/hugas.lt\/en\/wp-json\/wp\/v2\/media\/10232"}],"wp:attachment":[{"href":"https:\/\/hugas.lt\/en\/wp-json\/wp\/v2\/media?parent=10230"}],"wp:term":[{"taxonomy":"product_cat","embeddable":true,"href":"https:\/\/hugas.lt\/en\/wp-json\/wp\/v2\/product_cat?post=10230"},{"taxonomy":"product_tag","embeddable":true,"href":"https:\/\/hugas.lt\/en\/wp-json\/wp\/v2\/product_tag?post=10230"}],"curies":[{"name":"wp","href":"https:\/\/api.w.org\/{rel}","templated":true}]}}