{"id":10107,"date":"2022-06-21T09:11:46","date_gmt":"2022-06-21T07:11:46","guid":{"rendered":"https:\/\/hugas.lt\/?post_type=product&#038;p=10107"},"modified":"2025-11-10T14:12:17","modified_gmt":"2025-11-10T12:12:17","slug":"dokumentu-spinta-1800x800x500","status":"publish","type":"product","link":"https:\/\/hugas.lt\/en\/product\/dokumentu-spinta-1800x800x500\/","title":{"rendered":"Dokument\u0173 spinta 1800x800x500"},"content":{"rendered":"<h2>Dokument\u0173 spinta SMR-20<\/h2>\n<p>&nbsp;<\/p>\n<p>Metalin\u0117 dokument\u0173 spinta su varstomomis durimis SMR-20 pagaminta i\u0161 0,8-1,0 mm storio plieno ir nuda\u017eyta korozijai atsparia milteline emale RAL7035. Spintos viduje 4 reguliuojamo auk\u0161\u010dio lentynos. Duryse \u012fmontuotos standumo briaunos ir tripusis u\u017eraktas su dviem raktais. Spintos dugne &#8211; guminiai padai, apsaugantys spint\u0105 nuo pa\u017eeidim\u0173.<\/p>\n<p>Spintos matmenys:<\/p>\n<p>Auk\u0161tis &#8211; 1800mm;<\/p>\n<p>Gylis &#8211; 500mm;<\/p>\n<p>Plotis &#8211; 800mm.<\/p>\n<p>Metaliniai baldai \u2013 vienas populiariausi\u0173 m\u016bs\u0173 si\u016blom\u0173 produkt\u0173. \u012evairi\u0173 dyd\u017ei\u0173 dokument\u0173 spintos naudojamos biur\u0173, ugdymo ir gydymo \u012fstaig\u0173, gamybos ir prekybos \u012fmoni\u0173 svarbiems dokumentams, asmeniniams ir vertingesniems daiktams laikyti. \u0160ios metalin\u0117s spintos yra tvirtos, lengvai valomos ir eksploatuojamos. Durel\u0117s rakinamos, tad u\u017etikrinamas dokument\u0173 saugumas.<\/p>\n<p><img decoding=\"async\" class=\"alignnone size-medium wp-image-8433 alignleft\" src=\"https:\/\/hugas.lt\/wp-content\/uploads\/2021\/06\/dokumentu-spinta-1-200x300.jpg\" alt=\"dokument\u0173 spinta\" width=\"200\" height=\"300\" srcset=\"https:\/\/hugas.lt\/wp-content\/uploads\/2021\/06\/dokumentu-spinta-1-200x300.jpg 200w, https:\/\/hugas.lt\/wp-content\/uploads\/2021\/06\/dokumentu-spinta-1-683x1024.jpg 683w, https:\/\/hugas.lt\/wp-content\/uploads\/2021\/06\/dokumentu-spinta-1-510x765.jpg 510w, https:\/\/hugas.lt\/wp-content\/uploads\/2021\/06\/dokumentu-spinta-1-64x96.jpg 64w, https:\/\/hugas.lt\/wp-content\/uploads\/2021\/06\/dokumentu-spinta-1.jpg 768w\" sizes=\"(max-width: 200px) 100vw, 200px\" \/> <img decoding=\"async\" class=\"alignnone size-medium wp-image-8434 alignleft\" src=\"https:\/\/hugas.lt\/wp-content\/uploads\/2021\/06\/dokumentu-spinta-2-200x300.jpg\" alt=\"dokument\u0173 spinta\" width=\"200\" height=\"300\" srcset=\"https:\/\/hugas.lt\/wp-content\/uploads\/2021\/06\/dokumentu-spinta-2-200x300.jpg 200w, https:\/\/hugas.lt\/wp-content\/uploads\/2021\/06\/dokumentu-spinta-2-683x1024.jpg 683w, https:\/\/hugas.lt\/wp-content\/uploads\/2021\/06\/dokumentu-spinta-2-510x765.jpg 510w, https:\/\/hugas.lt\/wp-content\/uploads\/2021\/06\/dokumentu-spinta-2-64x96.jpg 64w, https:\/\/hugas.lt\/wp-content\/uploads\/2021\/06\/dokumentu-spinta-2.jpg 768w\" sizes=\"(max-width: 200px) 100vw, 200px\" \/><\/p>","protected":false},"excerpt":{"rendered":"<p>Auk\u0161tis &#8211; 1800mm;<\/p>\n<p>Gylis &#8211; 500mm;<\/p>\n<p>Plotis &#8211; 800mm.<\/p>\n<p>Svoris &#8211; 49,15 kg.<\/p>\n<p>Med\u017eiaga &#8211; plienas.<\/p>\n<p>Padengimas &#8211; miltelinis da\u017eymas.<\/p>\n<p>Spalva &#8211; RAL7035.<\/p>","protected":false},"featured_media":10109,"comment_status":"open","ping_status":"closed","template":"","meta":[],"product_cat":[18,19],"product_tag":[],"_links":{"self":[{"href":"https:\/\/hugas.lt\/en\/wp-json\/wp\/v2\/product\/10107"}],"collection":[{"href":"https:\/\/hugas.lt\/en\/wp-json\/wp\/v2\/product"}],"about":[{"href":"https:\/\/hugas.lt\/en\/wp-json\/wp\/v2\/types\/product"}],"replies":[{"embeddable":true,"href":"https:\/\/hugas.lt\/en\/wp-json\/wp\/v2\/comments?post=10107"}],"wp:featuredmedia":[{"embeddable":true,"href":"https:\/\/hugas.lt\/en\/wp-json\/wp\/v2\/media\/10109"}],"wp:attachment":[{"href":"https:\/\/hugas.lt\/en\/wp-json\/wp\/v2\/media?parent=10107"}],"wp:term":[{"taxonomy":"product_cat","embeddable":true,"href":"https:\/\/hugas.lt\/en\/wp-json\/wp\/v2\/product_cat?post=10107"},{"taxonomy":"product_tag","embeddable":true,"href":"https:\/\/hugas.lt\/en\/wp-json\/wp\/v2\/product_tag?post=10107"}],"curies":[{"name":"wp","href":"https:\/\/api.w.org\/{rel}","templated":true}]}}