{"id":99,"date":"2020-05-26T20:34:14","date_gmt":"2020-05-26T18:34:14","guid":{"rendered":"https:\/\/hugas.lt\/?page_id=99"},"modified":"2020-05-26T20:44:12","modified_gmt":"2020-05-26T18:44:12","slug":"grazinimo-salygos","status":"publish","type":"page","link":"https:\/\/hugas.lt\/en\/grazinimo-salygos\/","title":{"rendered":"Return conditions"},"content":{"rendered":"<p class=\"has-large-font-size\">Return conditions<\/p><p>UAB \u201eHugas\u201c klientams suteikiama 14 dien\u0173 pinig\u0173 gr\u0105\u017einimo garantija \/ teis\u0117 per 14 dien\u0173 atsisakyti preki\u0173.\u00a0Pinig\u0173 gr\u0105\u017einimo garantija ir teis\u0117 atsisakyti pirkimo sutarties netaikomos pagal u\u017esakym\u0105 pagamintoms prek\u0117ms, specialiems u\u017esakymams** arba didesniems u\u017esakymams*, kurie n\u0117ra \u012ftraukti \u012f m\u016bs\u0173 \u012fprast\u0105 produkt\u0173 asortiment\u0105. Turite teis\u0119 atidaryti pakuot\u0119 ir ap\u017ei\u016br\u0117ti prekes, kad gal\u0117tum\u0117te nuspr\u0119sti, ar jos jus tenkina. Gr\u0105\u017einamos prek\u0117s turi b\u016bti tokios b\u016bkl\u0117s, kokios buvo pristatytos. Prek\u0117s turi b\u016bti gr\u0105\u017eintos pilnos komplektacijos, originalioje pakuot\u0117je.<\/p><p>Visos transportavimo i\u0161laidos susijusios su preki\u0173 gr\u0105\u017einimu atitenka klientui.<\/p><p>*Didesni u\u017esakymai \u2013 tai u\u017esakymai, kai u\u017esakomas didelis preki\u0173 kiekis ir (ar) prek\u0117s pritaikytos j\u016bs\u0173 poreikiams.<\/p><p>** Specialiai pagamint\u0173 preki\u0173 pavyzdys \u2013 nestandartini\u0173 i\u0161matavim\u0173\/ gobelen\u0173 prek\u0117s.<\/p><p>\u012esid\u0117m\u0117kite, kad gr\u0105\u017einant prekes preki\u0173 apgadinimo transportavimo metu rizika tenka jums. \u012esitikinkite, kad prek\u0117s originalioje pakuot\u0117je yra tinkamai supakuotos. Rekomenduojame gr\u0105\u017einant prekes jas supakuoti \u012f transportavimo pakuot\u0119, kuri papildomai apsaugo prekes nuo apgadinimo. Gr\u0105\u017einamos prek\u0117s turi b\u016bti pilnos komplektacijos, t. y. kartu turi b\u016bti gr\u0105\u017einti visi priedai, naudojimo instrukcijos ir pan.&nbsp;&nbsp;<\/p>","protected":false},"excerpt":{"rendered":"<p>Gr\u0105\u017einimo s\u0105lygos UAB \u201eHugas\u201c klientams suteikiama 14 dien\u0173 pinig\u0173 gr\u0105\u017einimo garantija \/ teis\u0117 per 14 dien\u0173 atsisakyti preki\u0173.\u00a0Pinig\u0173 gr\u0105\u017einimo garantija ir teis\u0117 atsisakyti pirkimo sutarties netaikomos pagal u\u017esakym\u0105 pagamintoms prek\u0117ms, specialiems u\u017esakymams** arba didesniems u\u017esakymams*, kurie n\u0117ra \u012ftraukti \u012f m\u016bs\u0173 \u012fprast\u0105 produkt\u0173 asortiment\u0105. Turite teis\u0119 atidaryti pakuot\u0119 ir ap\u017ei\u016br\u0117ti prekes, kad gal\u0117tum\u0117te nuspr\u0119sti, ar jos [&#8230;]","protected":false},"author":1,"featured_media":0,"parent":0,"menu_order":0,"comment_status":"closed","ping_status":"closed","template":"","meta":{"footnotes":""},"_links":{"self":[{"href":"https:\/\/hugas.lt\/en\/wp-json\/wp\/v2\/pages\/99"}],"collection":[{"href":"https:\/\/hugas.lt\/en\/wp-json\/wp\/v2\/pages"}],"about":[{"href":"https:\/\/hugas.lt\/en\/wp-json\/wp\/v2\/types\/page"}],"author":[{"embeddable":true,"href":"https:\/\/hugas.lt\/en\/wp-json\/wp\/v2\/users\/1"}],"replies":[{"embeddable":true,"href":"https:\/\/hugas.lt\/en\/wp-json\/wp\/v2\/comments?post=99"}],"version-history":[{"count":2,"href":"https:\/\/hugas.lt\/en\/wp-json\/wp\/v2\/pages\/99\/revisions"}],"predecessor-version":[{"id":110,"href":"https:\/\/hugas.lt\/en\/wp-json\/wp\/v2\/pages\/99\/revisions\/110"}],"wp:attachment":[{"href":"https:\/\/hugas.lt\/en\/wp-json\/wp\/v2\/media?parent=99"}],"curies":[{"name":"wp","href":"https:\/\/api.w.org\/{rel}","templated":true}]}}