{"id":45,"date":"2020-05-17T12:23:00","date_gmt":"2020-05-17T10:23:00","guid":{"rendered":"https:\/\/hugas.lt\/?page_id=45"},"modified":"2025-06-26T10:43:01","modified_gmt":"2025-06-26T08:43:01","slug":"apie-mus","status":"publish","type":"page","link":"https:\/\/hugas.lt\/en\/apie-mus\/","title":{"rendered":"About Us"},"content":{"rendered":"<p style=\"text-align: left;\">UAB Hugas is a company engaged in wholesale and retail trade in high-quality metal furniture, racks for various purposes, and workbenches. All our products are directly from manufacturers and we can offer better offers for our clients.<\/p>\r\n<p style=\"text-align: left;\">UAB Hugas  is one and only distributor in Lithuania of UHL-MASH products<\/p><p class=\"has-text-align-center\" style=\"text-align: left;\">10 years of active and responsible work experience of employees helps to listen to the client's needs and offer him the most suitable option, setting the highest requirements for himself.<\/p>\r\n<p style=\"text-align: left;\"><img decoding=\"async\" class=\"alignnone size-medium wp-image-9237\" src=\"https:\/\/hugas.lt\/wp-content\/uploads\/2021\/12\/Certificate-2021-12-08T120651.670-211x300.jpg\" alt=\"\" width=\"211\" height=\"300\" srcset=\"https:\/\/hugas.lt\/wp-content\/uploads\/2021\/12\/Certificate-2021-12-08T120651.670-211x300.jpg 211w, https:\/\/hugas.lt\/wp-content\/uploads\/2021\/12\/Certificate-2021-12-08T120651.670-719x1024.jpg 719w, https:\/\/hugas.lt\/wp-content\/uploads\/2021\/12\/Certificate-2021-12-08T120651.670-768x1093.jpg 768w, https:\/\/hugas.lt\/wp-content\/uploads\/2021\/12\/Certificate-2021-12-08T120651.670-1079x1536.jpg 1079w, https:\/\/hugas.lt\/wp-content\/uploads\/2021\/12\/Certificate-2021-12-08T120651.670-510x726.jpg 510w, https:\/\/hugas.lt\/wp-content\/uploads\/2021\/12\/Certificate-2021-12-08T120651.670-64x91.jpg 64w, https:\/\/hugas.lt\/wp-content\/uploads\/2021\/12\/Certificate-2021-12-08T120651.670.jpg 1415w\" sizes=\"(max-width: 211px) 100vw, 211px\" \/> <img decoding=\"async\" class=\"alignnone size-medium wp-image-10429\" src=\"https:\/\/hugas.lt\/wp-content\/uploads\/2022\/11\/Certificate-2022-10-10T095257.610-211x300.jpg\" alt=\"\" width=\"211\" height=\"300\" srcset=\"https:\/\/hugas.lt\/wp-content\/uploads\/2022\/11\/Certificate-2022-10-10T095257.610-211x300.jpg 211w, https:\/\/hugas.lt\/wp-content\/uploads\/2022\/11\/Certificate-2022-10-10T095257.610-719x1024.jpg 719w, https:\/\/hugas.lt\/wp-content\/uploads\/2022\/11\/Certificate-2022-10-10T095257.610-768x1093.jpg 768w, https:\/\/hugas.lt\/wp-content\/uploads\/2022\/11\/Certificate-2022-10-10T095257.610-1079x1536.jpg 1079w, https:\/\/hugas.lt\/wp-content\/uploads\/2022\/11\/Certificate-2022-10-10T095257.610-8x12.jpg 8w, https:\/\/hugas.lt\/wp-content\/uploads\/2022\/11\/Certificate-2022-10-10T095257.610-510x726.jpg 510w, https:\/\/hugas.lt\/wp-content\/uploads\/2022\/11\/Certificate-2022-10-10T095257.610-64x91.jpg 64w, https:\/\/hugas.lt\/wp-content\/uploads\/2022\/11\/Certificate-2022-10-10T095257.610.jpg 1415w\" sizes=\"(max-width: 211px) 100vw, 211px\" \/> <img decoding=\"async\" class=\"alignnone size-medium wp-image-11273\" src=\"https:\/\/hugas.lt\/wp-content\/uploads\/2023\/08\/Certificate-2023-08-25T153233.154-211x300.jpg\" alt=\"\" width=\"211\" height=\"300\" srcset=\"https:\/\/hugas.lt\/wp-content\/uploads\/2023\/08\/Certificate-2023-08-25T153233.154-211x300.jpg 211w, https:\/\/hugas.lt\/wp-content\/uploads\/2023\/08\/Certificate-2023-08-25T153233.154-719x1024.jpg 719w, https:\/\/hugas.lt\/wp-content\/uploads\/2023\/08\/Certificate-2023-08-25T153233.154-768x1093.jpg 768w, https:\/\/hugas.lt\/wp-content\/uploads\/2023\/08\/Certificate-2023-08-25T153233.154-1079x1536.jpg 1079w, https:\/\/hugas.lt\/wp-content\/uploads\/2023\/08\/Certificate-2023-08-25T153233.154-8x12.jpg 8w, https:\/\/hugas.lt\/wp-content\/uploads\/2023\/08\/Certificate-2023-08-25T153233.154-510x726.jpg 510w, https:\/\/hugas.lt\/wp-content\/uploads\/2023\/08\/Certificate-2023-08-25T153233.154-64x91.jpg 64w, https:\/\/hugas.lt\/wp-content\/uploads\/2023\/08\/Certificate-2023-08-25T153233.154.jpg 1415w\" sizes=\"(max-width: 211px) 100vw, 211px\" \/> <img decoding=\"async\" class=\"alignnone size-full wp-image-12385\" src=\"https:\/\/hugas.lt\/wp-content\/uploads\/2024\/08\/Certificate-2024-07-18T093943.930.png\" alt=\"\" width=\"211\" height=\"300\" \/>\u00a0<img decoding=\"async\" class=\"alignnone size-full wp-image-13208\" src=\"https:\/\/hugas.lt\/wp-content\/uploads\/2025\/06\/Certificate-2025-06-26T092630.627.png\" alt=\"\" width=\"211\" height=\"300\" srcset=\"https:\/\/hugas.lt\/wp-content\/uploads\/2025\/06\/Certificate-2025-06-26T092630.627.png 1415w, https:\/\/hugas.lt\/wp-content\/uploads\/2025\/06\/Certificate-2025-06-26T092630.627-211x300.png 211w, https:\/\/hugas.lt\/wp-content\/uploads\/2025\/06\/Certificate-2025-06-26T092630.627-719x1024.png 719w, https:\/\/hugas.lt\/wp-content\/uploads\/2025\/06\/Certificate-2025-06-26T092630.627-768x1093.png 768w, https:\/\/hugas.lt\/wp-content\/uploads\/2025\/06\/Certificate-2025-06-26T092630.627-1079x1536.png 1079w, https:\/\/hugas.lt\/wp-content\/uploads\/2025\/06\/Certificate-2025-06-26T092630.627-8x12.png 8w, https:\/\/hugas.lt\/wp-content\/uploads\/2025\/06\/Certificate-2025-06-26T092630.627-510x726.png 510w, https:\/\/hugas.lt\/wp-content\/uploads\/2025\/06\/Certificate-2025-06-26T092630.627-64x91.png 64w\" sizes=\"(max-width: 211px) 100vw, 211px\" \/> <img decoding=\"async\" class=\"alignnone size-medium wp-image-12384\" src=\"https:\/\/hugas.lt\/wp-content\/uploads\/2024\/08\/EBM_Sertifikatas_LT_2024-hugas-225x300.jpg\" alt=\"\" width=\"225\" height=\"300\" srcset=\"https:\/\/hugas.lt\/wp-content\/uploads\/2024\/08\/EBM_Sertifikatas_LT_2024-hugas-225x300.jpg 225w, https:\/\/hugas.lt\/wp-content\/uploads\/2024\/08\/EBM_Sertifikatas_LT_2024-hugas-768x1024.jpg 768w, https:\/\/hugas.lt\/wp-content\/uploads\/2024\/08\/EBM_Sertifikatas_LT_2024-hugas-9x12.jpg 9w, https:\/\/hugas.lt\/wp-content\/uploads\/2024\/08\/EBM_Sertifikatas_LT_2024-hugas-510x680.jpg 510w, https:\/\/hugas.lt\/wp-content\/uploads\/2024\/08\/EBM_Sertifikatas_LT_2024-hugas-64x85.jpg 64w, https:\/\/hugas.lt\/wp-content\/uploads\/2024\/08\/EBM_Sertifikatas_LT_2024-hugas.jpg 1008w\" sizes=\"(max-width: 225px) 100vw, 225px\" \/>\u00a0<img decoding=\"async\" class=\"alignnone  wp-image-13131\" src=\"https:\/\/hugas.lt\/wp-content\/uploads\/2025\/04\/OK.jpg\" alt=\"\" width=\"223\" height=\"301\" srcset=\"https:\/\/hugas.lt\/wp-content\/uploads\/2025\/04\/OK.jpg 1123w, https:\/\/hugas.lt\/wp-content\/uploads\/2025\/04\/OK-223x300.jpg 223w, https:\/\/hugas.lt\/wp-content\/uploads\/2025\/04\/OK-760x1024.jpg 760w, https:\/\/hugas.lt\/wp-content\/uploads\/2025\/04\/OK-768x1035.jpg 768w, https:\/\/hugas.lt\/wp-content\/uploads\/2025\/04\/OK-9x12.jpg 9w, https:\/\/hugas.lt\/wp-content\/uploads\/2025\/04\/OK-510x687.jpg 510w, https:\/\/hugas.lt\/wp-content\/uploads\/2025\/04\/OK-64x86.jpg 64w\" sizes=\"(max-width: 223px) 100vw, 223px\" \/><\/p>","protected":false},"excerpt":{"rendered":"<p>UAB Hugas &#8211; \u012fmon\u0117 u\u017esiimanti didmenine ir ma\u017emenine prekyba auk\u0161tos kokyb\u0117s metaliniais baldais, \u012fvairios paskirties stela\u017eais, darbastaliais. Visi M\u016bs\u0173 parduodami gaminiai yra ve\u017eami tiesiogiai i\u0161 gamintoj\u0173, tod\u0117l galime pasi\u016blyti palankesnes s\u0105lygas savo klientams. UAB Hugas oficialus ir vienintelis UHL-MASH atstovas Lietuvoje. 10 met\u0173 aktyvaus ir atsakingo darbuotoj\u0173 darbo patirtis padeda \u012fsiklausyti \u012f kliento poreikius ir [&#8230;]","protected":false},"author":1,"featured_media":0,"parent":0,"menu_order":0,"comment_status":"closed","ping_status":"closed","template":"page-blank-title-center.php","meta":{"footnotes":""},"_links":{"self":[{"href":"https:\/\/hugas.lt\/en\/wp-json\/wp\/v2\/pages\/45"}],"collection":[{"href":"https:\/\/hugas.lt\/en\/wp-json\/wp\/v2\/pages"}],"about":[{"href":"https:\/\/hugas.lt\/en\/wp-json\/wp\/v2\/types\/page"}],"author":[{"embeddable":true,"href":"https:\/\/hugas.lt\/en\/wp-json\/wp\/v2\/users\/1"}],"replies":[{"embeddable":true,"href":"https:\/\/hugas.lt\/en\/wp-json\/wp\/v2\/comments?post=45"}],"version-history":[{"count":21,"href":"https:\/\/hugas.lt\/en\/wp-json\/wp\/v2\/pages\/45\/revisions"}],"predecessor-version":[{"id":13210,"href":"https:\/\/hugas.lt\/en\/wp-json\/wp\/v2\/pages\/45\/revisions\/13210"}],"wp:attachment":[{"href":"https:\/\/hugas.lt\/en\/wp-json\/wp\/v2\/media?parent=45"}],"curies":[{"name":"wp","href":"https:\/\/api.w.org\/{rel}","templated":true}]}}