{"id":43,"date":"2020-05-17T12:22:18","date_gmt":"2020-05-17T10:22:18","guid":{"rendered":"https:\/\/hugas.lt\/?page_id=43"},"modified":"2025-10-13T08:57:48","modified_gmt":"2025-10-13T06:57:48","slug":"kontaktai","status":"publish","type":"page","link":"https:\/\/hugas.lt\/en\/kontaktai\/","title":{"rendered":"Contacts"},"content":{"rendered":"<div class=\"row\"  id=\"row-403008169\"> \n\t<div id=\"col-1088754596\" class=\"col small-12 large-12\"  >\n\t\t\t\t<div class=\"col-inner\"  >\n\t\t\t\n\t\t\t\r\n<h1 style=\"text-align: left;\">Contacts<\/h1>\r\n<p class=\"has-text-align-center\" style=\"text-align: left;\">UAB Hugas<\/p>\r\n<p class=\"has-text-align-center\" style=\"text-align: left;\">Company number: 305048443<\/p>\r\n<p class=\"has-text-align-center\" style=\"text-align: left;\">VAT number: LT100012222113<\/p>\r\n<p class=\"has-text-align-center\" style=\"text-align: left;\">Registration address: Dain\u0173 g. 50-45, \u0160iauliai, LT-78275<\/p>\r\n<p class=\"has-text-align-center\" style=\"text-align: left;\">Tel. Nr.: +37064844065, +37065061190<\/p>\r\n<p class=\"has-text-align-center\" style=\"text-align: left;\">Email: <a href=\"mailto:info@hugas.lt\">info@hugas.lt<\/a><\/p>\r\n<p class=\"has-text-align-center\" style=\"text-align: left;\">IBAN: LT167300010158021789 Swedbank<\/p>\r\n<p class=\"has-text-align-center\" style=\"text-align: left;\">Our address: Vilnius - Statybinin\u0173 st. 9A (Vievis), Kaunas - Raudondvarios pl. 166, Klaip\u0117da - Sand\u0117li\u0173 str. 23A, \u0160iauliai \u2013 Pramon\u0117s g 21. For accounting matters, contact: <a href=\"mailto:buhalterija@hugas.lt\">buhalterija@hugas.lt<\/a><\/p>\r\n<p>&nbsp;<\/p>\r\n\t\t<\/div>\n\t\t\t\t\t<\/div>\n\n\t <\/div>","protected":false},"excerpt":{"rendered":"","protected":false},"author":1,"featured_media":0,"parent":0,"menu_order":0,"comment_status":"closed","ping_status":"closed","template":"page-blank.php","meta":{"footnotes":""},"_links":{"self":[{"href":"https:\/\/hugas.lt\/en\/wp-json\/wp\/v2\/pages\/43"}],"collection":[{"href":"https:\/\/hugas.lt\/en\/wp-json\/wp\/v2\/pages"}],"about":[{"href":"https:\/\/hugas.lt\/en\/wp-json\/wp\/v2\/types\/page"}],"author":[{"embeddable":true,"href":"https:\/\/hugas.lt\/en\/wp-json\/wp\/v2\/users\/1"}],"replies":[{"embeddable":true,"href":"https:\/\/hugas.lt\/en\/wp-json\/wp\/v2\/comments?post=43"}],"version-history":[{"count":19,"href":"https:\/\/hugas.lt\/en\/wp-json\/wp\/v2\/pages\/43\/revisions"}],"predecessor-version":[{"id":13297,"href":"https:\/\/hugas.lt\/en\/wp-json\/wp\/v2\/pages\/43\/revisions\/13297"}],"wp:attachment":[{"href":"https:\/\/hugas.lt\/en\/wp-json\/wp\/v2\/media?parent=43"}],"curies":[{"name":"wp","href":"https:\/\/api.w.org\/{rel}","templated":true}]}}