{"id":3,"date":"2020-05-11T09:24:52","date_gmt":"2020-05-11T09:24:52","guid":{"rendered":"https:\/\/hugas.lt\/?page_id=3"},"modified":"2020-06-16T21:06:47","modified_gmt":"2020-06-16T19:06:47","slug":"privacy-policy","status":"publish","type":"page","link":"https:\/\/hugas.lt\/en\/privacy-policy\/","title":{"rendered":"Privacy policy"},"content":{"rendered":"<p><strong>1. Bendrosios nuostatos<\/strong><\/p><p>1.1. Internetin\u0117 svetain\u0117 www.hugas.lt (toliau \u2013 Svetain\u0117) priklauso ir yra administruojama UAB Hugas (\u012fmon\u0117s kodas: 305048443; PVM kodas: LT100012222113; registracijos adresas: Dain\u0173 50-45, \u0160iauliai).<br>1.2. \u0160ios Privatumo apsaugos taisykl\u0117s \u2013 tai ra\u0161ytinis dokumentas, kuriame \u012ftvirtintos privatumo u\u017etikrinimo nuostatos (toliau \u2013 Privatumo taisykl\u0117s), kurios taikomos vis\u0173 asmen\u0173, besinaudojan\u010di\u0173 Svetaine ir Paslaugomis, at\u017evilgiu. <br>1.3. Lankytojas bet kokiu b\u016bdu ir forma naudodamasis Svetaine ir (ar) Paslaugomis, bes\u0105lygi\u0161kai ir neat\u0161aukiamai \u012fsipareigoja laikytis vis\u0173 \u0161iose Privatumo taisykl\u0117se nustatyt\u0173 reikalavim\u0173. Jei Lankytojas nesutinka bes\u0105lygi\u0161kai bei neat\u0161aukiamai prisiimti ir laikytis vis\u0173 \u0161iose Privatumo taisykl\u0117se nustatyt\u0173 \u012fsipareigojim\u0173, Lankytojas neturi teis\u0117s naudotis Svetaine ir (ar) Paslaugomis.<br>1.4. UAB Hugas turi teis\u0119 bet kuriuo metu viena\u0161ali\u0161kai pakeisti ir (ar) papildyti \u0161ias Privatumo taisykles. Privatumo taisykli\u0173 pakeitimai \u012fsigalioja po j\u0173 paskelbimo Svetain\u0117je. Jeigu Lankytojas po Privatumo taisykli\u0173 pakeitimo ir (ar) papildymo paskelbimo ir toliau naudojasi Svetaine ir (ar) Paslaugomis, laikoma, kad jis vienareik\u0161mi\u0161kai sutinka su visais Privatumo taisykli\u0173 pakeitimais ir (ar) papildymais. Jeigu Lankytojas nesutinka su pakeistomis ir (ar) papildytomis Privatumo taisykl\u0117mis, jis praranda teis\u0119 naudotis Svetaine ir (ar) Paslaugomis.<br>1.5. Asmens duomen\u0173 rinkim\u0105, tvarkym\u0105 ir saugojim\u0105 nustato \u0161ios Privatumo apsaugos taisykl\u0117s, Lietuvos Respublikos asmens duomen\u0173 teisin\u0117s apsaugos \u012fstatymas ir kiti teis\u0117s aktai.<\/p><p><strong>2. UAB Hugas renkami duomenys<\/strong><\/p><p>2.1. Naudotis arba tur\u0117ti galimyb\u0119 visapusi\u0161kai naudotis Svetaine ir Paslaugomis galima tik Svetain\u0117je atlikus registracijos proced\u016br\u0105. Registracijos proced\u016bra atliekama paspaudus atitinkam\u0105 nuorod\u0105 Svetain\u0117je, u\u017epild\u017eius visus privalomus registracijos formos laukelius (vardas, pavard\u0117, elektroninio pa\u0161to adresas, telefono numeris, prisijungimo slapta\u017eodis) ir Lankytojo pasirinkimu u\u017epild\u017eius neprivalomus laukelius, tokiu b\u016bdu pateikiant duomenis apie save UAB Hugas(toliau \u2013 Duomenys).<br>2.2. UAB Hugas turi teis\u0119 savo nuo\u017ei\u016bra naudotis visais Lankytojo pateiktais duomenimis, kuriuos Lankytojas pateikia atlikdamas registracijos proced\u016br\u0105, o taip pat kitais b\u016bdais UAB Hugas sukauptais duomenimis apie Lankytoj\u0105.<br>2.3. Duomenys, kurie yra surenkami Lankytojui atliekant registracijos proced\u016br\u0105 ir (ar) naudojantis Svetaine ir (ar) Paslaugomis, yra skirstomi \u012f:<br>2.3.1. Anoniminius duomenis. UAB Hugas renka anoniminius duomenis susijusius su faktais, kurie negali b\u016bti pritaikyti individualiam Lankytojui. Pavyzd\u017eiui, UAB Hugas renka tam tikr\u0105 informacij\u0105 kiekvien\u0105 kart\u0105 Lankytojui apsilankius Svetain\u0117je, siekiant pagerinti nar\u0161ymo Svetain\u0117je kokyb\u0119. UAB Hugas renka vis\u0173 Lankytoj\u0173 IP adresus ir susijusius duomenis (pvz., paskutinio tinklapio internetin\u012f adres\u0105, kuriame asmuo lank\u0117si prie\u0161 u\u017eeidamas \u012f UAB Hugas tinklo portal\u0105) ir nar\u0161ykli\u0173 bei operacini\u0173 sistem\u0173 tipus (pvz., nar\u0161ykl\u0117 Firefox. OS Windows). UAB Hugas taip pat renka bendras paie\u0161kos i\u0161rai\u0161kas i\u0161 \u012fvairi\u0173 paie\u0161kos program\u0173, orientuot\u0173 \u012f vidin\u0119 reklam\u0105. UAB Hugas renka \u0161i\u0105 vis\u0173 Lankytoj\u0173 informacij\u0105 Paslaug\u0173 steb\u0117jimo, tobulinimo ir tiesiogin\u0117s reklamos tikslais. UAB Hugas taip pat kaupia informacij\u0105 apie Lankytojo atsakymus \u012f klausimus, pateiktus Svetain\u0117se, siekiant i\u0161siai\u0161kinti Lankytojo nuomon\u0119 apie Paslaugas, o taip pat Svetain\u0117se talpinam\u0105 reklam\u0105. UAB Hugas \u0161i\u0105 informacij\u0105 gauna i\u0161 vis\u0173 Lankytoj\u0173, nepriklausomai nuo to, ar jie u\u017esiregistrav\u0119 ar ne.<br>2.3.2. Asmeniniai duomenys. Tai duomenys, kuri\u0173 pagalba galima nustatyti konkretaus Lankytojo tapatyb\u0119. Lietuvos Respublikos asmens duomen\u0173 apsaugos \u012fstatymo prasme \u0161ie duomenys yra laikytini asmens duomenimis. Tokie duomenys renkami ir tvarkomi tik su Lankytojo sutikimu, \u017eemiau nurodytais b\u016bdais:<br>2.3.2.1. Registracija: kai Lankytojas registruojasi Svetain\u0117je, Lankytojas privalomai turi pateikti \u0161iuos duomenis: vard\u0105, pavard\u0119, elektroninio pa\u0161to adres\u0105, telefono numer\u012f, prisijungimo slapta\u017eod\u012f). Savo noru Lankytojas gali pateikti ir toki\u0105 informacij\u0105: asmens kod\u0105 (jeigu pageidauja, kad jam b\u016bt\u0173 i\u0161ra\u0161yta s\u0105skaita-fakt\u016bra), gyvenamosios vietos adres\u0105 (jeigu pageidauja, kad u\u017esakytos prekes jam b\u016bt\u0173 pristatytos \u012f namus).<br>2.3.2.2. Korespondencija ir bendravimas: jei Lankytojas susisiekia su UAB Hugas, tai UAB Hugas gali i\u0161sisaugoti tokio bendravimo \u012fra\u0161us ir kit\u0105 su tuo susijusi\u0105 informacij\u0105.<br>2.3.2.4. UAB Hugas turi teis\u0119 kaupti duomenis apie Lankytoj\u0105 jam prisijungiant prie Svetain\u0117s. \u0160ie duomenys rodo, kokius Svetain\u0117s puslapius Lankytojas lanko, kokiu laiku ir kaip da\u017enai t\u0105 daro, kokiomis paslaugomis naudojasi. Taip pat, \u0161i informacija apima duomenis, kuriuos Lankytojas siun\u010dia Svetain\u0117je.<br>2.4. Duomen\u0173 subjektas gali bet kada kreiptis \u012f el. parduotuv\u0117s UAB Hugasadministracij\u0105 ir susipa\u017einti su surinktais savo duomenimis bei reikalauti juos i\u0161taisyti, sunaikinti ar sustabdyti savo asmens duomen\u0173 tvarkymo veiksmus, kai duomenys tvarkomi nesilaikant \u012fstatymo nuostat\u0173.<\/p><p><strong>3. Duomen\u0173 gav\u0117jai<\/strong><\/p><p>3.1. Surinktus Anoniminius duomenis UAB Hugas tvarko, apdoroja ir naudoja savireklamos bei kitais pana\u0161iais tikslais. Anoniminiai duomenys gali b\u016bti perduoti tretiesiems asmenims, taip pat skelbiami vie\u0161ai.<br>3.2. Surinktus Asmeninius duomenis UAB Hugas tvarko grie\u017etai laikydamasi Lietuvos Respublikos asmens duomen\u0173 apsaugos \u012fstatymo nuostat\u0173. Asmeninius duomenis UAB Hugas tvarko tik tokiais tikslais: nustatyti Svetain\u0117je prekes \u012fsigyjan\u010dio asmens tapatyb\u0119 bei kontaktinius duomenis; sukurti prisijungimo paskyr\u0105 Svetain\u0117je veikian\u010diame forume; nustatyti asmens tapatyb\u0119 bei kontaktinius duomenis asmen\u0173, kurie naudodamiesi specialiu Svetain\u0117je \u012fdiegtu moduliu, nori patekti UAB Hugas skundus ir pasi\u016blymus; su Lankytojo sutikimu &#8211; tiesiogin\u0117s rinkodaros tikslais. Asmenin\u0117 informacija n\u0117ra perduodama jokiems tretiesiems asmenims, i\u0161skyrus atvejus, jeigu tai daryti privaloma pagal Lietuvos Respublikos \u012fstatymus.<br>3.3. Svetain\u0117je gali b\u016bti pateikiamos aktyvios nuorodos (angl. \u201ehyperlink\u201c) \u012f kitas interneto svetaines. Kai kuriose i\u0161 toki\u0173 interneto svetaini\u0173 gali b\u016bti kaupiama Lankytojo asmenin\u0117 informacija, o reklamin\u0117s interneto svetain\u0117s gali naudoti slapukai (angl. &#8222;cookies&#8221;) ir tinklo duomen\u0173 rink\u0117jai (angl. &#8222;web beacons&#8221;) savo reklamose, siekdami surinkti informacij\u0105 apie Lankytoj\u0105. UAB Hugas Privatumo taisykl\u0117s ir jose i\u0161d\u0117stytos nuostatos neapima tre\u010di\u0173j\u0173 asmen\u0173 taikomos privatumo politikos bei nuostat\u0173 d\u0117l informacijos rinkimo. UAB Hugas n\u0117ra ir negali b\u016bti laikomas laikomas atsakingu u\u017e jokius tre\u010di\u0173j\u0173 asmen\u0173, renkan\u010di\u0173 informacij\u0105 apie Lankytoj\u0105, veiksmus.<br>3.4. Duomen\u0173 subjektas turi teis\u0119 gauti informacij\u0105 apie tai, kokiems duomen\u0173 gav\u0117jams buvo teikti jo asmens duomenys per paskutinius vienerius metus.<\/p><p><strong>4. Slapukai ir tinklo duomen\u0173 rink\u0117jai<\/strong><\/p><p>4.1. Lankytojas supranta ir sutinka su tuo, jog UAB Hugas renka Anoniminius duomenis naudodama slapukus ir tinklo duomen\u0173 rink\u0117jus.<br>4.2. Slapukas (&#8222;cookie&#8221;) \u2013 tai ma\u017eas tekstinis dokumentas, turintis unikal\u0173 identifikacijos numer\u012f, kuris yra perduodamas i\u0161 interneto svetain\u0117s \u012f Lankytojo kompiuterio kiet\u0105j\u012f disk\u0105, kad interneto svetain\u0117s administratorius gal\u0117t\u0173 atskirti Lankytojo kompiuter\u012f ir matyti Lankytojo veikl\u0105 internete. Unikalus numeris identifikuoja Lankytojo nar\u0161ykl\u0119 kiekvien\u0105 kart\u0105 Lankytojui apsilankius Svetain\u0117je. Slapukai neleid\u017eia interneto svetain\u0117ms \u012fsiminti jokios asmenin\u0117s Lankytojo informacijos (tokios kaip Lankytojo vardas ir adresas), kuri\u0105 Lankytojas gal\u0117t\u0173 pamir\u0161ti \u012fslaptinti. Slapukai leid\u017eia UAB Hugas automati\u0161kai \u012fsiminti Lankytojo interneto nar\u0161ykl\u0117s tip\u0105, kai Lankytojas lankosi Svetain\u0117se. Nor\u0117damas pasi\u016blyti Lankytojui kuo geresn\u0119 paslaug\u0173 kokyb\u0119, UAB Hugas naudoja slapukus tam, kad:<br>4.3.1. gal\u0117t\u0173 teikti produktus ir paslaugas kuo kokybi\u0161kiau ir veiksmingiau. Saugant tam tikr\u0105 informacij\u0105 slapuk\u0173 dokumentuose arba siejant slapukus su registracijos procesu, m\u0117gstamiausiais tinklapiais ar trumpu Lankytojo apib\u016bdinimu UAB Hugas kompiuterin\u0117je sistemoje, UAB Hugas gali pateikti Paslaugas \u017eymiai grei\u010diau ir efektyviau didesniam Lankytoj\u0173 skai\u010diui. \u0160i informacija paprastai saugoma u\u017ekoduota forma, kuri\u0105 i\u0161\u0161ifruoti gali tik UAB Hugas;<br>4.3.2. apsaugot\u0173 Lankytoj\u0105 nuo neteis\u0117to jo Duomen\u0173 panaudojimo.<br>4.3.3. gal\u0117t\u0173 vesti statistik\u0105, toki\u0105 kaip Lankytoj\u0173 skai\u010dius ir srautas. Tokia informacija neb\u016bna susieta su Lankytojo asmenine informacija.<br>4.4. slapuk\u0173 naudojimas yra pramoninis standartas, tod\u0117l jie naudojami daugelyje interneto svetaini\u0173. Yra galimyb\u0117 u\u017ekirsti keli\u0105 slapuk\u0173 prasiskverbimui \u012f Lankytojo kompiuter\u012f arba u\u017edrausti bet kokias slapuk\u0173 formas. Tokiu atveju dalis Paslaug\u0173 gali dalinai arba visi\u0161kai neveikti.<br>4.5. Tinklo duomen\u0173 rink\u0117jai (angl. &#8222;Web beacons&#8221;) \u2013 tai ma\u017ei grafiniai dokumentai, kuriuos UAB Hugas gali talpinti Svetain\u0117se ir elektroniniuose lai\u0161kuose, kuriuos UAB Hugas siun\u010dia Lankytojui. Slapukai ir tinklo duomen\u0173 rink\u0117jai drauge leid\u017eia UAB Hugas tiksliai suskai\u010diuoti unikali\u0173 Lankytoj\u0173 skai\u010di\u0173 svetain\u0117se ir atitinkam\u0173 svetaini\u0173 parodym\u0173 skai\u010di\u0173. Naudodamasis tinklo duomen\u0173 rink\u0117jais, UAB Hugas taip pat gali su\u017einoti, kiek kart\u0173 buvo per\u017ei\u016br\u0117ta konkreti interneto svetain\u0117, kurios reklama buvo pateikta Lankytojui elektroniniu pa\u0161tu. Tokia informacija neb\u016bna susieta su Lankytojo asmenine informacija.<br>4.6. Bet kuris Svetain\u0117je esantis paveiksl\u0117lis gali b\u016bti tinklo duomen\u0173 rink\u0117ju. Tretieji asmenys, reklamuodamiesi Svetain\u0117se ar kitais b\u016bdais, gali naudoti tinklo duomen\u0173 rink\u0117jus pa\u010dioje reklamoje.<br>4.7. Kadangi tinklo duomen\u0173 rink\u0117jai veikia kartu su slapukais, Lankytojas gali u\u017edrausti tinklo duomen\u0173 rink\u0117jams rinkti Lankytojo informacij\u0105, nustatydami savo nar\u0161ykl\u0119 kaip nepriiman\u010di\u0105 bet koki\u0173, arba tik Svetain\u0117s slapuk\u0173.<\/p><p><strong>5. Lankytojo informacijos naudojimas<\/strong><\/p><p>5.1. UAB Hugas turi teis\u0119 savo nuo\u017ei\u016bra, visapusi\u0161kai ir bet kokiu Lietuvos Respublikos teis\u0117s akt\u0173 neu\u017edraustu b\u016bdu naudotis visa sukaupta informacija apie Lankytoj\u0105. Toliau yra pamin\u0117ti pavyzd\u017eiai, kokiems tikslams UAB Hugas gali naudoti informacij\u0105, surinkt\u0105 apie konkret\u0173 Lankytoj\u0105:<br>5.1.1. tam, kad gal\u0117t\u0173 redaguoti Turin\u012f taip, kaip Lankytojui yra aktualiausia. Kai kuriais atvejais UAB Hugas reikia \u017einoti tikslius duomenis apie Lankytoj\u0105 tam, kad UAB Hugas gal\u0117t\u0173 pasi\u016blyti specializuotas Paslaugas bei tikslin\u0119 reklam\u0105;<br>5.1.2. UAB Hugas kaupia Lankytojo anoniminius duomenis ir dalinasi jais su tre\u010diaisiais asmenimis (pvz. reklamos u\u017esakovais). Tokiems asmenims UAB Hugas atskleid\u017eia informacij\u0105 apie Lankytoj\u0173 kiek\u012f, Lankytoj\u0173, kurie mat\u0117 tam tikr\u0105 reklam\u0105 ir (ar) paspaud\u0117 atitinkam\u0105 nuorod\u0105 tam tikroje Svetain\u0117je, skai\u010di\u0173 ir pan. UAB Hugas taip pat gali pateikti vis\u0105 demografin\u0119 statistik\u0105 t\u0173 Lankytoj\u0173, kurie pasteb\u0117jo ir paspaud\u0117 atitinkamo reklamos u\u017esakovo nuorod\u0105. UAB Hugas taip pat gali atskleisti anoniminius apklaus\u0173 rezultatus. \u0160iame procese paprastai neatskleid\u017eiama jokia Lankytojo asmenin\u0117 informacija;<br>5.1.3. UAB Hugas taip pat naudoja bendrus duomenis statistinei analizei apie bendras charakteristikas ir Lankytoj\u0173 elges\u012f, siekdamas i\u0161siai\u0161kinti poreikius, susijusius su tam tikromis Svetain\u0117s dalimis bei i\u0161analizuoti, kaip ir kur efektyviausiai panaudoti turimus resursus. Be \u0161i\u0173 duomen\u0173 UAB Hugas ne\u017einot\u0173, kurios Svetain\u0117s dalys yra populiariausios ir negal\u0117t\u0173 tinkamai keisti bei redaguoti Turinio ir si\u016blom\u0173 Paslaug\u0173;<br>5.1.4. UAB Hugas gali naudoti Lankytojo asmenin\u0119 informacij\u0105 tam, kad gal\u0117t\u0173 su Lankytoju susisiekti ir prane\u0161ti apie pakeistas bei atnaujintas Paslaugas, taip pat apie Lankytojo s\u0105skaitas ar Taisykli\u0173 pa\u017eeidimus. Jei Lankytojas dalyvauja Svetain\u0117je organizuojamuose \u017eaidimuose ar konkursuose, UAB Hugas gali panaudoti Lankytojo informacij\u0105, jei Lankytojas laim\u0117t\u0173 ir UAB Hugas reik\u0117t\u0173 susisiekti su juo;<br>5.1.5. UAB Hugas gali si\u0173sti elektroninius lai\u0161kus arba lai\u0161kus pa\u0161tu, taip pat trump\u0105sias \u017einutes (SMS) \u012f Lankytojo mobiliojo ry\u0161io telefon\u0105 su informacija apie Paslaugas, kurios, UAB Hugas nuomone, sudomint\u0173 Lankytoj\u0105. Ank\u0161\u010diau pamin\u0117ta informacija yra siun\u010diama tik, jeigu Lankytojas tam dav\u0117 savo sutikim\u0105.<\/p><p><strong>6. Apsaugos priemon\u0117s<\/strong><\/p><p>6.1. UAB Hugas naudoja programin\u0119 \u012frang\u0105 bei kitokias priemones, kuriomis siekiama apsaugoti vis\u0173 Lankytoj\u0173 Duomenis. Prie Lankytojo Duomen\u0173 gali prieiti tik tam \u012fgalioti UAB Hugas darbuotojai ir (arba) kiti UAB Hugas \u012fgalioti asmenys.<br>6.2. UAB Hugas pra\u0161o Lankytojo b\u016bti atsargiu naudojant ir saugant Duomenis, nes Lankytojas yra pats atsakingas u\u017e vis\u0173 Duomen\u0173 slaptum\u0105. Lankytojas tur\u0117t\u0173 atsijungti nuo nar\u0161ykl\u0117s baig\u0119s darb\u0105 tam, kad b\u016bt\u0173 tikras, jog niekas neprieis prie Lankytojo elektroninio pa\u0161to, asmenin\u0117s informacijos, ypa\u010d tais atvejais, kai Lankytojas naudojasi vie\u0161ai prieinamu kompiuteriu (pvz. interneto kavin\u0117je, bibliotekoje). Taip pat UAB Hugas \u012fsp\u0117ja, kad Lankytojas turi b\u016bti atsargus ir netur\u0117t\u0173 atskleisti savo asmenin\u0117s informacijos (tokios, kaip Lankytojo tikras vardas, asmens kodas, elektroninio pa\u0161to adresas, banko s\u0105skaitos kodai ir pan.) tretiesiems asmenims, naudodamasis Svetaine ir (ar) Paslaugomis. Tokia informacija gali b\u016bti panaudota ir nukreipta prie\u0161 Lankytojo interesus, taip pat ir tokioms veikomis kaip suk\u010diavimas, nepageidaujam\u0173 elektronini\u0173 lai\u0161k\u0173 siuntimas ir pan.<br>6.3. UAB Hugas \u012fsipareigoja stengtis apsaugoti Lankytojo asmens duomenis, kuriuos tvarko UAB Hugas, ta\u010diau atsi\u017evelgiant \u012f tai, kad Lankytojo informacija yra siun\u010diama interneto ry\u0161iu, UAB Hugas \u012fsp\u0117ja, kad UAB Hugas negali garantuoti ir negarantuoja jokios Lankytojo perduodamos informacijos, \u012fskaitant ir asmeninius duomenis, saugumo.<br>6.4. UAB Hugas r\u016bpinasi nepilname\u010di\u0173 asmen\u0173 teisi\u0173 apsauga ir riboja j\u0173 galimybes naudotis tam tikromis tik suaugusiems asmenims skirtomis Paslaugomis. Tod\u0117l Svetain\u0117s atskiros dalys gali b\u016bti skirtos tik pilname\u010diams. Nepilname\u010diams Lankytojams grie\u017etai draud\u017eiama u\u017eeiti \u012f tokias Svetain\u0117s dalis. Lankytojas taip pat yra atsakingas ne tik u\u017e savo, bet ir savo nepilname\u010di\u0173 vaik\u0173 ar kit\u0173 globojam\u0173 asmen\u0173 elges\u012f Svetain\u0117je, jei jie Svetaine naudojasi Lankytojo aplinkoje, su jo leidimu arba naudodamiesi Lankytojo aparatine \u012franga.<\/p><p><strong>7. Svetain\u0117je naudojama programin\u0117 \u012franga ir jos \u012fdiegimas.<\/strong><\/p><p>7.1. UAB Hugas gali padaryti prieinam\u0105 \u012fdiegimui savo nuo\u017ei\u016bra pasirinkt\u0105 programin\u0119 \u012frang\u0105, skirt\u0105 naudoti tam tikroms Paslaugoms. Lankytojas supranta ir sutinka su tuo, kad UAB Hugas gali apriboti Lankytojo galimybes naudotis tam tikromis Paslaugomis tais atvejais, kai n\u0117ra \u012fdiegiama tam tikra programin\u0117 \u012franga. Tokia programin\u0117 \u012franga gali b\u016bti sukurta tiek UAB Hugas, tiek ir tre\u010di\u0173j\u0173 asmen\u0173. Programin\u0117 \u012franga gali b\u016bti sukurta tokiu b\u016bdu, kad savaranki\u0161kai kontaktuot\u0173 su UAB Hugas ar tre\u010di\u0173j\u0173 asmen\u0173 aparatine \u012franga tam, kad \u012fdiegta programin\u0117 \u012franga veikt\u0173, o taip pat tam, kad Lankytojas tur\u0117t\u0173 galimyb\u0119 su\u017einoti apie tokios programin\u0117s \u012frangos atnaujinimus bei patobulinimus. Tokios programin\u0117s \u012frangos naudojimo s\u0105lygos yra aptariamos atskira sutartimi, kurios tekstas prieinamas Lankytojui \u012fdiegiant toki\u0105 programin\u0119 \u012frang\u0105.<\/p>","protected":false},"excerpt":{"rendered":"<p>1. Bendrosios nuostatos 1.1. Internetin\u0117 svetain\u0117 www.hugas.lt (toliau \u2013 Svetain\u0117) priklauso ir yra administruojama UAB Hugas (\u012fmon\u0117s kodas: 305048443; PVM kodas: LT100012222113; registracijos adresas: Dain\u0173 50-45, \u0160iauliai).1.2. \u0160ios Privatumo apsaugos taisykl\u0117s \u2013 tai ra\u0161ytinis dokumentas, kuriame \u012ftvirtintos privatumo u\u017etikrinimo nuostatos (toliau \u2013 Privatumo taisykl\u0117s), kurios taikomos vis\u0173 asmen\u0173, besinaudojan\u010di\u0173 Svetaine ir Paslaugomis, at\u017evilgiu. 1.3. Lankytojas [&#8230;]","protected":false},"author":1,"featured_media":0,"parent":0,"menu_order":0,"comment_status":"closed","ping_status":"open","template":"","meta":{"footnotes":""},"_links":{"self":[{"href":"https:\/\/hugas.lt\/en\/wp-json\/wp\/v2\/pages\/3"}],"collection":[{"href":"https:\/\/hugas.lt\/en\/wp-json\/wp\/v2\/pages"}],"about":[{"href":"https:\/\/hugas.lt\/en\/wp-json\/wp\/v2\/types\/page"}],"author":[{"embeddable":true,"href":"https:\/\/hugas.lt\/en\/wp-json\/wp\/v2\/users\/1"}],"replies":[{"embeddable":true,"href":"https:\/\/hugas.lt\/en\/wp-json\/wp\/v2\/comments?post=3"}],"version-history":[{"count":3,"href":"https:\/\/hugas.lt\/en\/wp-json\/wp\/v2\/pages\/3\/revisions"}],"predecessor-version":[{"id":9100,"href":"https:\/\/hugas.lt\/en\/wp-json\/wp\/v2\/pages\/3\/revisions\/9100"}],"wp:attachment":[{"href":"https:\/\/hugas.lt\/en\/wp-json\/wp\/v2\/media?parent=3"}],"curies":[{"name":"wp","href":"https:\/\/api.w.org\/{rel}","templated":true}]}}