{"id":103,"date":"2020-05-26T20:36:38","date_gmt":"2020-05-26T18:36:38","guid":{"rendered":"https:\/\/hugas.lt\/?page_id=103"},"modified":"2023-12-04T13:47:20","modified_gmt":"2023-12-04T11:47:20","slug":"pristatymo-salygos","status":"publish","type":"page","link":"https:\/\/hugas.lt\/en\/pristatymo-salygos\/","title":{"rendered":"Delivery conditions"},"content":{"rendered":"<p class=\"has-large-font-size\">Delivery conditions<\/p><p>\u012eprastas gamini\u0173, kuriuos turime sand\u0117lyje pristatymo laikas yra apie 3\u20135 darbo dienos nuo u\u017esakymo apmok\u0117jimo gavimo(savaitgaliai ir \u0161ventin\u0117s dienos ne\u012fsiskai\u010diuoja \u012f pristatymo termin\u0105). Prek\u0117s pristatomos darbo dienomis nuo 8.00 val. iki 17.00 val. kliento nurodytu adresu. Prek\u0117s ve\u017eamos i\u0161 m\u016bs\u0173 centrinio sand\u0117lio arba tiesiogiai i\u0161 tiek\u0117j\u0173. Prekes pristato transporto bendrov\u0117s.\u00a0<\/p><p>Pristatymo mokestis priklauso nuo bendros u\u017esakymo vert\u0117s.\u00a0<\/p><p>Visos prek\u0117s, u\u017esakytos i\u0161 UAB \u201eHugas\u201c, pristatomos standarti\u0161kai. Tai rei\u0161kia, kad prek\u0117s pristatomos be u\u017ene\u0161imo paslaugos. Jei pageidaujate, kad prek\u0117s b\u016bt\u0173 u\u017ene\u0161tos, galite u\u017esakyti papildom\u0105 u\u017ene\u0161imo paslaug\u0105. U\u017esakius \u0161i\u0105 paslaug\u0105, prek\u0117s pristatomos \u012f konkre\u010di\u0105 viet\u0105. \u0160i\u0105 paslaug\u0105 galite u\u017esakyti ir jos kain\u0105 su\u017einoti paskambin\u0119 bendruoju telefonu arba el. pa\u0161tu. Paletiniai kroviniai pristatomi iki pastato dur\u0173.<\/p>","protected":false},"excerpt":{"rendered":"<p>Pristatymo s\u0105lygos \u012eprastas gamini\u0173, kuriuos turime sand\u0117lyje pristatymo laikas yra apie 3\u20135 darbo dienos nuo u\u017esakymo apmok\u0117jimo gavimo(savaitgaliai ir \u0161ventin\u0117s dienos ne\u012fsiskai\u010diuoja \u012f pristatymo termin\u0105). Prek\u0117s pristatomos darbo dienomis nuo 8.00 val. iki 17.00 val. kliento nurodytu adresu. Prek\u0117s ve\u017eamos i\u0161 m\u016bs\u0173 centrinio sand\u0117lio arba tiesiogiai i\u0161 tiek\u0117j\u0173. Prekes pristato transporto bendrov\u0117s.\u00a0 Pristatymo mokestis priklauso [&#8230;]","protected":false},"author":1,"featured_media":0,"parent":0,"menu_order":0,"comment_status":"closed","ping_status":"closed","template":"","meta":{"footnotes":""},"_links":{"self":[{"href":"https:\/\/hugas.lt\/en\/wp-json\/wp\/v2\/pages\/103"}],"collection":[{"href":"https:\/\/hugas.lt\/en\/wp-json\/wp\/v2\/pages"}],"about":[{"href":"https:\/\/hugas.lt\/en\/wp-json\/wp\/v2\/types\/page"}],"author":[{"embeddable":true,"href":"https:\/\/hugas.lt\/en\/wp-json\/wp\/v2\/users\/1"}],"replies":[{"embeddable":true,"href":"https:\/\/hugas.lt\/en\/wp-json\/wp\/v2\/comments?post=103"}],"version-history":[{"count":5,"href":"https:\/\/hugas.lt\/en\/wp-json\/wp\/v2\/pages\/103\/revisions"}],"predecessor-version":[{"id":11391,"href":"https:\/\/hugas.lt\/en\/wp-json\/wp\/v2\/pages\/103\/revisions\/11391"}],"wp:attachment":[{"href":"https:\/\/hugas.lt\/en\/wp-json\/wp\/v2\/media?parent=103"}],"curies":[{"name":"wp","href":"https:\/\/api.w.org\/{rel}","templated":true}]}}